{"id":1177,"date":"2020-10-13T16:18:54","date_gmt":"2020-10-13T14:18:54","guid":{"rendered":"https:\/\/www.h-universal.com\/ristorante-panoramico\/"},"modified":"2022-11-28T15:07:03","modified_gmt":"2022-11-28T14:07:03","slug":"panorama-restaurant","status":"publish","type":"page","link":"https:\/\/www.h-universal.com\/de\/panorama-restaurant\/","title":{"rendered":"Panorama-Restaurant"},"content":{"rendered":"<h2>Der Speisesaal im ersten Stock unseres Panoramahotels in Bellaria empf\u00e4ngt von morgens an mit kleinen und gro\u00dfen K\u00f6stlichkeiten, die aus unserer K\u00fcche kommen<\/h2>\n<p>Vom <strong>Fr\u00fchst\u00fccksbuffet bis zu den schmackhaften Gerichten<\/strong>, die zum Mittag- und Abendessen zubereitet und am Tisch serviert werden.<\/p>\n<p><strong>Unsere K\u00fcche<\/strong> wird mit frischen und <strong>urspr\u00fcnglichen Zutaten zubereitet<\/strong>, weil wir glauben, dass in der Einfachheit das Geheimnis der Geselligkeit und Freude verborgen ist.<\/p>\n<div id='gallery-1' class='gallery galleryid-1177 gallery-columns-3 gallery-size-full'><figure class='gallery-item'>\n\t\t\t<div class='gallery-icon landscape'>\n\t\t\t\t<a href='https:\/\/www.h-universal.com\/wp-content\/uploads\/2022\/07\/Gallery-Ristorante-12-Hotel-Universal-Bellaria.jpg' data-size=\"1000x700\"><img loading=\"lazy\" decoding=\"async\" width=\"1000\" height=\"700\" src=\"https:\/\/www.h-universal.com\/wp-content\/uploads\/2022\/07\/Gallery-Ristorante-12-Hotel-Universal-Bellaria.jpg\" class=\"attachment-full size-full\" alt=\"\" \/><\/a>\n\t\t\t<\/div><\/figure><figure class='gallery-item'>\n\t\t\t<div class='gallery-icon landscape'>\n\t\t\t\t<a href='https:\/\/www.h-universal.com\/wp-content\/uploads\/2022\/07\/Gallery-Ristorante-17-Hotel-Universal-Bellaria.jpg' data-size=\"1000x700\"><img loading=\"lazy\" decoding=\"async\" width=\"1000\" height=\"700\" src=\"https:\/\/www.h-universal.com\/wp-content\/uploads\/2022\/07\/Gallery-Ristorante-17-Hotel-Universal-Bellaria.jpg\" class=\"attachment-full size-full\" alt=\"\" \/><\/a>\n\t\t\t<\/div><\/figure><figure class='gallery-item'>\n\t\t\t<div class='gallery-icon landscape'>\n\t\t\t\t<a href='https:\/\/www.h-universal.com\/wp-content\/uploads\/2022\/07\/Gallery-Ristorante-15-Hotel-Universal-Bellaria.jpg' data-size=\"1000x700\"><img loading=\"lazy\" decoding=\"async\" width=\"1000\" height=\"700\" src=\"https:\/\/www.h-universal.com\/wp-content\/uploads\/2022\/07\/Gallery-Ristorante-15-Hotel-Universal-Bellaria.jpg\" class=\"attachment-full size-full\" alt=\"\" \/><\/a>\n\t\t\t<\/div><\/figure><figure class='gallery-item'>\n\t\t\t<div class='gallery-icon landscape'>\n\t\t\t\t<a href='https:\/\/www.h-universal.com\/wp-content\/uploads\/2022\/11\/Vini_Bianchi_Hotel_Universal_Bellaria.jpg' data-size=\"1000x700\"><img loading=\"lazy\" decoding=\"async\" width=\"1000\" height=\"700\" src=\"https:\/\/www.h-universal.com\/wp-content\/uploads\/2022\/11\/Vini_Bianchi_Hotel_Universal_Bellaria.jpg\" class=\"attachment-full size-full\" alt=\"\" \/><\/a>\n\t\t\t<\/div><\/figure><figure class='gallery-item'>\n\t\t\t<div class='gallery-icon landscape'>\n\t\t\t\t<a href='https:\/\/www.h-universal.com\/wp-content\/uploads\/2022\/07\/Gallery-Ristorante-19-Hotel-Universal-Bellaria.jpg' data-size=\"1000x700\"><img loading=\"lazy\" decoding=\"async\" width=\"1000\" height=\"700\" src=\"https:\/\/www.h-universal.com\/wp-content\/uploads\/2022\/07\/Gallery-Ristorante-19-Hotel-Universal-Bellaria.jpg\" class=\"attachment-full size-full\" alt=\"\" \/><\/a>\n\t\t\t<\/div><\/figure><figure class='gallery-item'>\n\t\t\t<div class='gallery-icon landscape'>\n\t\t\t\t<a href='https:\/\/www.h-universal.com\/wp-content\/uploads\/2022\/11\/Cappelletti_Hotel_Universal_Bellaria.jpg' data-size=\"1000x700\"><img loading=\"lazy\" decoding=\"async\" width=\"1000\" height=\"700\" src=\"https:\/\/www.h-universal.com\/wp-content\/uploads\/2022\/11\/Cappelletti_Hotel_Universal_Bellaria.jpg\" class=\"attachment-full size-full\" alt=\"\" \/><\/a>\n\t\t\t<\/div><\/figure><figure class='gallery-item'>\n\t\t\t<div class='gallery-icon landscape'>\n\t\t\t\t<a href='https:\/\/www.h-universal.com\/wp-content\/uploads\/2022\/07\/Gallery-Ristorante-13-Hotel-Universal-Bellaria.jpg' data-size=\"1000x700\"><img loading=\"lazy\" decoding=\"async\" width=\"1000\" height=\"700\" src=\"https:\/\/www.h-universal.com\/wp-content\/uploads\/2022\/07\/Gallery-Ristorante-13-Hotel-Universal-Bellaria.jpg\" class=\"attachment-full size-full\" alt=\"\" \/><\/a>\n\t\t\t<\/div><\/figure><figure class='gallery-item'>\n\t\t\t<div class='gallery-icon landscape'>\n\t\t\t\t<a href='https:\/\/www.h-universal.com\/wp-content\/uploads\/2022\/07\/Gallery-Ristorante-21-Hotel-Universal-Bellaria.jpg' data-size=\"1000x700\"><img loading=\"lazy\" decoding=\"async\" width=\"1000\" height=\"700\" src=\"https:\/\/www.h-universal.com\/wp-content\/uploads\/2022\/07\/Gallery-Ristorante-21-Hotel-Universal-Bellaria.jpg\" class=\"attachment-full size-full\" alt=\"\" \/><\/a>\n\t\t\t<\/div><\/figure><figure class='gallery-item'>\n\t\t\t<div class='gallery-icon landscape'>\n\t\t\t\t<a href='https:\/\/www.h-universal.com\/wp-content\/uploads\/2022\/11\/Vini_Rossi_Hotel_Universal_Bellaria.jpg' data-size=\"1000x700\"><img loading=\"lazy\" decoding=\"async\" width=\"1000\" height=\"700\" src=\"https:\/\/www.h-universal.com\/wp-content\/uploads\/2022\/11\/Vini_Rossi_Hotel_Universal_Bellaria.jpg\" class=\"attachment-full size-full\" alt=\"\" \/><\/a>\n\t\t\t<\/div><\/figure><figure class='gallery-item'>\n\t\t\t<div class='gallery-icon landscape'>\n\t\t\t\t<a href='https:\/\/www.h-universal.com\/wp-content\/uploads\/2022\/07\/Gallery-Ristorante-14-Hotel-Universal-Bellaria.jpg' data-size=\"1000x700\"><img loading=\"lazy\" decoding=\"async\" width=\"1000\" height=\"700\" src=\"https:\/\/www.h-universal.com\/wp-content\/uploads\/2022\/07\/Gallery-Ristorante-14-Hotel-Universal-Bellaria.jpg\" class=\"attachment-full size-full\" alt=\"\" \/><\/a>\n\t\t\t<\/div><\/figure><figure class='gallery-item'>\n\t\t\t<div class='gallery-icon landscape'>\n\t\t\t\t<a href='https:\/\/www.h-universal.com\/wp-content\/uploads\/2022\/07\/Gallery-Ristorante-20-Hotel-Universal-Bellaria.jpg' data-size=\"1000x700\"><img loading=\"lazy\" decoding=\"async\" width=\"1000\" height=\"700\" src=\"https:\/\/www.h-universal.com\/wp-content\/uploads\/2022\/07\/Gallery-Ristorante-20-Hotel-Universal-Bellaria.jpg\" class=\"attachment-full size-full\" alt=\"\" \/><\/a>\n\t\t\t<\/div><\/figure><figure class='gallery-item'>\n\t\t\t<div class='gallery-icon landscape'>\n\t\t\t\t<a href='https:\/\/www.h-universal.com\/wp-content\/uploads\/2022\/07\/Gallery-Ristorante-16-Hotel-Universal-Bellaria.jpg' data-size=\"1000x700\"><img loading=\"lazy\" decoding=\"async\" width=\"1000\" height=\"700\" src=\"https:\/\/www.h-universal.com\/wp-content\/uploads\/2022\/07\/Gallery-Ristorante-16-Hotel-Universal-Bellaria.jpg\" class=\"attachment-full size-full\" alt=\"\" \/><\/a>\n\t\t\t<\/div><\/figure><figure class='gallery-item'>\n\t\t\t<div class='gallery-icon landscape'>\n\t\t\t\t<a href='https:\/\/www.h-universal.com\/wp-content\/uploads\/2022\/07\/Gallery-Ristorante-18-Hotel-Universal-Bellaria.jpg' data-size=\"1000x700\"><img loading=\"lazy\" decoding=\"async\" width=\"1000\" height=\"700\" src=\"https:\/\/www.h-universal.com\/wp-content\/uploads\/2022\/07\/Gallery-Ristorante-18-Hotel-Universal-Bellaria.jpg\" class=\"attachment-full size-full\" alt=\"\" \/><\/a>\n\t\t\t<\/div><\/figure>\n\t\t<\/div>\n\n","protected":false},"excerpt":{"rendered":"<p>Der Speisesaal im ersten Stock unseres Panoramahotels in Bellaria empf\u00e4ngt von morgens an mit kleinen und gro\u00dfen K\u00f6stlichkeiten, die aus unserer K\u00fcche kommen Vom Fr\u00fchst\u00fccksbuffet bis zu den schmackhaften Gerichten, die zum Mittag- und Abendessen zubereitet und am Tisch serviert werden. Unsere K\u00fcche wird mit frischen und urspr\u00fcnglichen Zutaten zubereitet, weil wir glauben, dass in der Einfachheit das Geheimnis der Geselligkeit und Freude verborgen ist.<\/p>\n","protected":false},"author":1,"featured_media":0,"parent":0,"menu_order":4,"comment_status":"closed","ping_status":"closed","template":"","meta":{"_acf_changed":false},"class_list":["post-1177","page","type-page","status-publish","hentry"],"acf":[],"_links":{"self":[{"href":"https:\/\/www.h-universal.com\/de\/wp-json\/wp\/v2\/pages\/1177","targetHints":{"allow":["GET"]}}],"collection":[{"href":"https:\/\/www.h-universal.com\/de\/wp-json\/wp\/v2\/pages"}],"about":[{"href":"https:\/\/www.h-universal.com\/de\/wp-json\/wp\/v2\/types\/page"}],"author":[{"embeddable":true,"href":"https:\/\/www.h-universal.com\/de\/wp-json\/wp\/v2\/users\/1"}],"replies":[{"embeddable":true,"href":"https:\/\/www.h-universal.com\/de\/wp-json\/wp\/v2\/comments?post=1177"}],"version-history":[{"count":0,"href":"https:\/\/www.h-universal.com\/de\/wp-json\/wp\/v2\/pages\/1177\/revisions"}],"wp:attachment":[{"href":"https:\/\/www.h-universal.com\/de\/wp-json\/wp\/v2\/media?parent=1177"}],"curies":[{"name":"wp","href":"https:\/\/api.w.org\/{rel}","templated":true}]}}