{"id":1197,"date":"2020-10-13T16:19:38","date_gmt":"2020-10-13T14:19:38","guid":{"rendered":"https:\/\/www.h-universal.com\/la-nostra-spiaggia\/"},"modified":"2022-11-28T14:11:58","modified_gmt":"2022-11-28T13:11:58","slug":"strand","status":"publish","type":"page","link":"https:\/\/www.h-universal.com\/de\/strand\/","title":{"rendered":"Ihr Strand vor dem Hotel"},"content":{"rendered":"<h2>Ihr Strand vor dem Hotel<br \/>\nVon uns verwaltet, um mit der Aufmerksamkeit, die Sie lieben, in der Familie zu bleiben<\/h2>\n<p>Sie werden ihn an den leuchtend orangefarbenen Liegen erkennen, energiegeladen und vitaminreich, genau so, wie Sie sich nach einem sch\u00f6nen Tag in der Sonne f\u00fchlen.<br \/>\nDer <strong>Strand San Marco 11, der ebenfalls von der Familie Gradara-Dellamotta<\/strong> verwaltet wird, ist der Strand, der allen G\u00e4sten des Hotels Universal zur Verf\u00fcgung steht.<\/p>\n<p>Hier ist Massi bereit, Sie zu begr\u00fc\u00dfen und zu Ihrer Liege zu begleiten und Ihnen die Informationen zu geben, die Sie brauchen, um Ihren Tag am Strand voll zu genie\u00dfen.<\/p>\n<h3><span style=\"font-weight: 400;\"><strong>Strandt\u00fccher\u00a0<\/strong><br \/>\n<\/span><\/h3>\n<p><span style=\"font-weight: 400;\">Reisen Sie mit leichtem Gep\u00e4ck, mit der <em>Club-Formel<\/em> stellen wir Ihnen ein Strandtuch zur Verf\u00fcgung! Wir liefern 1 Strandtuch pro Person (einschlie\u00dflich Kinder) gegen eine Kaution von 10 \u20ac pro Handtuch, die Kaution wird am Ende des Aufenthalts bei R\u00fcckgabe derselben zur\u00fcckerstattet.<\/span><\/p>\n<p><span style=\"font-weight: 400;\">Das Handtuch wird alle 2 Tage gewechselt.<\/span><\/p>\n<p>Wir haben es immer schon geliebt, <strong>den Strand San Marco ordentlich und sauber zu halten<\/strong>, als w\u00e4re es unser eigenes Zuhause, und wir tun alles, um Sie mit der ganzen<strong> Aufmerksamkeit zu empfangen, die Sie verdienen<\/strong>. Sie finden hier Spiele und Aktivit\u00e4ten f\u00fcr Erwachsene und Kinder wie Tischtennis, Tischfu\u00dfball, Boccia, einen bunten Spielbereich f\u00fcr Kinder und ein <strong>Animationsteam<\/strong>, das immer bereit ist, Sie mit Turnieren, motorischen Aktivit\u00e4ten und kreativen Workshops zu unterhalten, <strong>und das unter Einhaltung aller neuen Sicherheitsvorschriften<\/strong>.<\/p>\n<p>Der Sommerkalender hier ist gef\u00fcllt mit L\u00e4cheln und lustigen Veranstaltungen, Musikabenden zum Genie\u00dfen, Abendessen unter den Sternen und vielen M\u00f6glichkeiten, sich direkt mit den F\u00fc\u00dfen im Sand wohlzuf\u00fchlen.<\/p>\n<p><strong>Nehmen Sie Fido mit an den Strand!<\/strong> Der Strand von San Marco 11<strong> ist ausgestattet, um Ihren vierbeinigen Freund willkommen zu hei\u00dfen:<\/strong> Hier finden Sie spezielle <strong>Sonnenschirme, einen Trinknapf und eine bequeme Liegesowie <\/strong>einen Eimer, eine Schaufel und eine Gie\u00dfkanne, um den Bereich sauber zu halten.<\/p>\n<div id='gallery-1' class='gallery galleryid-1197 gallery-columns-3 gallery-size-medium'><figure class='gallery-item'>\n\t\t\t<div class='gallery-icon landscape'>\n\t\t\t\t<a href='https:\/\/www.h-universal.com\/wp-content\/uploads\/2020\/12\/Gallery-Spiaggia-15-Hotel-Universal-Bellaria.jpg' data-size=\"1000x700\"><img loading=\"lazy\" decoding=\"async\" width=\"640\" height=\"420\" src=\"https:\/\/www.h-universal.com\/wp-content\/uploads\/2020\/12\/Gallery-Spiaggia-15-Hotel-Universal-Bellaria-640x420.jpg\" class=\"attachment-medium size-medium\" alt=\"\" \/><\/a>\n\t\t\t<\/div><\/figure><figure class='gallery-item'>\n\t\t\t<div class='gallery-icon landscape'>\n\t\t\t\t<a href='https:\/\/www.h-universal.com\/wp-content\/uploads\/2020\/12\/Bagno-11-san-marco-bellaria.jpg' data-size=\"1000x700\"><img loading=\"lazy\" decoding=\"async\" width=\"640\" height=\"420\" src=\"https:\/\/www.h-universal.com\/wp-content\/uploads\/2020\/12\/Bagno-11-san-marco-bellaria-640x420.jpg\" class=\"attachment-medium size-medium\" alt=\"\" \/><\/a>\n\t\t\t<\/div><\/figure><figure class='gallery-item'>\n\t\t\t<div class='gallery-icon landscape'>\n\t\t\t\t<a href='https:\/\/www.h-universal.com\/wp-content\/uploads\/2020\/12\/Gallery-Spiaggia-06-Hotel-Universal-Bellaria.jpg' data-size=\"1000x700\"><img loading=\"lazy\" decoding=\"async\" width=\"640\" height=\"420\" src=\"https:\/\/www.h-universal.com\/wp-content\/uploads\/2020\/12\/Gallery-Spiaggia-06-Hotel-Universal-Bellaria-640x420.jpg\" class=\"attachment-medium size-medium\" alt=\"\" \/><\/a>\n\t\t\t<\/div><\/figure><figure class='gallery-item'>\n\t\t\t<div class='gallery-icon landscape'>\n\t\t\t\t<a href='https:\/\/www.h-universal.com\/wp-content\/uploads\/2020\/12\/Gallery-Esterno-02-Hotel-Universal-Bellaria.jpg' data-size=\"1000x700\"><img loading=\"lazy\" decoding=\"async\" width=\"640\" height=\"420\" src=\"https:\/\/www.h-universal.com\/wp-content\/uploads\/2020\/12\/Gallery-Esterno-02-Hotel-Universal-Bellaria-640x420.jpg\" class=\"attachment-medium size-medium\" alt=\"\" \/><\/a>\n\t\t\t<\/div><\/figure><figure class='gallery-item'>\n\t\t\t<div class='gallery-icon landscape'>\n\t\t\t\t<a href='https:\/\/www.h-universal.com\/wp-content\/uploads\/2022\/06\/Spiaggia-San-Marco-Bellaria-Pet-Friendly.jpg' data-size=\"1200x800\"><img loading=\"lazy\" decoding=\"async\" width=\"640\" height=\"420\" src=\"https:\/\/www.h-universal.com\/wp-content\/uploads\/2022\/06\/Spiaggia-San-Marco-Bellaria-Pet-Friendly-640x420.jpg\" class=\"attachment-medium size-medium\" alt=\"\" srcset=\"https:\/\/www.h-universal.com\/wp-content\/uploads\/2022\/06\/Spiaggia-San-Marco-Bellaria-Pet-Friendly-640x420.jpg 640w, https:\/\/www.h-universal.com\/wp-content\/uploads\/2022\/06\/Spiaggia-San-Marco-Bellaria-Pet-Friendly-1200x790.jpg 1200w\" sizes=\"auto, (max-width: 640px) 100vw, 640px\" \/><\/a>\n\t\t\t<\/div><\/figure><figure class='gallery-item'>\n\t\t\t<div class='gallery-icon landscape'>\n\t\t\t\t<a href='https:\/\/www.h-universal.com\/wp-content\/uploads\/2020\/11\/Gallery-Spiaggia-03-Hotel-Universal-Bellaria.jpg' data-size=\"1000x700\"><img loading=\"lazy\" decoding=\"async\" width=\"640\" height=\"420\" src=\"https:\/\/www.h-universal.com\/wp-content\/uploads\/2020\/11\/Gallery-Spiaggia-03-Hotel-Universal-Bellaria-640x420.jpg\" class=\"attachment-medium size-medium\" alt=\"\" \/><\/a>\n\t\t\t<\/div><\/figure><figure class='gallery-item'>\n\t\t\t<div class='gallery-icon landscape'>\n\t\t\t\t<a href='https:\/\/www.h-universal.com\/wp-content\/uploads\/2020\/11\/Gallery-Spiaggia-01-Hotel-Universal-Bellaria.jpg' data-size=\"1000x700\"><img loading=\"lazy\" decoding=\"async\" width=\"640\" height=\"420\" src=\"https:\/\/www.h-universal.com\/wp-content\/uploads\/2020\/11\/Gallery-Spiaggia-01-Hotel-Universal-Bellaria-640x420.jpg\" class=\"attachment-medium size-medium\" alt=\"\" \/><\/a>\n\t\t\t<\/div><\/figure><figure class='gallery-item'>\n\t\t\t<div class='gallery-icon landscape'>\n\t\t\t\t<a href='https:\/\/www.h-universal.com\/wp-content\/uploads\/2020\/11\/Gallery-Spiaggia-04-Hotel-Universal-Bellaria.jpg' data-size=\"1000x700\"><img loading=\"lazy\" decoding=\"async\" width=\"640\" height=\"420\" src=\"https:\/\/www.h-universal.com\/wp-content\/uploads\/2020\/11\/Gallery-Spiaggia-04-Hotel-Universal-Bellaria-640x420.jpg\" class=\"attachment-medium size-medium\" alt=\"\" \/><\/a>\n\t\t\t<\/div><\/figure><figure class='gallery-item'>\n\t\t\t<div class='gallery-icon landscape'>\n\t\t\t\t<a href='https:\/\/www.h-universal.com\/wp-content\/uploads\/2020\/12\/Bagno-11-san-marco-bellaria-animazione-bambini.jpg' data-size=\"1000x700\"><img loading=\"lazy\" decoding=\"async\" width=\"640\" height=\"420\" src=\"https:\/\/www.h-universal.com\/wp-content\/uploads\/2020\/12\/Bagno-11-san-marco-bellaria-animazione-bambini-640x420.jpg\" class=\"attachment-medium size-medium\" alt=\"\" \/><\/a>\n\t\t\t<\/div><\/figure><figure class='gallery-item'>\n\t\t\t<div class='gallery-icon landscape'>\n\t\t\t\t<a href='https:\/\/www.h-universal.com\/wp-content\/uploads\/2020\/12\/Gallery-Spiaggia-14-Hotel-Universal-Bellaria.jpg' data-size=\"1000x700\"><img loading=\"lazy\" decoding=\"async\" width=\"640\" height=\"420\" src=\"https:\/\/www.h-universal.com\/wp-content\/uploads\/2020\/12\/Gallery-Spiaggia-14-Hotel-Universal-Bellaria-640x420.jpg\" class=\"attachment-medium size-medium\" alt=\"\" \/><\/a>\n\t\t\t<\/div><\/figure><figure class='gallery-item'>\n\t\t\t<div class='gallery-icon landscape'>\n\t\t\t\t<a href='https:\/\/www.h-universal.com\/wp-content\/uploads\/2020\/12\/Gallery-Spiaggia-05-Hotel-Universal-Bellaria.jpg' data-size=\"1000x700\"><img loading=\"lazy\" decoding=\"async\" width=\"640\" height=\"420\" src=\"https:\/\/www.h-universal.com\/wp-content\/uploads\/2020\/12\/Gallery-Spiaggia-05-Hotel-Universal-Bellaria-640x420.jpg\" class=\"attachment-medium size-medium\" alt=\"\" \/><\/a>\n\t\t\t<\/div><\/figure><figure class='gallery-item'>\n\t\t\t<div class='gallery-icon landscape'>\n\t\t\t\t<a href='https:\/\/www.h-universal.com\/wp-content\/uploads\/2020\/12\/Bagno-11-san-marco-bellaria-animazione-bimbi.jpg' data-size=\"1000x700\"><img loading=\"lazy\" decoding=\"async\" width=\"640\" height=\"420\" src=\"https:\/\/www.h-universal.com\/wp-content\/uploads\/2020\/12\/Bagno-11-san-marco-bellaria-animazione-bimbi-640x420.jpg\" class=\"attachment-medium size-medium\" alt=\"\" \/><\/a>\n\t\t\t<\/div><\/figure><figure class='gallery-item'>\n\t\t\t<div class='gallery-icon landscape'>\n\t\t\t\t<a href='https:\/\/www.h-universal.com\/wp-content\/uploads\/2020\/12\/Gallery-Spiaggia-10-Hotel-Universal-Bellaria.jpg' data-size=\"1000x700\"><img loading=\"lazy\" decoding=\"async\" width=\"640\" height=\"420\" src=\"https:\/\/www.h-universal.com\/wp-content\/uploads\/2020\/12\/Gallery-Spiaggia-10-Hotel-Universal-Bellaria-640x420.jpg\" class=\"attachment-medium size-medium\" alt=\"\" \/><\/a>\n\t\t\t<\/div><\/figure><figure class='gallery-item'>\n\t\t\t<div class='gallery-icon landscape'>\n\t\t\t\t<a href='https:\/\/www.h-universal.com\/wp-content\/uploads\/2020\/12\/Gallery-Spiaggia-11-Hotel-Universal-Bellaria.jpg' data-size=\"1000x700\"><img loading=\"lazy\" decoding=\"async\" width=\"640\" height=\"420\" src=\"https:\/\/www.h-universal.com\/wp-content\/uploads\/2020\/12\/Gallery-Spiaggia-11-Hotel-Universal-Bellaria-640x420.jpg\" class=\"attachment-medium size-medium\" alt=\"\" \/><\/a>\n\t\t\t<\/div><\/figure><figure class='gallery-item'>\n\t\t\t<div class='gallery-icon landscape'>\n\t\t\t\t<a href='https:\/\/www.h-universal.com\/wp-content\/uploads\/2020\/12\/Gallery-Spiaggia-12-Hotel-Universal-Bellaria.jpg' data-size=\"1000x700\"><img loading=\"lazy\" decoding=\"async\" width=\"640\" height=\"420\" src=\"https:\/\/www.h-universal.com\/wp-content\/uploads\/2020\/12\/Gallery-Spiaggia-12-Hotel-Universal-Bellaria-640x420.jpg\" class=\"attachment-medium size-medium\" alt=\"\" \/><\/a>\n\t\t\t<\/div><\/figure><figure class='gallery-item'>\n\t\t\t<div class='gallery-icon landscape'>\n\t\t\t\t<a href='https:\/\/www.h-universal.com\/wp-content\/uploads\/2020\/12\/Gallery-Spiaggia-13-Hotel-Universal-Bellaria.jpg' data-size=\"1000x700\"><img loading=\"lazy\" decoding=\"async\" width=\"640\" height=\"420\" src=\"https:\/\/www.h-universal.com\/wp-content\/uploads\/2020\/12\/Gallery-Spiaggia-13-Hotel-Universal-Bellaria-640x420.jpg\" class=\"attachment-medium size-medium\" alt=\"\" \/><\/a>\n\t\t\t<\/div><\/figure><figure class='gallery-item'>\n\t\t\t<div class='gallery-icon landscape'>\n\t\t\t\t<a href='https:\/\/www.h-universal.com\/wp-content\/uploads\/2020\/12\/animazione-bagno11-san-marco-bellaria.jpg' data-size=\"1000x700\"><img loading=\"lazy\" decoding=\"async\" width=\"640\" height=\"420\" src=\"https:\/\/www.h-universal.com\/wp-content\/uploads\/2020\/12\/animazione-bagno11-san-marco-bellaria-640x420.jpg\" class=\"attachment-medium size-medium\" alt=\"\" \/><\/a>\n\t\t\t<\/div><\/figure>\n\t\t<\/div>\n\n","protected":false},"excerpt":{"rendered":"<p>Ihr Strand vor dem Hotel Von uns verwaltet, um mit der Aufmerksamkeit, die Sie lieben, in der Familie zu bleiben Sie werden ihn an den leuchtend orangefarbenen Liegen erkennen, energiegeladen und vitaminreich, genau so, wie Sie sich nach einem sch\u00f6nen Tag in der Sonne f\u00fchlen. Der Strand San Marco 11, der ebenfalls von der Familie Gradara-Dellamotta verwaltet wird, ist der Strand, der allen G\u00e4sten des Hotels Universal zur Verf\u00fcgung steht. &#8230;<\/p>\n","protected":false},"author":1,"featured_media":0,"parent":0,"menu_order":6,"comment_status":"closed","ping_status":"closed","template":"","meta":{"_acf_changed":false},"class_list":["post-1197","page","type-page","status-publish","hentry"],"acf":[],"_links":{"self":[{"href":"https:\/\/www.h-universal.com\/de\/wp-json\/wp\/v2\/pages\/1197","targetHints":{"allow":["GET"]}}],"collection":[{"href":"https:\/\/www.h-universal.com\/de\/wp-json\/wp\/v2\/pages"}],"about":[{"href":"https:\/\/www.h-universal.com\/de\/wp-json\/wp\/v2\/types\/page"}],"author":[{"embeddable":true,"href":"https:\/\/www.h-universal.com\/de\/wp-json\/wp\/v2\/users\/1"}],"replies":[{"embeddable":true,"href":"https:\/\/www.h-universal.com\/de\/wp-json\/wp\/v2\/comments?post=1197"}],"version-history":[{"count":0,"href":"https:\/\/www.h-universal.com\/de\/wp-json\/wp\/v2\/pages\/1197\/revisions"}],"wp:attachment":[{"href":"https:\/\/www.h-universal.com\/de\/wp-json\/wp\/v2\/media?parent=1197"}],"curies":[{"name":"wp","href":"https:\/\/api.w.org\/{rel}","templated":true}]}}