{"id":1207,"date":"2020-12-01T18:08:18","date_gmt":"2020-12-01T17:08:18","guid":{"rendered":"https:\/\/www.h-universal.com\/dove-siamo\/"},"modified":"2021-02-05T10:25:17","modified_gmt":"2021-02-05T09:25:17","slug":"wo-sind-wir","status":"publish","type":"page","link":"https:\/\/www.h-universal.com\/de\/wo-sind-wir\/","title":{"rendered":"Wo sind wir? Direkt am Meer, gegen\u00fcber dem Strand von Bellaria Igea Marina!"},"content":{"rendered":"<h2>Einen Schritt von allem entfernt: mit dem t\u00fcrkisfarbenen Meer vor der T\u00fcr, wenige Minuten vom Zentrum von Bellaria<\/h2>\n<p>Das Universal Hotel in Bellaria <strong>mit Blick auf das Meer ist perfekt<\/strong>, um alle Sch\u00f6nheiten einer g\u00fcnstigen Lage zu genie\u00dfen: <strong>jeden Tag wachen Sie mit Blick auf das Meer auf<\/strong>, und Sie sind nur 800 Meter von der Sommer-Fu\u00dfg\u00e4ngerzone entfernt. In der N\u00e4he des Hotels an der Strandpromenade von Bellaria gibt es Apotheken, Souvenirl\u00e4den und den gr\u00fcnen Pironi-Park mit Spielplatz. In 10 Minuten ruhigen Spaziergangs erreichen Sie Casa Rossa von Alfredo Panzini, das Haus-Museum mit Kulturpark der Stadt.<\/p>\n<p><strong>Jeden Mittwoch findet in Bellaria Centro auch der traditionelle Stadtmarktstatt<\/strong>. Es ist nur 1 km entfernt und Sie k\u00f6nnen es bequem zu Fu\u00df erreichen, in nur 10 Minuten. <strong>Jeden Sonntag<\/strong> findet in <strong>Bellaria Cagnona<\/strong> ein <strong>Sommermarkt<\/strong> statt, der nur 300 Meter vom Hotel entfernt ist.<br \/>\nWer gerne stilvoll <strong>shoppen<\/strong> geht, erreicht in nur 5 Minuten mit dem Auto das <strong>Romagna Shopping Valley<\/strong>: 84 Gesch\u00e4fte mit gro\u00dfen und kleinen Marken, die alle Bereiche des Einkaufens abdecken.<\/p>\n<p>Wenn <strong>Sie umweltbewusst<\/strong> reisen und wissen m\u00f6chten, wie Sie Bellaria mit dem Zug erreichen k\u00f6nnen: der <strong>Bahnhof Bellaria liegt vom Hotel Universal nur 1 km entfernt<\/strong>. Vom Bahnhof Rimini aus erreichen Sie das Hotel mit dem Taxi (ca. \u20ac 30 f\u00fcr bis zu 4 Personen) oder mit dem Bus Nr. 4 und einem kurzen Fu\u00dfweg von 100 Metern.<\/p>\n<p>Das Universal Hotel in der N\u00e4he des <strong>Flughafens Rimini<\/strong> ist auch f\u00fcr Flugreisende g\u00fcnstig gelegen: Vom Flughafen Rimini Federico Fellini k\u00f6nnen <strong>Sie das Hotel auf verschiedene Art erreichen<\/strong>:<\/p>\n<ul>\n<li><strong>mit dem Shuttle-Bus Nr. 9 und dann Nr. 4<\/strong> (umsteigen am Bahnhof Rimini) Die Bushaltestelle ist nur 100 Meter vom Hotel entfernt<\/li>\n<li><strong>mit dem Taxi<\/strong>. Der Service hat in der Regel einen &#8222;erm\u00e4\u00dfigten&#8220; Preis von \u20ac 45 f\u00fcr bis zu 4 Personen<\/li>\n<\/ul>\n<p>Wie erreicht man Bellaria Igea Marina vom <strong>Flughafen Bologna<\/strong> aus? Wir geben Ihnen eine einfache Wegbeschreibung: vom Flughafen Bologna aus k\u00f6nnen <strong>Sie Bellaria und das Hotel Universal leicht erreichen<\/strong>:<\/p>\n<ul>\n<li><strong>mit einem Mietauto<\/strong>. Die Strecke betr\u00e4gt 113 Kilometer, und bei normalem Verkehr sind Sie in etwa 1 Stunde und 15 Minuten hier!<\/li>\n<li><strong>mit einem Shuttle-Service<\/strong>. Die Fahrt beinhaltet einen Wechsel in Rimini. Die Verbindung dauert etwa 2 Stunden und Sie k\u00f6nnen Ihr Ticket unter folgendem Link kaufen: https:\/\/www.shuttleitalyairport.it\/<\/li>\n<li><strong>mit dem Taxi<\/strong>. Der Service hat in der Regel einen &#8222;erm\u00e4\u00dfigten&#8220; Preis von 150 \u20ac f\u00fcr bis zu 4 Personen.<\/li>\n<\/ul>\n<p><strong>Um von den Sonderpreisen f\u00fcr den Taxiservice zu profitieren, k\u00f6nnen Sie uns direkt kontaktieren und wir k\u00fcmmern uns um die Buchung Ihres Transfers.<\/strong><\/p>\n","protected":false},"excerpt":{"rendered":"<p>Einen Schritt von allem entfernt: mit dem t\u00fcrkisfarbenen Meer vor der T\u00fcr, wenige Minuten vom Zentrum von Bellaria Das Universal Hotel in Bellaria mit Blick auf das Meer ist perfekt, um alle Sch\u00f6nheiten einer g\u00fcnstigen Lage zu genie\u00dfen: jeden Tag wachen Sie mit Blick auf das Meer auf, und Sie sind nur 800 Meter von der Sommer-Fu\u00dfg\u00e4ngerzone entfernt. In der N\u00e4he des Hotels an der Strandpromenade von Bellaria gibt es &#8230;<\/p>\n","protected":false},"author":1,"featured_media":0,"parent":0,"menu_order":5,"comment_status":"closed","ping_status":"closed","template":"","meta":{"_acf_changed":false},"class_list":["post-1207","page","type-page","status-publish","hentry"],"acf":[],"_links":{"self":[{"href":"https:\/\/www.h-universal.com\/de\/wp-json\/wp\/v2\/pages\/1207","targetHints":{"allow":["GET"]}}],"collection":[{"href":"https:\/\/www.h-universal.com\/de\/wp-json\/wp\/v2\/pages"}],"about":[{"href":"https:\/\/www.h-universal.com\/de\/wp-json\/wp\/v2\/types\/page"}],"author":[{"embeddable":true,"href":"https:\/\/www.h-universal.com\/de\/wp-json\/wp\/v2\/users\/1"}],"replies":[{"embeddable":true,"href":"https:\/\/www.h-universal.com\/de\/wp-json\/wp\/v2\/comments?post=1207"}],"version-history":[{"count":0,"href":"https:\/\/www.h-universal.com\/de\/wp-json\/wp\/v2\/pages\/1207\/revisions"}],"wp:attachment":[{"href":"https:\/\/www.h-universal.com\/de\/wp-json\/wp\/v2\/media?parent=1207"}],"curies":[{"name":"wp","href":"https:\/\/api.w.org\/{rel}","templated":true}]}}