{"id":1214,"date":"2020-10-13T16:31:53","date_gmt":"2020-10-13T14:31:53","guid":{"rendered":"https:\/\/www.h-universal.com\/staff\/"},"modified":"2021-02-05T10:28:09","modified_gmt":"2021-02-05T09:28:09","slug":"staff","status":"publish","type":"page","link":"https:\/\/www.h-universal.com\/de\/staff\/","title":{"rendered":"Seit 1968 Gastfreundschaft mit einem L\u00e4cheln"},"content":{"rendered":"<h2>50 Jahre Erfahrung der Familie Gradara: eine Garantie f\u00fcr Aufmerksamkeit und Verf\u00fcgbarkeit, der wahre Mehrwert eines Urlaubs in Bellaria<\/h2>\n<p>Ich war erst 7 Jahre alt, als meine Eltern, Pina und Adamo, <strong>beschlossen, ein St\u00fcck Land direkt am Meer zu kaufen, um ein Hotel zu bauen<\/strong>. Solange ich mich erinnern kann, waren die Ferien f\u00fcr mich 4 Monate lang. Ich war immer von neuen Leuten umgeben, und jede Woche spielte ich mit anderen Freunden, von denen viele Deutsche oder Franzosen waren, aber bekannterma\u00dfen ist die Sprache des Spiels universell, und um sich zu verstehen, reichte ein L\u00e4cheln.<\/p>\n<p><strong>Es war 1968, als das Hotel Universal*** f\u00fcr seine erste Sommersaison er\u00f6ffnete<\/strong>. Ich erinnere mich, dass nur die ersten 3 Etagen fertig waren, w\u00e4hrend die restlichen 3 noch im Bau waren. Mama und Papa waren bereits seit einiger Zeit Hoteliers und f\u00fchrten mit Liebe und Leidenschaft das Hotel Gradara, ebenfalls am Meer und ganz in der N\u00e4he. Ich wei\u00df noch, wie stolz ich war, dass ein Hotel unseren Familiennamen trug&#8230;<\/p>\n<p>Als es an der Zeit war, sich \u00fcber den Namen des sp\u00e4teren Hotels Universal*** Gedanken zu machen, in einer Zeit ohne Internet und Imageberater, versammelten wir uns alle um einen Tisch und bl\u00e4tterten in den gelben Seiten der damaligen Zeit, um uns ein Bild von den Namen zu machen, die bereits im Ort verwendet wurden und die wir nat\u00fcrlich nicht wiederholen konnten. Der Name <strong>&#8222;Universal&#8220; <\/strong>kam meiner Mutter in den Sinn. F\u00fcr sie und f\u00fcr unsere Familie sollte das <strong>Hotel ein Ort sein, an dem Menschen unterschiedlicher Herkunft und Nationalit\u00e4t zusammenkommen k\u00f6nnen<\/strong>. Die Jahre sind vergangen, und mit mir ist unsere Familie und unsere <strong>unglaubliche Leidenschaft gewachsen<\/strong>.<\/p>\n<p><strong>Ich bin das L\u00e4cheln, das Sie bei Ihrer Ankunft begr\u00fc\u00dft<\/strong> &#8230;.mein Mann <strong>Luciano<\/strong> ist diese zur\u00fcckhaltende Person, die Sie hinter den K\u00fcchent\u00fcren sehen oder noch mehr in den Gerichten sch\u00e4tzen k\u00f6nnen, die er jeden Tag mit Liebe zusammen mit unserem wunderbaren<strong> Koch zubereitet &#8230;.. mein Sohn Lucio<\/strong> ist diese Person mit einer guten und ehrlichen Seele, die bis sp\u00e4t in die Nacht mit Ihnen plaudert, die Sie aber auch finden, wenn Sie aufwachen, um sich um die gew\u00f6hnliche Wartung zu k\u00fcmmern&#8230; mein Sohn <strong>Fabio<\/strong> ist diese Person, voller Energie und Fr\u00f6hlichkeit, die mit offenen Armen am Strand auf Sie wartet und Ihre Tage aufheitert; er wird Ihr Begleiter des Lachens, der Kartenspiele und Tischtennis-Herausforderungen sein&#8230; was meine s\u00fc\u00dfen Enkelinnen <strong>Bianca und Allegra<\/strong> betrifft, <strong>die meinen Tag zwischen einem Check-in und dem anderen aufheitern<\/strong>: Ich sehe in ihnen das gleiche Leuchten in den Augen, von Gl\u00fcck und Begeisterung, das einst das kleine M\u00e4dchen von 7 Jahren hatte &#8230;.<\/p>\n<div id='gallery-1' class='gallery galleryid-1214 gallery-columns-3 gallery-size-full'><figure class='gallery-item'>\n\t\t\t<div class='gallery-icon landscape'>\n\t\t\t\t<a href='https:\/\/www.h-universal.com\/wp-content\/uploads\/2020\/11\/Gallery-Staff-04-Hotel-Universal-Bellaria.jpg' data-size=\"1000x700\"><img loading=\"lazy\" decoding=\"async\" width=\"1000\" height=\"700\" src=\"https:\/\/www.h-universal.com\/wp-content\/uploads\/2020\/11\/Gallery-Staff-04-Hotel-Universal-Bellaria.jpg\" class=\"attachment-full size-full\" alt=\"\" \/><\/a>\n\t\t\t<\/div><\/figure><figure class='gallery-item'>\n\t\t\t<div class='gallery-icon landscape'>\n\t\t\t\t<a href='https:\/\/www.h-universal.com\/wp-content\/uploads\/2020\/12\/Gallery-Storia-01-Hotel-Universal-Bellaria.jpg' data-size=\"1000x700\"><img loading=\"lazy\" decoding=\"async\" width=\"1000\" height=\"700\" src=\"https:\/\/www.h-universal.com\/wp-content\/uploads\/2020\/12\/Gallery-Storia-01-Hotel-Universal-Bellaria.jpg\" class=\"attachment-full size-full\" alt=\"\" \/><\/a>\n\t\t\t<\/div><\/figure><figure class='gallery-item'>\n\t\t\t<div class='gallery-icon landscape'>\n\t\t\t\t<a href='https:\/\/www.h-universal.com\/wp-content\/uploads\/2020\/12\/Gallery-Storia-02-Hotel-Universal-Bellaria.jpg' data-size=\"1000x700\"><img loading=\"lazy\" decoding=\"async\" width=\"1000\" height=\"700\" src=\"https:\/\/www.h-universal.com\/wp-content\/uploads\/2020\/12\/Gallery-Storia-02-Hotel-Universal-Bellaria.jpg\" class=\"attachment-full size-full\" alt=\"\" \/><\/a>\n\t\t\t<\/div><\/figure><figure class='gallery-item'>\n\t\t\t<div class='gallery-icon landscape'>\n\t\t\t\t<a href='https:\/\/www.h-universal.com\/wp-content\/uploads\/2020\/12\/Gallery-Storia-03-Hotel-Universal-Bellaria.jpg' data-size=\"1000x700\"><img loading=\"lazy\" decoding=\"async\" width=\"1000\" height=\"700\" src=\"https:\/\/www.h-universal.com\/wp-content\/uploads\/2020\/12\/Gallery-Storia-03-Hotel-Universal-Bellaria.jpg\" class=\"attachment-full size-full\" alt=\"\" \/><\/a>\n\t\t\t<\/div><\/figure><figure class='gallery-item'>\n\t\t\t<div class='gallery-icon landscape'>\n\t\t\t\t<a href='https:\/\/www.h-universal.com\/wp-content\/uploads\/2020\/12\/Gallery-Storia-04-Hotel-Universal-Bellaria.jpg' data-size=\"1000x700\"><img loading=\"lazy\" decoding=\"async\" width=\"1000\" height=\"700\" src=\"https:\/\/www.h-universal.com\/wp-content\/uploads\/2020\/12\/Gallery-Storia-04-Hotel-Universal-Bellaria.jpg\" class=\"attachment-full size-full\" alt=\"\" \/><\/a>\n\t\t\t<\/div><\/figure><figure class='gallery-item'>\n\t\t\t<div class='gallery-icon landscape'>\n\t\t\t\t<a href='https:\/\/www.h-universal.com\/wp-content\/uploads\/2020\/12\/Gallery-Storia-07-Hotel-Universal-Bellaria.jpg' data-size=\"1015x675\"><img loading=\"lazy\" decoding=\"async\" width=\"1015\" height=\"675\" src=\"https:\/\/www.h-universal.com\/wp-content\/uploads\/2020\/12\/Gallery-Storia-07-Hotel-Universal-Bellaria.jpg\" class=\"attachment-full size-full\" alt=\"\" \/><\/a>\n\t\t\t<\/div><\/figure><figure class='gallery-item'>\n\t\t\t<div class='gallery-icon landscape'>\n\t\t\t\t<a href='https:\/\/www.h-universal.com\/wp-content\/uploads\/2020\/12\/Gallery-Storia-08-Hotel-Universal-Bellaria.jpg' data-size=\"1000x700\"><img loading=\"lazy\" decoding=\"async\" width=\"1000\" height=\"700\" src=\"https:\/\/www.h-universal.com\/wp-content\/uploads\/2020\/12\/Gallery-Storia-08-Hotel-Universal-Bellaria.jpg\" class=\"attachment-full size-full\" alt=\"\" \/><\/a>\n\t\t\t<\/div><\/figure><figure class='gallery-item'>\n\t\t\t<div class='gallery-icon landscape'>\n\t\t\t\t<a href='https:\/\/www.h-universal.com\/wp-content\/uploads\/2020\/11\/Gallery-Staff-05-Hotel-Universal-Bellaria.jpg' data-size=\"1000x700\"><img loading=\"lazy\" decoding=\"async\" width=\"1000\" height=\"700\" src=\"https:\/\/www.h-universal.com\/wp-content\/uploads\/2020\/11\/Gallery-Staff-05-Hotel-Universal-Bellaria.jpg\" class=\"attachment-full size-full\" alt=\"\" \/><\/a>\n\t\t\t<\/div><\/figure><figure class='gallery-item'>\n\t\t\t<div class='gallery-icon landscape'>\n\t\t\t\t<a href='https:\/\/www.h-universal.com\/wp-content\/uploads\/2020\/12\/Gallery-Storia-09-Hotel-Universal-Bellaria.jpg' data-size=\"1000x700\"><img loading=\"lazy\" decoding=\"async\" width=\"1000\" height=\"700\" src=\"https:\/\/www.h-universal.com\/wp-content\/uploads\/2020\/12\/Gallery-Storia-09-Hotel-Universal-Bellaria.jpg\" class=\"attachment-full size-full\" alt=\"\" \/><\/a>\n\t\t\t<\/div><\/figure><figure class='gallery-item'>\n\t\t\t<div class='gallery-icon landscape'>\n\t\t\t\t<a href='https:\/\/www.h-universal.com\/wp-content\/uploads\/2020\/12\/Gallery-Storia-10-Hotel-Universal-Bellaria.jpg' data-size=\"1000x700\"><img loading=\"lazy\" decoding=\"async\" width=\"1000\" height=\"700\" src=\"https:\/\/www.h-universal.com\/wp-content\/uploads\/2020\/12\/Gallery-Storia-10-Hotel-Universal-Bellaria.jpg\" class=\"attachment-full size-full\" alt=\"\" \/><\/a>\n\t\t\t<\/div><\/figure><figure class='gallery-item'>\n\t\t\t<div class='gallery-icon landscape'>\n\t\t\t\t<a href='https:\/\/www.h-universal.com\/wp-content\/uploads\/2020\/11\/Gallery-Staff-06-Hotel-Universal-Bellaria.jpg' data-size=\"1000x700\"><img loading=\"lazy\" decoding=\"async\" width=\"1000\" height=\"700\" src=\"https:\/\/www.h-universal.com\/wp-content\/uploads\/2020\/11\/Gallery-Staff-06-Hotel-Universal-Bellaria.jpg\" class=\"attachment-full size-full\" alt=\"\" \/><\/a>\n\t\t\t<\/div><\/figure><figure class='gallery-item'>\n\t\t\t<div class='gallery-icon landscape'>\n\t\t\t\t<a href='https:\/\/www.h-universal.com\/wp-content\/uploads\/2020\/12\/Gallery-Storia-11-Hotel-Universal-Bellaria.jpg' data-size=\"1000x700\"><img loading=\"lazy\" decoding=\"async\" width=\"1000\" height=\"700\" src=\"https:\/\/www.h-universal.com\/wp-content\/uploads\/2020\/12\/Gallery-Storia-11-Hotel-Universal-Bellaria.jpg\" class=\"attachment-full size-full\" alt=\"\" \/><\/a>\n\t\t\t<\/div><\/figure><figure class='gallery-item'>\n\t\t\t<div class='gallery-icon landscape'>\n\t\t\t\t<a href='https:\/\/www.h-universal.com\/wp-content\/uploads\/2020\/12\/Gallery-Storia-06-Hotel-Universal-Bellaria.jpg' data-size=\"1000x700\"><img loading=\"lazy\" decoding=\"async\" width=\"1000\" height=\"700\" src=\"https:\/\/www.h-universal.com\/wp-content\/uploads\/2020\/12\/Gallery-Storia-06-Hotel-Universal-Bellaria.jpg\" class=\"attachment-full size-full\" alt=\"\" \/><\/a>\n\t\t\t<\/div><\/figure><figure class='gallery-item'>\n\t\t\t<div class='gallery-icon landscape'>\n\t\t\t\t<a href='https:\/\/www.h-universal.com\/wp-content\/uploads\/2020\/12\/Gallery-Storia-12-Hotel-Universal-Bellaria.jpg' data-size=\"1000x700\"><img loading=\"lazy\" decoding=\"async\" width=\"1000\" height=\"700\" src=\"https:\/\/www.h-universal.com\/wp-content\/uploads\/2020\/12\/Gallery-Storia-12-Hotel-Universal-Bellaria.jpg\" class=\"attachment-full size-full\" alt=\"\" \/><\/a>\n\t\t\t<\/div><\/figure><figure class='gallery-item'>\n\t\t\t<div class='gallery-icon landscape'>\n\t\t\t\t<a href='https:\/\/www.h-universal.com\/wp-content\/uploads\/2020\/12\/Gallery-Storia-13-Hotel-Universal-Bellaria.jpg' data-size=\"1000x700\"><img loading=\"lazy\" decoding=\"async\" width=\"1000\" height=\"700\" src=\"https:\/\/www.h-universal.com\/wp-content\/uploads\/2020\/12\/Gallery-Storia-13-Hotel-Universal-Bellaria.jpg\" class=\"attachment-full size-full\" alt=\"\" \/><\/a>\n\t\t\t<\/div><\/figure><figure class='gallery-item'>\n\t\t\t<div class='gallery-icon landscape'>\n\t\t\t\t<a href='https:\/\/www.h-universal.com\/wp-content\/uploads\/2020\/12\/Gallery-Storia-14-Hotel-Universal-Bellaria.jpg' data-size=\"1000x700\"><img loading=\"lazy\" decoding=\"async\" width=\"1000\" height=\"700\" src=\"https:\/\/www.h-universal.com\/wp-content\/uploads\/2020\/12\/Gallery-Storia-14-Hotel-Universal-Bellaria.jpg\" class=\"attachment-full size-full\" alt=\"\" \/><\/a>\n\t\t\t<\/div><\/figure><figure class='gallery-item'>\n\t\t\t<div class='gallery-icon landscape'>\n\t\t\t\t<a href='https:\/\/www.h-universal.com\/wp-content\/uploads\/2020\/12\/Gallery-Storia-15-Hotel-Universal-Bellaria.jpg' data-size=\"1000x700\"><img loading=\"lazy\" decoding=\"async\" width=\"1000\" height=\"700\" src=\"https:\/\/www.h-universal.com\/wp-content\/uploads\/2020\/12\/Gallery-Storia-15-Hotel-Universal-Bellaria.jpg\" class=\"attachment-full size-full\" alt=\"\" \/><\/a>\n\t\t\t<\/div><\/figure><figure class='gallery-item'>\n\t\t\t<div class='gallery-icon landscape'>\n\t\t\t\t<a href='https:\/\/www.h-universal.com\/wp-content\/uploads\/2020\/12\/Gallery-Storia-16-Hotel-Universal-Bellaria.jpg' data-size=\"1131x783\"><img loading=\"lazy\" decoding=\"async\" width=\"1131\" height=\"783\" src=\"https:\/\/www.h-universal.com\/wp-content\/uploads\/2020\/12\/Gallery-Storia-16-Hotel-Universal-Bellaria.jpg\" class=\"attachment-full size-full\" alt=\"\" \/><\/a>\n\t\t\t<\/div><\/figure><figure class='gallery-item'>\n\t\t\t<div class='gallery-icon landscape'>\n\t\t\t\t<a href='https:\/\/www.h-universal.com\/wp-content\/uploads\/2020\/12\/Gallery-Storia-17-Hotel-Universal-Bellaria.jpg' data-size=\"1000x700\"><img loading=\"lazy\" decoding=\"async\" width=\"1000\" height=\"700\" src=\"https:\/\/www.h-universal.com\/wp-content\/uploads\/2020\/12\/Gallery-Storia-17-Hotel-Universal-Bellaria.jpg\" class=\"attachment-full size-full\" alt=\"\" \/><\/a>\n\t\t\t<\/div><\/figure><figure class='gallery-item'>\n\t\t\t<div class='gallery-icon landscape'>\n\t\t\t\t<a href='https:\/\/www.h-universal.com\/wp-content\/uploads\/2020\/12\/Gallery-Storia-18-Hotel-Universal-Bellaria.jpg' data-size=\"1000x700\"><img loading=\"lazy\" decoding=\"async\" width=\"1000\" height=\"700\" src=\"https:\/\/www.h-universal.com\/wp-content\/uploads\/2020\/12\/Gallery-Storia-18-Hotel-Universal-Bellaria.jpg\" class=\"attachment-full size-full\" alt=\"\" \/><\/a>\n\t\t\t<\/div><\/figure><figure class='gallery-item'>\n\t\t\t<div class='gallery-icon landscape'>\n\t\t\t\t<a href='https:\/\/www.h-universal.com\/wp-content\/uploads\/2020\/12\/Gallery-Storia-19-Hotel-Universal-Bellaria.jpg' data-size=\"1000x700\"><img loading=\"lazy\" decoding=\"async\" width=\"1000\" height=\"700\" src=\"https:\/\/www.h-universal.com\/wp-content\/uploads\/2020\/12\/Gallery-Storia-19-Hotel-Universal-Bellaria.jpg\" class=\"attachment-full size-full\" alt=\"\" \/><\/a>\n\t\t\t<\/div><\/figure><figure class='gallery-item'>\n\t\t\t<div class='gallery-icon landscape'>\n\t\t\t\t<a href='https:\/\/www.h-universal.com\/wp-content\/uploads\/2020\/12\/Gallery-Storia-20-Hotel-Universal-Bellaria.jpg' data-size=\"1000x700\"><img loading=\"lazy\" decoding=\"async\" width=\"1000\" height=\"700\" src=\"https:\/\/www.h-universal.com\/wp-content\/uploads\/2020\/12\/Gallery-Storia-20-Hotel-Universal-Bellaria.jpg\" class=\"attachment-full size-full\" alt=\"\" \/><\/a>\n\t\t\t<\/div><\/figure><figure class='gallery-item'>\n\t\t\t<div class='gallery-icon landscape'>\n\t\t\t\t<a href='https:\/\/www.h-universal.com\/wp-content\/uploads\/2020\/12\/Gallery-Storia-21-Hotel-Universal-Bellaria.jpg' data-size=\"1000x700\"><img loading=\"lazy\" decoding=\"async\" width=\"1000\" height=\"700\" src=\"https:\/\/www.h-universal.com\/wp-content\/uploads\/2020\/12\/Gallery-Storia-21-Hotel-Universal-Bellaria.jpg\" class=\"attachment-full size-full\" alt=\"\" \/><\/a>\n\t\t\t<\/div><\/figure><figure class='gallery-item'>\n\t\t\t<div class='gallery-icon landscape'>\n\t\t\t\t<a href='https:\/\/www.h-universal.com\/wp-content\/uploads\/2020\/12\/Gallery-Storia-22-Hotel-Universal-Bellaria.jpg' data-size=\"1000x700\"><img loading=\"lazy\" decoding=\"async\" width=\"1000\" height=\"700\" src=\"https:\/\/www.h-universal.com\/wp-content\/uploads\/2020\/12\/Gallery-Storia-22-Hotel-Universal-Bellaria.jpg\" class=\"attachment-full size-full\" alt=\"\" \/><\/a>\n\t\t\t<\/div><\/figure><figure class='gallery-item'>\n\t\t\t<div class='gallery-icon landscape'>\n\t\t\t\t<a href='https:\/\/www.h-universal.com\/wp-content\/uploads\/2020\/12\/Gallery-Storia-05-Hotel-Universal-Bellaria.jpg' data-size=\"1000x700\"><img loading=\"lazy\" decoding=\"async\" width=\"1000\" height=\"700\" src=\"https:\/\/www.h-universal.com\/wp-content\/uploads\/2020\/12\/Gallery-Storia-05-Hotel-Universal-Bellaria.jpg\" class=\"attachment-full size-full\" alt=\"\" \/><\/a>\n\t\t\t<\/div><\/figure><figure class='gallery-item'>\n\t\t\t<div class='gallery-icon landscape'>\n\t\t\t\t<a href='https:\/\/www.h-universal.com\/wp-content\/uploads\/2020\/12\/Gallery-Storia-23-Hotel-Universal-Bellaria.jpg' data-size=\"1000x700\"><img loading=\"lazy\" decoding=\"async\" width=\"1000\" height=\"700\" src=\"https:\/\/www.h-universal.com\/wp-content\/uploads\/2020\/12\/Gallery-Storia-23-Hotel-Universal-Bellaria.jpg\" class=\"attachment-full size-full\" alt=\"\" \/><\/a>\n\t\t\t<\/div><\/figure>\n\t\t<\/div>\n\n<h3>Nette Kuriosit\u00e4ten<\/h3>\n<ul>\n<li>Wussten Sie, dass wir fast bis in die 2000er Jahre f\u00fcr alle italienischen G\u00e4ste einen Fernsehraum in einem Keller eingerichtet hatten, weil Ausl\u00e4nder in den goldenen Jahren des italienischen Fu\u00dfballs die Jubelrufe f\u00fcr unsere sportlichen Siege nicht h\u00f6ren wollten?<\/li>\n<li>Wussten Sie auch, dass fr\u00fcher die Treppe, die in die oberen Stockwerke f\u00fchrte, jeden Abend gegen 23 Uhr komplett geschlossen wurde, damit alle G\u00e4ste in Ruhe schlafen konnten, die durch die ausl\u00e4ndischen G\u00e4ste gest\u00f6rt worden w\u00e4ren, die sich gerne fast bis zum Morgengrauen in der Hall aufhielten, um Bier zu trinken und Karten zu spielen?<\/li>\n<li>Wussten Sie, dass der Pool und die Au\u00dfenveranda in eine Renovierung einbezogen wurden, die fast 20 Jahre nach der Er\u00f6ffnung stattfand?<\/li>\n<li>Wussten Sie, dass mein Sohn Lucio, als er erst 2 Monate alt war, von einem unserer lieben G\u00e4ste ein Stofftier, den kleinen Hund Fuffy, geschenkt bekommen hat und sich nie davon getrennt hat? Er liebte ihn so sehr, dass wir in der folgenden Saison gleich noch einen zweiten mitbringen lie\u00dfen, f\u00fcr den Fall, dass, dem lieben Fuffy etwas &#8222;passiert&#8220;.<\/li>\n<li>Wussten Sie, dass unsere treuesten G\u00e4ste uns schon seit vier Generationen besuchen?<\/li>\n<li>Wussten Sie, dass wir in einer Saison durchschnittlich 800 verschiedene Namen lernen, weil wir Sie gerne beim Vornamen nennen?<\/li>\n<\/ul>\n","protected":false},"excerpt":{"rendered":"<p>50 Jahre Erfahrung der Familie Gradara: eine Garantie f\u00fcr Aufmerksamkeit und Verf\u00fcgbarkeit, der wahre Mehrwert eines Urlaubs in Bellaria Ich war erst 7 Jahre alt, als meine Eltern, Pina und Adamo, beschlossen, ein St\u00fcck Land direkt am Meer zu kaufen, um ein Hotel zu bauen. Solange ich mich erinnern kann, waren die Ferien f\u00fcr mich 4 Monate lang. Ich war immer von neuen Leuten umgeben, und jede Woche spielte ich &#8230;<\/p>\n","protected":false},"author":1,"featured_media":0,"parent":0,"menu_order":17,"comment_status":"closed","ping_status":"closed","template":"","meta":{"_acf_changed":false},"class_list":["post-1214","page","type-page","status-publish","hentry"],"acf":[],"_links":{"self":[{"href":"https:\/\/www.h-universal.com\/de\/wp-json\/wp\/v2\/pages\/1214","targetHints":{"allow":["GET"]}}],"collection":[{"href":"https:\/\/www.h-universal.com\/de\/wp-json\/wp\/v2\/pages"}],"about":[{"href":"https:\/\/www.h-universal.com\/de\/wp-json\/wp\/v2\/types\/page"}],"author":[{"embeddable":true,"href":"https:\/\/www.h-universal.com\/de\/wp-json\/wp\/v2\/users\/1"}],"replies":[{"embeddable":true,"href":"https:\/\/www.h-universal.com\/de\/wp-json\/wp\/v2\/comments?post=1214"}],"version-history":[{"count":0,"href":"https:\/\/www.h-universal.com\/de\/wp-json\/wp\/v2\/pages\/1214\/revisions"}],"wp:attachment":[{"href":"https:\/\/www.h-universal.com\/de\/wp-json\/wp\/v2\/media?parent=1214"}],"curies":[{"name":"wp","href":"https:\/\/api.w.org\/{rel}","templated":true}]}}