{"id":1228,"date":"2020-10-30T08:57:28","date_gmt":"2020-10-30T07:57:28","guid":{"rendered":"https:\/\/www.h-universal.com\/vacanza-sicura\/"},"modified":"2021-12-20T16:26:48","modified_gmt":"2021-12-20T15:26:48","slug":"sicherer-urlaub","status":"publish","type":"page","link":"https:\/\/www.h-universal.com\/de\/sicherer-urlaub\/","title":{"rendered":"Sicherer Urlaub"},"content":{"rendered":"<p>Haben wir jeden Aspekt unserer Gastfreundschaft \u00fcberpr\u00fcft, damit wir sicherstellen k\u00f6nnen, <strong>dass jeder Moment Ihres Aufenthalts ein angenehmes und sicheres Erlebnis sein kann<\/strong>. Es ist uns wichtig, unseren G\u00e4sten Sicherheit zu bieten und Ruhe zu vermitteln.<\/p>\n<p>In diesem Jahr brauchen wir mehr denn je einen unbeschwerten und erholsamen Urlaub, um K\u00f6rper und Geist zu regenerieren. Aus diesem Grund haben wir uns einen aufmerksamen, <strong>gewissenhaften und pers\u00f6nlichen Service \u00fcberlegt<\/strong>.<\/p>\n<h3>Sicherheit und Ruhe stehen an erster Stelle<\/h3>\n<p><strong>Wir haben an die Sicherheit Ihres Aufenthaltes von dem Moment an gedacht, in dem Sie im Hotel<\/strong> ankommen und geben Ihnen die M\u00f6glichkeit, <strong>in den Tagen vor Ihrer Ankunft direkt von zu Hause<\/strong> aus online einzuchecken. Bei der Ankunft, nach einer herzlichen Begr\u00fc\u00dfung, dem L\u00e4cheln und einem Gespr\u00e4ch, werden Ihnen Zugangskarten zum Zimmer ausgeh\u00e4ndigt, die Sie bitte f\u00fcr die Dauer Ihres Aufenthaltes bei sich behalten.<\/p>\n<p><strong>Alle Zimmer werden mit einem Zerst\u00e4uber<\/strong>, der Wasserstoffperoxid vernebeln kann, <strong>desinfiziert und die Behandlung wird in regelm\u00e4\u00dfigen Abst\u00e4nden<\/strong> w\u00e4hrend Ihres Aufenthaltes wiederholt.<\/p>\n<p>Im Laufe des Tages desinfiziert unser vertrauensw\u00fcrdiges Personal alle Kontaktstellen in den Gemeinschaftsbereichen und um Ihnen mehr Ruhe zu geben, <strong>desinfizieren wir diskret alle R\u00e4umlichkeiten w\u00e4hrend Ihrer Nachtruhe.<\/strong><\/p>\n<p><strong>Die Reinigung der Bettw\u00e4sche und der Tischdecken<\/strong> wird von der W\u00e4scherei Pulilampo durchgef\u00fchrt, die zertifizierte Waschverfahren einsetzt, <strong>die h\u00f6chste mikrobiologische Qualit\u00e4t garantieren<\/strong>.<\/p>\n<p>Wie in den vergangenen Jahren wird die Reinigung der Handt\u00fccher und Strandt\u00fccher von unserem qualifizierten Personal mit speziellen und zertifizierten Produkten auf Basis von Wasserstoffperoxid und Peressigs\u00e4ure durchgef\u00fchrt.<\/p>\n<p>Bei Ihrer Ankunft finden Sie in Ihrem Zimmer die Strandt\u00fccher, eines f\u00fcr jeden Gast, und sie werden auf Anfrage nach 3 Tagen ersetzt. I<strong>n allen Gemeinschaftsbereichen finden Sie Desinfektionsgelspender<\/strong> und Anweisungen f\u00fcr die gemeinsame Nutzung von R\u00e4umen.<\/p>\n<p><strong>Der Zugang zum Speisesaal erfolgt gestaffelt <\/strong>und die R\u00e4ume wurden komplett umstrukturiert, um die gesetzlich vorgeschriebenen sozialen Abst\u00e4nde zu gew\u00e4hrleisten.<\/p>\n<p>Um Ihnen eine m\u00f6glichst gro\u00dfe Auswahl zu garantieren, haben wir uns entschlossen, das Fr\u00fchst\u00fccksbuffet beizubehalten, wobei wir die Art und Weise, wie es zug\u00e4nglich ist und serviert wird, neu gestaltet haben.<\/p>\n<p>Insbesondere haben wir dem Thema Umweltvertr\u00e4glichkeit besondere Aufmerksamkeit gewidmet, indem wir uns entschieden haben, keine Einzelportionsbeh\u00e4lter zu verwenden, sondern Sie bei der Auswahl von S\u00fc\u00dfem und Herzhaftem zu unterst\u00fctzen und uns pers\u00f6nlich um den Service zu k\u00fcmmern.<\/p>\n<p><strong>Mittag- und Abendessen werden wie gewohnt am Tisch serviert<\/strong>, w\u00e4hrend Gem\u00fcse, warm und kalt, sowie Obst und Desserts am Buffet gereicht werden.<\/p>\n<p><strong>Sie k\u00f6nnen Ihre Mahlzeit auch direkt unter dem Sonnenschirm im Bagno 11 einnehmen<\/strong>. Mit einer einfachen Whatsapp-Nachricht k\u00f6nnen Sie Ihren Lieblingscocktail bestellen, der dann an Lucios Sonnenschirm serviert wird.<\/p>\n<p>Der Strand wird mit dem richtigen Abstand zwischen den Sonnenschirmen wie vorgesehen organisiert (12,50 Quadratmeter) und die Liegen werden jeden Morgen desinfiziert.<\/p>\n<p><strong>Das Pool-und Whirlpoolwasser wird wie immer mit Chlor behandelt<\/strong>, einem Desinfektionsmittel, das das Wasser sauber und hygienisch h\u00e4lt.<\/p>\n<p><strong>Die Animation f\u00fcr Erwachsene und Kinder wird auch in diesem Jahr gew\u00e4hrleistet sein<\/strong>; der Baby-Park-Service wird nach den Mahlzeiten nicht zur Verf\u00fcgung stehen, aber Workshops, Spiele mit geringer Personendichte und individuelle Aktivit\u00e4ten werden w\u00e4hrend des Tages bevorzugt.<\/p>\n<p>Auch in diesem Jahr ist der Service der Lieblingszeitung f\u00fcr alle G\u00e4ste, die unseren Formel-Club w\u00e4hlen, garantiert. Sie m\u00fcssen bei Ihrer Ankunft danach fragen und jeden Morgen erhalten Sie sie an der Rezeption zusammen mit einem herzlichen GUTEN TAG.<\/p>\n<p>Daniela und Eleonora werden wie immer zur Verf\u00fcgung stehen, um Informationen und Ratschl\u00e4ge zu erteilen, damit Sie Ihren Urlaub unbeschwert erleben und genie\u00dfen k\u00f6nnen.<\/p>\n","protected":false},"excerpt":{"rendered":"<p>Haben wir jeden Aspekt unserer Gastfreundschaft \u00fcberpr\u00fcft, damit wir sicherstellen k\u00f6nnen, dass jeder Moment Ihres Aufenthalts ein angenehmes und sicheres Erlebnis sein kann. Es ist uns wichtig, unseren G\u00e4sten Sicherheit zu bieten und Ruhe zu vermitteln. In diesem Jahr brauchen wir mehr denn je einen unbeschwerten und erholsamen Urlaub, um K\u00f6rper und Geist zu regenerieren. Aus diesem Grund haben wir uns einen aufmerksamen, gewissenhaften und pers\u00f6nlichen Service \u00fcberlegt. Sicherheit und &#8230;<\/p>\n","protected":false},"author":1,"featured_media":0,"parent":0,"menu_order":16,"comment_status":"closed","ping_status":"closed","template":"","meta":{"_acf_changed":false},"class_list":["post-1228","page","type-page","status-publish","hentry"],"acf":[],"_links":{"self":[{"href":"https:\/\/www.h-universal.com\/de\/wp-json\/wp\/v2\/pages\/1228","targetHints":{"allow":["GET"]}}],"collection":[{"href":"https:\/\/www.h-universal.com\/de\/wp-json\/wp\/v2\/pages"}],"about":[{"href":"https:\/\/www.h-universal.com\/de\/wp-json\/wp\/v2\/types\/page"}],"author":[{"embeddable":true,"href":"https:\/\/www.h-universal.com\/de\/wp-json\/wp\/v2\/users\/1"}],"replies":[{"embeddable":true,"href":"https:\/\/www.h-universal.com\/de\/wp-json\/wp\/v2\/comments?post=1228"}],"version-history":[{"count":0,"href":"https:\/\/www.h-universal.com\/de\/wp-json\/wp\/v2\/pages\/1228\/revisions"}],"wp:attachment":[{"href":"https:\/\/www.h-universal.com\/de\/wp-json\/wp\/v2\/media?parent=1228"}],"curies":[{"name":"wp","href":"https:\/\/api.w.org\/{rel}","templated":true}]}}