{"id":1241,"date":"2020-10-29T10:12:14","date_gmt":"2020-10-29T09:12:14","guid":{"rendered":"https:\/\/www.h-universal.com\/massaggi-e-trattamenti\/"},"modified":"2023-10-24T09:35:50","modified_gmt":"2023-10-24T07:35:50","slug":"massagen-und-behandlungen","status":"publish","type":"page","link":"https:\/\/www.h-universal.com\/de\/massagen-und-behandlungen\/","title":{"rendered":"Wellness und therapeutische Massagen auch im Urlaub"},"content":{"rendered":"<h2>Bringen Sie einen Hauch von <em>Relax<\/em> in Ihren Urlaub:<\/h2>\n<p>Hier im Hotel k\u00f6nnen Sie sich auch im Urlaub dem Wohlbefinden widmen: Masseure und spezialisierte Physiotherapeuten stehen Ihnen nach Terminvereinbarung f\u00fcr Wellness- oder Heilmassagen <strong>direkt im Hotel zur Verf\u00fcgung.<br \/>\n<\/strong><br \/>\n<em>Sich um das eigene Wohlbefinden zu k\u00fcmmern, ist eine Geste der Liebe, die wir alle uns g\u00f6nnen sollten.<\/em><\/p>\n<p><strong>Vertrauen Sie sich den geschickten H\u00e4nden von Profis an<\/strong>. Lassen Sie sich f\u00fcr einen Urlaub in totaler Entspannung verw\u00f6hnen. Fordern Sie unverbindlich Informationen an.<\/p>\n<h3>Entdecken Sie alle unsere Massagen &gt;<\/h3>\n","protected":false},"excerpt":{"rendered":"<p>Bringen Sie einen Hauch von Relax in Ihren Urlaub: Hier im Hotel k\u00f6nnen Sie sich auch im Urlaub dem Wohlbefinden widmen: Masseure und spezialisierte Physiotherapeuten stehen Ihnen nach Terminvereinbarung f\u00fcr Wellness- oder Heilmassagen direkt im Hotel zur Verf\u00fcgung. Sich um das eigene Wohlbefinden zu k\u00fcmmern, ist eine Geste der Liebe, die wir alle uns g\u00f6nnen sollten. Vertrauen Sie sich den geschickten H\u00e4nden von Profis an. Lassen Sie sich f\u00fcr einen &#8230;<\/p>\n","protected":false},"author":1,"featured_media":0,"parent":0,"menu_order":18,"comment_status":"closed","ping_status":"closed","template":"","meta":{"_acf_changed":false},"class_list":["post-1241","page","type-page","status-publish","hentry"],"acf":[],"_links":{"self":[{"href":"https:\/\/www.h-universal.com\/de\/wp-json\/wp\/v2\/pages\/1241","targetHints":{"allow":["GET"]}}],"collection":[{"href":"https:\/\/www.h-universal.com\/de\/wp-json\/wp\/v2\/pages"}],"about":[{"href":"https:\/\/www.h-universal.com\/de\/wp-json\/wp\/v2\/types\/page"}],"author":[{"embeddable":true,"href":"https:\/\/www.h-universal.com\/de\/wp-json\/wp\/v2\/users\/1"}],"replies":[{"embeddable":true,"href":"https:\/\/www.h-universal.com\/de\/wp-json\/wp\/v2\/comments?post=1241"}],"version-history":[{"count":0,"href":"https:\/\/www.h-universal.com\/de\/wp-json\/wp\/v2\/pages\/1241\/revisions"}],"wp:attachment":[{"href":"https:\/\/www.h-universal.com\/de\/wp-json\/wp\/v2\/media?parent=1241"}],"curies":[{"name":"wp","href":"https:\/\/api.w.org\/{rel}","templated":true}]}}