{"id":1280,"date":"2020-10-13T16:18:31","date_gmt":"2020-10-13T14:18:31","guid":{"rendered":"https:\/\/www.h-universal.com\/davanti-al-mare\/"},"modified":"2021-02-05T10:40:03","modified_gmt":"2021-02-05T09:40:03","slug":"direkt-am-meer","status":"publish","type":"page","link":"https:\/\/www.h-universal.com\/de\/direkt-am-meer\/","title":{"rendered":"Direkt am Meer"},"content":{"rendered":"<h2>Gehen Sie drei Stufen hinunter und schon stehen Sie mit den F\u00fc\u00dfen im Sand<\/h2>\n<p>Das Vergn\u00fcgen, sich am Meer aufzuhalten, ist direkt proportional zu dem L\u00e4cheln,das die Sie in vielen Momenten Ihres Urlaubstages auf Ihrem Gesicht finden, ohne es \u00fcberhaupt zu bemerken.<\/p>\n<p>Gehen wir der Reihe nach vor: <strong>das Erwachen<\/strong>. Wenn Sie das Fenster \u00f6ffnen, <strong>ist es die Brise<\/strong>, die Sie begr\u00fc\u00dft und vom ersten Moment an die Idee von Freiheit verbreitet, die nur das Meer inspirieren kann. <strong>Sie atmen und l\u00e4cheln<\/strong>.<\/p>\n<p><strong>Nach dem Fr\u00fchst\u00fcck runter zum Strand gehen. Verlassen Sie das Hotel Universal, gehen Sie die drei Stufen zum Strand<\/strong> hinunter und schon k\u00f6nnen Sie Ihre Flip-Flops ausziehen. Der Sand liegt vor Ihnen, weich und bereit, dass Sie Ihre nackten F\u00fc\u00dfe darin versenken k\u00f6nnen. <strong>Sie ber\u00fchren ihn und l\u00e4cheln<\/strong>.<\/p>\n<p><strong>Auf dem R\u00fcckweg vom Strand<\/strong>. Egal, ob Sie zu den Stammg\u00e4sten geh\u00f6ren, die sich schon mittags an den Tisch setzen wollen, oder zu den Nachz\u00fcglern, die gerne bis zum Sonnenuntergang auf der Liege verweilen, Sie verlieren keine Zeit, wenn Sie vor dem Strand wohnen. <strong>Mittags sind Sie im Handumdrehen im Restaurant<\/strong>, ohne lange Fahrten in der Sommerhitze,<strong> abends sind Sie in einem Augenblick in Ihrem Zimmer<\/strong>, um zu duschen, bereit f\u00fcr die Sommernacht. <strong>Sie sparen Zeit und l\u00e4cheln<\/strong>.<\/p>\n<p><strong>Gute Nacht<\/strong>. Von Ihrem Zimmer mit Blick ist das Meer eine Erweiterung des Raumes, den Sie bewohnen, das Element, das auf Zehenspitzen und im Fl\u00fcsterton Ihre Intimit\u00e4t verw\u00f6hnt. <strong>Sie schlafen zum sanften Rauschen der Wellen ein und l\u00e4cheln<\/strong>.<\/p>\n<div id='gallery-1' class='gallery galleryid-1280 gallery-columns-3 gallery-size-full'><figure class='gallery-item'>\n\t\t\t<div class='gallery-icon landscape'>\n\t\t\t\t<a href='https:\/\/www.h-universal.com\/wp-content\/uploads\/2020\/11\/Gallery-Dove-siamo-04-Hotel-Universal-Bellaria.jpg' data-size=\"1000x700\"><img loading=\"lazy\" decoding=\"async\" width=\"1000\" height=\"700\" src=\"https:\/\/www.h-universal.com\/wp-content\/uploads\/2020\/11\/Gallery-Dove-siamo-04-Hotel-Universal-Bellaria.jpg\" class=\"attachment-full size-full\" alt=\"\" \/><\/a>\n\t\t\t<\/div><\/figure><figure class='gallery-item'>\n\t\t\t<div class='gallery-icon landscape'>\n\t\t\t\t<a href='https:\/\/www.h-universal.com\/wp-content\/uploads\/2020\/12\/Gallery-Spiaggia-14-Hotel-Universal-Bellaria.jpg' data-size=\"1000x700\"><img loading=\"lazy\" decoding=\"async\" width=\"1000\" height=\"700\" src=\"https:\/\/www.h-universal.com\/wp-content\/uploads\/2020\/12\/Gallery-Spiaggia-14-Hotel-Universal-Bellaria.jpg\" class=\"attachment-full size-full\" alt=\"\" \/><\/a>\n\t\t\t<\/div><\/figure><figure class='gallery-item'>\n\t\t\t<div class='gallery-icon landscape'>\n\t\t\t\t<a href='https:\/\/www.h-universal.com\/wp-content\/uploads\/2020\/11\/Gallery-Spiaggia-03-Hotel-Universal-Bellaria.jpg' data-size=\"1000x700\"><img loading=\"lazy\" decoding=\"async\" width=\"1000\" height=\"700\" src=\"https:\/\/www.h-universal.com\/wp-content\/uploads\/2020\/11\/Gallery-Spiaggia-03-Hotel-Universal-Bellaria.jpg\" class=\"attachment-full size-full\" alt=\"\" \/><\/a>\n\t\t\t<\/div><\/figure><figure class='gallery-item'>\n\t\t\t<div class='gallery-icon landscape'>\n\t\t\t\t<a href='https:\/\/www.h-universal.com\/wp-content\/uploads\/2020\/12\/Gallery-Esterno-02-Hotel-Universal-Bellaria.jpg' data-size=\"1000x700\"><img loading=\"lazy\" decoding=\"async\" width=\"1000\" height=\"700\" src=\"https:\/\/www.h-universal.com\/wp-content\/uploads\/2020\/12\/Gallery-Esterno-02-Hotel-Universal-Bellaria.jpg\" class=\"attachment-full size-full\" alt=\"\" \/><\/a>\n\t\t\t<\/div><\/figure><figure class='gallery-item'>\n\t\t\t<div class='gallery-icon landscape'>\n\t\t\t\t<a href='https:\/\/www.h-universal.com\/wp-content\/uploads\/2020\/12\/Gallery-Esterno-01-Hotel-Universal-Bellaria.jpg' data-size=\"1000x700\"><img loading=\"lazy\" decoding=\"async\" width=\"1000\" height=\"700\" src=\"https:\/\/www.h-universal.com\/wp-content\/uploads\/2020\/12\/Gallery-Esterno-01-Hotel-Universal-Bellaria.jpg\" class=\"attachment-full size-full\" alt=\"\" \/><\/a>\n\t\t\t<\/div><\/figure><figure class='gallery-item'>\n\t\t\t<div class='gallery-icon landscape'>\n\t\t\t\t<a href='https:\/\/www.h-universal.com\/wp-content\/uploads\/2020\/12\/Gallery-Spiaggia-07-Hotel-Universal-Bellaria.jpg' data-size=\"1000x700\"><img loading=\"lazy\" decoding=\"async\" width=\"1000\" height=\"700\" src=\"https:\/\/www.h-universal.com\/wp-content\/uploads\/2020\/12\/Gallery-Spiaggia-07-Hotel-Universal-Bellaria.jpg\" class=\"attachment-full size-full\" alt=\"\" \/><\/a>\n\t\t\t<\/div><\/figure><figure class='gallery-item'>\n\t\t\t<div class='gallery-icon landscape'>\n\t\t\t\t<a href='https:\/\/www.h-universal.com\/wp-content\/uploads\/2020\/11\/Gallery-Spiaggia-01-Hotel-Universal-Bellaria.jpg' data-size=\"1000x700\"><img loading=\"lazy\" decoding=\"async\" width=\"1000\" height=\"700\" src=\"https:\/\/www.h-universal.com\/wp-content\/uploads\/2020\/11\/Gallery-Spiaggia-01-Hotel-Universal-Bellaria.jpg\" class=\"attachment-full size-full\" alt=\"\" \/><\/a>\n\t\t\t<\/div><\/figure>\n\t\t<\/div>\n\n","protected":false},"excerpt":{"rendered":"<p>Gehen Sie drei Stufen hinunter und schon stehen Sie mit den F\u00fc\u00dfen im Sand Das Vergn\u00fcgen, sich am Meer aufzuhalten, ist direkt proportional zu dem L\u00e4cheln,das die Sie in vielen Momenten Ihres Urlaubstages auf Ihrem Gesicht finden, ohne es \u00fcberhaupt zu bemerken. Gehen wir der Reihe nach vor: das Erwachen. Wenn Sie das Fenster \u00f6ffnen, ist es die Brise, die Sie begr\u00fc\u00dft und vom ersten Moment an die Idee von &#8230;<\/p>\n","protected":false},"author":1,"featured_media":0,"parent":0,"menu_order":18,"comment_status":"closed","ping_status":"closed","template":"","meta":{"_acf_changed":false},"class_list":["post-1280","page","type-page","status-publish","hentry"],"acf":[],"_links":{"self":[{"href":"https:\/\/www.h-universal.com\/de\/wp-json\/wp\/v2\/pages\/1280","targetHints":{"allow":["GET"]}}],"collection":[{"href":"https:\/\/www.h-universal.com\/de\/wp-json\/wp\/v2\/pages"}],"about":[{"href":"https:\/\/www.h-universal.com\/de\/wp-json\/wp\/v2\/types\/page"}],"author":[{"embeddable":true,"href":"https:\/\/www.h-universal.com\/de\/wp-json\/wp\/v2\/users\/1"}],"replies":[{"embeddable":true,"href":"https:\/\/www.h-universal.com\/de\/wp-json\/wp\/v2\/comments?post=1280"}],"version-history":[{"count":0,"href":"https:\/\/www.h-universal.com\/de\/wp-json\/wp\/v2\/pages\/1280\/revisions"}],"wp:attachment":[{"href":"https:\/\/www.h-universal.com\/de\/wp-json\/wp\/v2\/media?parent=1280"}],"curies":[{"name":"wp","href":"https:\/\/api.w.org\/{rel}","templated":true}]}}