{"id":1551,"date":"2022-01-10T10:00:16","date_gmt":"2022-01-10T09:00:16","guid":{"rendered":"https:\/\/www.h-universal.com\/?page_id=1551"},"modified":"2026-04-10T16:56:26","modified_gmt":"2026-04-10T14:56:26","slug":"haeufige-fragen","status":"publish","type":"page","link":"https:\/\/www.h-universal.com\/de\/haeufige-fragen\/","title":{"rendered":"H\u00e4ufige Fragen"},"content":{"rendered":"<h3>Hier sind die am h\u00e4ufigsten gestellten Fragen, die wir erhalten, um die Informationen f\u00fcr einen Urlaub direkt am Meer in Bellaria Igea Marina suchen.<\/h3>\n<h4>Wenn Sie die Antworten lesen, k\u00f6nnen Sie wertvolle Informationen sammeln und sich Ihren Urlaub hier im Universal Hotel vorstellen.<\/h4>\n<hr \/>\n<div id=\"accordion-faq\" class=\"panel-group\" role=\"tablist\" aria-multiselectable=\"true\">\n<div class=\"panel panel-default\">\n<div id=\"faq-heading-1\" class=\"panel-heading\" role=\"tab\">\n<h4 class=\"panel-title\"><a role=\"button\" href=\"#faq-collapse-1\" data-toggle=\"collapse\" data-parent=\"#accordion-faq\" aria-expanded=\"true\" aria-controls=\"faq-collapse-1\">Das Hotel liegt n der N\u00e4he des Meeres?<\/a><\/h4>\n<\/div>\n<div id=\"faq-collapse-1\" class=\"panel-collapse collapse in\" role=\"tabpanel\" aria-labelledby=\"faq-heading-1\">\n<div class=\"panel-body\">\n<p>Das Hotel liegt direkt am Meer. Nur mit drei stufen erreichen Sie den Strand und unserem Bad nr 11 San Marco<\/p>\n<\/div>\n<\/div>\n<\/div>\n<div class=\"panel panel-default\">\n<div id=\"faq-heading-2\" class=\"panel-heading\" role=\"tab\">\n<h4 class=\"panel-title\"><a role=\"button\" href=\"#faq-collapse-2\" data-toggle=\"collapse\" data-parent=\"#accordion-faq\" aria-expanded=\"true\" aria-controls=\"faq-collapse-2\">Liegt das Hotel in der N\u00e4he des Stadtzentrums?<\/a><\/h4>\n<\/div>\n<div id=\"faq-collapse-2\" class=\"panel-collapse collapse\" role=\"tabpanel\" aria-labelledby=\"faq-heading-2\">\n<div class=\"panel-body\">\n<p>Das Hotel liegt in eine ruhige Zome, aber nicht weit von Restaurant, und verschiedene Gesch\u00e4fte.<br \/>\nIn 600 mt beginnt die fu\u00dfg\u00e4nge Zone \u201cIsola dei Platani\u201d die Schopping Stra\u00dfe mit Gesch\u00e4fte und Pub, Bar, Restaurant usw.<\/p>\n<p><strong>einige Entfernungen:<\/strong><br \/>\nMatteotti Platz:mt 1,500<br \/>\nBahnhof: mt 950<br \/>\nBellaria Kirche S. Cuore: mt 1.200<br \/>\nNachbarschaftskirche : mt 450<br \/>\nStadt Markt: mt 1.000<\/p>\n<\/div>\n<\/div>\n<\/div>\n<div class=\"panel panel-default\">\n<div id=\"faq-heading-3\" class=\"panel-heading\" role=\"tab\">\n<h4 class=\"panel-title\"><a role=\"button\" href=\"#faq-collapse-3\" data-toggle=\"collapse\" data-parent=\"#accordion-faq\" aria-expanded=\"true\" aria-controls=\"faq-collapse-3\">Mann Kann mit dem Zug ankommen?<\/a><\/h4>\n<\/div>\n<div id=\"faq-collapse-3\" class=\"panel-collapse collapse\" role=\"tabpanel\" aria-labelledby=\"faq-heading-3\">\n<div class=\"panel-body\">\n<p>Ja, die Rimini Bahnhof, ist 16km weiter. Ist es m\u00f6glichst mit Taxi oder Bus nach Hotel fahren. Der Bus f\u00e4hrt vom Bahnhof jedes 20\u2019 und braucht ca. 55\u2019 die Haltestelle ist 50 Mt weit vom Hotel<\/p>\n<\/div>\n<\/div>\n<\/div>\n<div class=\"panel panel-default\">\n<div id=\"faq-heading-4\" class=\"panel-heading\" role=\"tab\">\n<h4 class=\"panel-title\"><a role=\"button\" href=\"#faq-collapse-4\" data-toggle=\"collapse\" data-parent=\"#accordion-faq\" aria-expanded=\"true\" aria-controls=\"faq-collapse-4\">Das Hotel hat ein privat Parkplatz?<\/a><\/h4>\n<\/div>\n<div id=\"faq-collapse-4\" class=\"panel-collapse collapse\" role=\"tabpanel\" aria-labelledby=\"faq-heading-4\">\n<div class=\"panel-body\">\n<p><span style=\"font-weight: 400;\">Das Hotel verf\u00fcgt \u00fcber 3 Privatparkpl\u00e4tze, einer kann gegen einen Aufpreis von 10,00 \u20ac pro Tag direkt beim Hotel gebucht werden. Die Verf\u00fcgbarkeit ist begrenzt und muss bei der Buchung Ihres Aufenthalts best\u00e4tigt werden.<\/span><\/p>\n<p><span style=\"font-weight: 400;\">Die anderen beiden in der N\u00e4he des Hotels, beide eingez\u00e4unt und exklusiv f\u00fcr Hotelg\u00e4ste kostenlos nutzbar. Hier k\u00f6nnen die Parkpl\u00e4tze nicht reserviert, sondern nach Verf\u00fcgbarkeit zum Zeitpunkt der Anreise vergeben werden.<\/span><\/p>\n<\/div>\n<\/div>\n<\/div>\n<div class=\"panel panel-default\">\n<div id=\"faq-heading-5\" class=\"panel-heading\" role=\"tab\">\n<h4 class=\"panel-title\"><a role=\"button\" href=\"#faq-collapse-5\" data-toggle=\"collapse\" data-parent=\"#accordion-faq\" aria-expanded=\"true\" aria-controls=\"faq-collapse-5\">Gibt es WLAN?<\/a><\/h4>\n<\/div>\n<div id=\"faq-collapse-5\" class=\"panel-collapse collapse\" role=\"tabpanel\" aria-labelledby=\"faq-heading-5\">\n<div class=\"panel-body\">\n<p>Die WLAN Verbindung ist sowohl im Hotel als auch in unserem Bagno 11 San Marco aktiv und f\u00fcr alle unsere G\u00e4ste kostenlos.<\/p>\n<\/div>\n<\/div>\n<\/div>\n<div class=\"panel panel-default\">\n<div id=\"faq-heading-6\" class=\"panel-heading\" role=\"tab\">\n<h4 class=\"panel-title\"><a role=\"button\" href=\"#faq-collapse-6\" data-toggle=\"collapse\" data-parent=\"#accordion-faq\" aria-expanded=\"true\" aria-controls=\"faq-collapse-6\">Gibt es Lift im Hotel?<\/a><\/h4>\n<\/div>\n<div id=\"faq-collapse-6\" class=\"panel-collapse collapse\" role=\"tabpanel\" aria-labelledby=\"faq-heading-6\">\n<div class=\"panel-body\">\n<p>Doch im Hotel gibt es Fahrstuhl.<\/p>\n<\/div>\n<\/div>\n<\/div>\n<div class=\"panel panel-default\">\n<div id=\"faq-heading-7\" class=\"panel-heading\" role=\"tab\">\n<h4 class=\"panel-title\"><a role=\"button\" href=\"#faq-collapse-7\" data-toggle=\"collapse\" data-parent=\"#accordion-faq\" aria-expanded=\"true\" aria-controls=\"faq-collapse-7\">Wie sind die Check-in- und Check-out-Zeiten?<\/a><\/h4>\n<\/div>\n<div id=\"faq-collapse-7\" class=\"panel-collapse collapse\" role=\"tabpanel\" aria-labelledby=\"faq-heading-7\">\n<div class=\"panel-body\">\n<p><strong>Check-in ab 12:00 Uhr.<\/strong><br \/>\n(Der Ankunft Tag die Zimmer werden geliefert ab 12:00)<br \/>\n<strong>Check-out: bis 10:00 Uhr<\/strong><br \/>\n(Am Abreise Tag die Zimmer m\u00fc\u00dfen bis 10:00 ger\u00e4umt sein)<br \/>\nAuf Anfrage und nach Verf\u00fcgbarkeit ist es m\u00f6glich, den Check-out des Zimmers gegen Geb\u00fchr vom \u20ac. 30,00 zu verl\u00e4ngern<\/p>\n<\/div>\n<\/div>\n<\/div>\n<div class=\"panel panel-default\">\n<div id=\"faq-heading-8\" class=\"panel-heading\" role=\"tab\">\n<h4 class=\"panel-title\"><a role=\"button\" href=\"#faq-collapse-8\" data-toggle=\"collapse\" data-parent=\"#accordion-faq\" aria-expanded=\"true\" aria-controls=\"faq-collapse-8\">Die Haustiere sind erlaubt?<\/a><\/h4>\n<\/div>\n<div id=\"faq-collapse-8\" class=\"panel-collapse collapse\" role=\"tabpanel\" aria-labelledby=\"faq-heading-8\">\n<div class=\"panel-body\">\n<p>Das Universal Hotel ist eine &#8222;<strong>Pet Friendly<\/strong>&#8220; Struktur und hei\u00dft Ihren 4-beinigen Freund mit Freude willkommen mit einer kleinen Tagesgeb\u00fchr.<br \/>\n(Die Kosten beinhalten ein \u201eWillkommensgeschenk\u201c und die Endreinigung mit bestimmten Produkten)<\/p>\n<p>Tierische Freunde k\u00f6nnen sich im Zimmer (achten Sie darauf, dass sie sich angemessen verhalten und andere G\u00e4ste nicht st\u00f6ren), auf den Balkonen und in den \u00f6ffentlichen Bereichen des Hotels aufhalten , jedoch nicht im Restaurant, es sei denn, Sie m\u00f6chten auf der Veranda zu Mittag essen (je nach Verf\u00fcgbarkeit) W\u00e4hrend Ihres Aufenthalts f\u00fchrt das Zimmerm\u00e4dchen keinen Aufr\u00e4umdienst durch, wenn das Tier allein im Zimmer gelassen wird.<\/p>\n<p>Wir informieren unsere gesch\u00e4tzten G\u00e4ste, dass Hunden laut Gemeindeverordnung weder der Zugang zum Wasser noch das Spazieren entlang der Wasserlinie zu irgendeiner Tageszeit gestattet ist. Es <strong>ist jedoch erlaubt, sie an der Leine<\/strong> auf der Promenade \u201eRaffaella Carr\u00e0\u201c, dem neuen Waterfront von Bellaria, auszuf\u00fchren.<\/p>\n<p>Tierarzt- und Wandergebiete in der N\u00e4he.<\/p>\n<\/div>\n<\/div>\n<\/div>\n<div class=\"panel panel-default\">\n<div id=\"faq-heading-09\" class=\"panel-heading\" role=\"tab\">\n<h4 class=\"panel-title\"><a role=\"button\" href=\"#faq-collapse-09\" data-toggle=\"collapse\" data-parent=\"#accordion-faq\" aria-expanded=\"true\" aria-controls=\"faq-collapse-09\">Gibt es Unterhaltung f\u00fcr Kinder?<\/a><\/h4>\n<\/div>\n<div id=\"faq-collapse-09\" class=\"panel-collapse collapse\" role=\"tabpanel\" aria-labelledby=\"faq-heading-09\">\n<div class=\"panel-body\">\n<p>Am Strand bei unserem Bad nr 11,gibt es ein Kinderspielplatz und Miniclub mit lustigen Aktivit\u00e4ten f\u00fcr Kinder jeden Alters! Der Miniclub ist ge\u00f6ffnet jeden Tag Morgens und Nachmittags au\u00dfer Samstag.<\/p>\n<\/div>\n<\/div>\n<\/div>\n<div class=\"panel panel-default\">\n<div id=\"faq-heading-10\" class=\"panel-heading\" role=\"tab\">\n<h4 class=\"panel-title\"><a role=\"button\" href=\"#faq-collapse-10\" data-toggle=\"collapse\" data-parent=\"#accordion-faq\" aria-expanded=\"true\" aria-controls=\"faq-collapse-10\">Das Hotel hat Fahrr\u00e4der ?<\/a><\/h4>\n<\/div>\n<div id=\"faq-collapse-10\" class=\"panel-collapse collapse\" role=\"tabpanel\" aria-labelledby=\"faq-heading-10\">\n<div class=\"panel-body\">\n<p><strong>Ja, das Hotel stellt Fahrr\u00e4der zur Verf\u00fcgung<\/strong>, einige davon sind mit Kindersitzen ausgestattet.<br \/>\nUm diesen Service zu nutzen, m\u00fcssen Sie die Fahrr\u00e4der an der Rezeption anfragen und dabei einen Ausweis hinterlegen sowie Ihre Zimmernummer angeben.<br \/>\nSie k\u00f6nnen das Stadtzentrum besuchen und Bellaria Igea Marina auch mit dem charmanten City Train entdecken.<br \/>\n<em>(Kinder haben immer viel Spa\u00df)<\/em>.<\/p>\n<\/div>\n<\/div>\n<\/div>\n<div class=\"panel panel-default\">\n<div id=\"faq-heading-11\" class=\"panel-heading\" role=\"tab\">\n<h4 class=\"panel-title\"><a role=\"button\" href=\"#faq-collapse-11\" data-toggle=\"collapse\" data-parent=\"#accordion-faq\" aria-expanded=\"true\" aria-controls=\"faq-collapse-11\">Wie sind die Essenszeiten?<\/a><\/h4>\n<\/div>\n<div id=\"faq-collapse-11\" class=\"panel-collapse collapse\" role=\"tabpanel\" aria-labelledby=\"faq-heading-11\">\n<div class=\"panel-body\">\n<p>Die Eintrittszeiten zum Restaurant sind wie folgt:<\/p>\n<ul>\n<li>Fr\u00fchst\u00fcck: vom 08.00 bis 10.00<\/li>\n<li>Mittagessen: vom 12:30 bis 13:00<\/li>\n<li>Abendessen: vom 19:30 bis 20:00<\/li>\n<\/ul>\n<p>F\u00fcr die kleinen G\u00e4ste ist das Restaurant auch zu fr\u00fchen Zeiten ge\u00f6ffnet.<\/p>\n<\/div>\n<\/div>\n<\/div>\n<div class=\"panel panel-default\">\n<div id=\"faq-heading-12\" class=\"panel-heading\" role=\"tab\">\n<h4 class=\"panel-title\"><a role=\"button\" href=\"#faq-collapse-12\" data-toggle=\"collapse\" data-parent=\"#accordion-faq\" aria-expanded=\"true\" aria-controls=\"faq-collapse-12\">Gibt es Glutenfrei men\u00f9?<\/a><\/h4>\n<\/div>\n<div id=\"faq-collapse-12\" class=\"panel-collapse collapse\" role=\"tabpanel\" aria-labelledby=\"faq-heading-12\">\n<div class=\"panel-body\">\n<p>Wir haben keine AIC-Zertifizierung, aber jedes Gericht auf der Tageskarte auch Glutenfrei zubereitet werden.<\/p>\n<\/div>\n<\/div>\n<\/div>\n<div class=\"panel panel-default\">\n<div id=\"faq-heading-13\" class=\"panel-heading\" role=\"tab\">\n<h4 class=\"panel-title\"><a role=\"button\" href=\"#faq-collapse-13\" data-toggle=\"collapse\" data-parent=\"#accordion-faq\" aria-expanded=\"true\" aria-controls=\"faq-collapse-13\">Was beinhaltet die &#8222;Club-Formel&#8220;?<\/a><\/h4>\n<\/div>\n<div id=\"faq-collapse-13\" class=\"panel-collapse collapse\" role=\"tabpanel\" aria-labelledby=\"faq-heading-13\">\n<div class=\"panel-body\">\n<ul>\n<li>Die <strong>Club Formel<\/strong> beinhaltet: Voll oder Halbpension (Fr\u00fchst\u00fcck Buffet, Mittag und Abend Essen mit Men\u00f9 Wahl, Gem\u00fcse, Obst und Dessert Buffets, Spezialit\u00e4ten der Romagna, t\u00e4glich Fisch- oder Fleischauswahl. <em>Wein, Wasser, Getr\u00e4nke, Bier zum Essen, Sonnenschirm mit Liegen am Strand bei unserem Bad nr 11, Strandt\u00fccher, WLAN im Hotel und am Strand, Parkpl\u00e4zte, Nutzung des Schwimmb und aller Hotelservice<\/em>.<\/li>\n<\/ul>\n<\/div>\n<\/div>\n<\/div>\n<div class=\"panel panel-default\">\n<div id=\"faq-heading-15\" class=\"panel-heading\" role=\"tab\">\n<h4 class=\"panel-title\"><a role=\"button\" href=\"#faq-collapse-15\" data-toggle=\"collapse\" data-parent=\"#accordion-faq\" aria-expanded=\"true\" aria-controls=\"faq-collapse-15\">Ankubnft und Abfahrt sind flexibel?<\/a><\/h4>\n<\/div>\n<div id=\"faq-collapse-15\" class=\"panel-collapse collapse\" role=\"tabpanel\" aria-labelledby=\"faq-heading-15\">\n<div class=\"panel-body\">\n<p>Sie k\u00f6nnen Ihren Urlaub am besten organisieren, die An- und Abreise ist an jedem Wochentag m\u00f6glich.<\/p>\n<\/div>\n<\/div>\n<\/div>\n<div class=\"panel panel-default\">\n<div id=\"faq-heading-16\" class=\"panel-heading\" role=\"tab\">\n<h4 class=\"panel-title\"><a role=\"button\" href=\"#faq-collapse-16\" data-toggle=\"collapse\" data-parent=\"#accordion-faq\" aria-expanded=\"true\" aria-controls=\"faq-collapse-16\">Cancelation Policy<\/a><\/h4>\n<\/div>\n<div id=\"faq-collapse-16\" class=\"panel-collapse collapse\" role=\"tabpanel\" aria-labelledby=\"faq-heading-16\">\n<div class=\"panel-body\">\n<p>Um alle Informationen zu lesen, <strong>klicken Sie <a href=\"https:\/\/www.h-universal.com\/de\/allgemeine-buchungsbedingungen\/\" target=\"_blank\" rel=\"noopener\">HIER &gt;<\/a><\/strong><\/p>\n<\/div>\n<\/div>\n<\/div>\n<\/div>\n","protected":false},"excerpt":{"rendered":"<p>Hier sind die am h\u00e4ufigsten gestellten Fragen, die wir erhalten, um die Informationen f\u00fcr einen Urlaub direkt am Meer in Bellaria Igea Marina suchen. Wenn Sie die Antworten lesen, k\u00f6nnen Sie wertvolle Informationen sammeln und sich Ihren Urlaub hier im Universal Hotel vorstellen. Das Hotel liegt n der N\u00e4he des Meeres? Das Hotel liegt direkt am Meer. Nur mit drei stufen erreichen Sie den Strand und unserem Bad nr 11 &#8230;<\/p>\n","protected":false},"author":1,"featured_media":0,"parent":0,"menu_order":3,"comment_status":"closed","ping_status":"closed","template":"","meta":{"_acf_changed":false},"class_list":["post-1551","page","type-page","status-publish","hentry"],"acf":[],"_links":{"self":[{"href":"https:\/\/www.h-universal.com\/de\/wp-json\/wp\/v2\/pages\/1551","targetHints":{"allow":["GET"]}}],"collection":[{"href":"https:\/\/www.h-universal.com\/de\/wp-json\/wp\/v2\/pages"}],"about":[{"href":"https:\/\/www.h-universal.com\/de\/wp-json\/wp\/v2\/types\/page"}],"author":[{"embeddable":true,"href":"https:\/\/www.h-universal.com\/de\/wp-json\/wp\/v2\/users\/1"}],"replies":[{"embeddable":true,"href":"https:\/\/www.h-universal.com\/de\/wp-json\/wp\/v2\/comments?post=1551"}],"version-history":[{"count":0,"href":"https:\/\/www.h-universal.com\/de\/wp-json\/wp\/v2\/pages\/1551\/revisions"}],"wp:attachment":[{"href":"https:\/\/www.h-universal.com\/de\/wp-json\/wp\/v2\/media?parent=1551"}],"curies":[{"name":"wp","href":"https:\/\/api.w.org\/{rel}","templated":true}]}}