{"id":1581,"date":"2020-11-04T16:21:43","date_gmt":"2020-11-04T15:21:43","guid":{"rendered":"https:\/\/www.h-universal.com\/parchi\/"},"modified":"2022-02-28T12:44:04","modified_gmt":"2022-02-28T11:44:04","slug":"themenparks","status":"publish","type":"page","link":"https:\/\/www.h-universal.com\/de\/themenparks\/","title":{"rendered":"Vergn\u00fcgungs- und Themenparks an der Riviera"},"content":{"rendered":"<h2>F\u00fcr das L\u00e4cheln von Erwachsenen und Kindern gleicherma\u00dfen!<\/h2>\n<p><strong>Die adriatische Riviera ist zweifellos das Gebiet mit dem gr\u00f6\u00dften Vergn\u00fcgungsangebot<\/strong>, und auf einer Fl\u00e4che von nur wenigen Dutzend Kilometern findet sich die h\u00f6chste Konzentration von Vergn\u00fcgungsparks in ganz Europa.<br \/>\nMan nennt sie &#8222;<strong>Die Riviera der Parks<\/strong>&#8222;: ein Wirbelsturm einzigartiger Emotionen! Fantastische Aquarien, wunderbare Delfinarien, lustige Wasserparks, exklusive Themenparks, die Jung und Alt gleicherma\u00dfen begeistern. Kommen Sie zu uns in die spektakul\u00e4re und \u00fcberw\u00e4ltigende Atmosph\u00e4re der Riviera Romagna!<\/p>\n<hr \/>\n<h3>Mirabilandia- Ravenna<\/h3>\n<p>Mirabilandia ist der gr\u00f6\u00dfte Park der Romagna und einer der wichtigsten in Italien und Europa. Mirabilandia ist in verschiedene Themenbereiche unterteilt und der Bereich f\u00fcr Kinder hei\u00dft Bimbopoli. Es gibt 40 Attraktionen, die f\u00fcr alle zug\u00e4nglich sind, und tags\u00fcber gibt es Vorf\u00fchrungen in einer von Gr\u00fcnfl\u00e4chen und Wasserfl\u00e4chen gepr\u00e4gten Umgebung.<\/p>\n<hr \/>\n<h3>Atlantica &#8211; Cesenatico<\/h3>\n<p>Einer der wichtigsten Vergn\u00fcgungsparks an der adriatischen Riviera, der jeden Sommer von italienischen und europ\u00e4ischen Touristen besucht wird, ist Atlantica. Das Erkennungsmerkmal des Parks ist der gro\u00dfe Blauwal am Eingang, in dessen Bauch Kinder auf bunten Schlauchbooten herumtollen k\u00f6nnen.<\/p>\n<hr \/>\n<h3>Italia in Miniatura &#8211; Rimini<\/h3>\n<p>Eine einzigartige Emotion, die das italienische und europ\u00e4ische Kulturerbe erforscht. Der Park bietet \u00fcber 270 ma\u00dfstabsgetreue Nachbildungen von Denkm\u00e4lern und architektonischen Meisterwerken. Genie\u00dfen Sie das seltene Vergn\u00fcgen des Verstehens und Entdeckens dank einer noch nie dagewesenen Mischung aus Attraktionen und Spielen: das ist Italia in Miniatura!<\/p>\n<hr \/>\n<h3>Fiabilandia &#8211; Rimini<\/h3>\n<p>Fiabilandia erstreckt sich \u00fcber eine Fl\u00e4che von 120.000 Quadratmetern. Es handelt sich um den gr\u00f6\u00dften Park, der ganz den Kleinen gewidmet ist. Unvergesslich sind das Schloss von Merlin, dem Zauberer, und der Wacky Worm. Im Inneren befindet sich eine besondere Einrichtung, in der didaktische Ausstellungen stattfinden.<\/p>\n<hr \/>\n<h3>Aquafan &#8211; Riccione<\/h3>\n<p>Aquafan wird als der wichtigste Wasserpark Europas gefeiert. Seine Ber\u00fchmtheit verdankt er auch der aktiven Pr\u00e4senz von Radio Dee Jay: ein Treffpunkt f\u00fcr junge Leute und der erste private Radiosender, was die Einschaltquoten angeht. Aquafan bringt den Abend mit der in der ganzen Riviera Romagna bekannten Disco Walky Cup zum Leuchten.<\/p>\n<hr \/>\n<h3>Imax &#8211; Riccione<\/h3>\n<p>Mit seiner 600 m2 gro\u00dfen Panoramaleinwand, die so hoch wie 7 Stockwerke eines Geb\u00e4udes ist, ist IMAX das Kino in \u00dcbergr\u00f6\u00dfe. Eine wunderbare Reise in den Weltraum, eine Besteigung des Mount Everest, ein Abstieg in die Tiefen des Meeres, eine 3D-Begegnung mit dem Tyrannosaurus Rex&#8230; all das gibt es im Imax. Imax: Kino, wie man es noch nie gesehen hat!<\/p>\n<hr \/>\n<h3>Oltremare &#8211; Riccione<\/h3>\n<p>Lust auf eine Begegnung mit Delfinen? Oltremare ist der neue Vergn\u00fcgungspark auf dem H\u00fcgel von Riccione, direkt neben Aquafan. Er ist 12 Monate im Jahr ge\u00f6ffnet und das Ergebnis einer Investition von mehr als 70 Millionen Euro, die von Unternehmern get\u00e4tigt wurde, die seit vielen Jahren in der Region ans\u00e4ssig sind: Aquafan und Delphinarium Riccione.<\/p>\n<hr \/>\n<h3>Acquario di Cattolica &#8211; Cattolica<\/h3>\n<p>Das Aquarium von Cattolica ist f\u00fcr all jene gedacht, die die Welt der Meeresbewohner entdecken wollen. Dank der thematischen Routen und der F\u00fclle an Aquarien k\u00f6nnen Sie zahlreiche Meerestiere bewundern: Haie, tropische Fische, Schw\u00e4mme, Korallen, Piranhas&#8230; Der Tauchgang im Haifischbecken ist eine der besten Attraktionen.<\/p>\n<div id='gallery-1' class='gallery galleryid-1581 gallery-columns-3 gallery-size-full'><figure class='gallery-item'>\n\t\t\t<div class='gallery-icon landscape'>\n\t\t\t\t<a href='https:\/\/www.h-universal.com\/wp-content\/uploads\/2020\/11\/acquariocattolica.jpg' data-size=\"814x570\"><img loading=\"lazy\" decoding=\"async\" width=\"814\" height=\"570\" src=\"https:\/\/www.h-universal.com\/wp-content\/uploads\/2020\/11\/acquariocattolica.jpg\" class=\"attachment-full size-full\" alt=\"\" \/><\/a>\n\t\t\t<\/div><\/figure><figure class='gallery-item'>\n\t\t\t<div class='gallery-icon landscape'>\n\t\t\t\t<a href='https:\/\/www.h-universal.com\/wp-content\/uploads\/2020\/11\/italiainminiatura2.jpg' data-size=\"814x570\"><img loading=\"lazy\" decoding=\"async\" width=\"814\" height=\"570\" src=\"https:\/\/www.h-universal.com\/wp-content\/uploads\/2020\/11\/italiainminiatura2.jpg\" class=\"attachment-full size-full\" alt=\"\" \/><\/a>\n\t\t\t<\/div><\/figure><figure class='gallery-item'>\n\t\t\t<div class='gallery-icon landscape'>\n\t\t\t\t<a href='https:\/\/www.h-universal.com\/wp-content\/uploads\/2020\/11\/aquafan2.jpg' data-size=\"814x570\"><img loading=\"lazy\" decoding=\"async\" width=\"814\" height=\"570\" src=\"https:\/\/www.h-universal.com\/wp-content\/uploads\/2020\/11\/aquafan2.jpg\" class=\"attachment-full size-full\" alt=\"\" \/><\/a>\n\t\t\t<\/div><\/figure><figure class='gallery-item'>\n\t\t\t<div class='gallery-icon landscape'>\n\t\t\t\t<a href='https:\/\/www.h-universal.com\/wp-content\/uploads\/2020\/11\/mirabilandia.jpg' data-size=\"814x570\"><img loading=\"lazy\" decoding=\"async\" width=\"814\" height=\"570\" src=\"https:\/\/www.h-universal.com\/wp-content\/uploads\/2020\/11\/mirabilandia.jpg\" class=\"attachment-full size-full\" alt=\"\" \/><\/a>\n\t\t\t<\/div><\/figure>\n\t\t<\/div>\n\n","protected":false},"excerpt":{"rendered":"<p>F\u00fcr das L\u00e4cheln von Erwachsenen und Kindern gleicherma\u00dfen! Die adriatische Riviera ist zweifellos das Gebiet mit dem gr\u00f6\u00dften Vergn\u00fcgungsangebot, und auf einer Fl\u00e4che von nur wenigen Dutzend Kilometern findet sich die h\u00f6chste Konzentration von Vergn\u00fcgungsparks in ganz Europa. Man nennt sie &#8222;Die Riviera der Parks&#8222;: ein Wirbelsturm einzigartiger Emotionen! Fantastische Aquarien, wunderbare Delfinarien, lustige Wasserparks, exklusive Themenparks, die Jung und Alt gleicherma\u00dfen begeistern. Kommen Sie zu uns in die spektakul\u00e4re &#8230;<\/p>\n","protected":false},"author":1,"featured_media":0,"parent":0,"menu_order":8,"comment_status":"closed","ping_status":"closed","template":"","meta":{"_acf_changed":false},"class_list":["post-1581","page","type-page","status-publish","hentry"],"acf":[],"_links":{"self":[{"href":"https:\/\/www.h-universal.com\/de\/wp-json\/wp\/v2\/pages\/1581","targetHints":{"allow":["GET"]}}],"collection":[{"href":"https:\/\/www.h-universal.com\/de\/wp-json\/wp\/v2\/pages"}],"about":[{"href":"https:\/\/www.h-universal.com\/de\/wp-json\/wp\/v2\/types\/page"}],"author":[{"embeddable":true,"href":"https:\/\/www.h-universal.com\/de\/wp-json\/wp\/v2\/users\/1"}],"replies":[{"embeddable":true,"href":"https:\/\/www.h-universal.com\/de\/wp-json\/wp\/v2\/comments?post=1581"}],"version-history":[{"count":0,"href":"https:\/\/www.h-universal.com\/de\/wp-json\/wp\/v2\/pages\/1581\/revisions"}],"wp:attachment":[{"href":"https:\/\/www.h-universal.com\/de\/wp-json\/wp\/v2\/media?parent=1581"}],"curies":[{"name":"wp","href":"https:\/\/api.w.org\/{rel}","templated":true}]}}