{"id":1584,"date":"2020-11-04T15:41:10","date_gmt":"2020-11-04T14:41:10","guid":{"rendered":"https:\/\/www.h-universal.com\/entroterra\/"},"modified":"2022-03-07T16:01:53","modified_gmt":"2022-03-07T15:01:53","slug":"rimini-hinterland","status":"publish","type":"page","link":"https:\/\/www.h-universal.com\/de\/rimini-hinterland\/","title":{"rendered":"Was kann man in und um Rimini unternehmen?"},"content":{"rendered":"<h2>Im Hinterland der Romagna wird es nie langweilig<\/h2>\n<p>n Ihrem <strong>Urlaub in Rimini<\/strong> gibt es Spa\u00df an jeder Ecke! Wir haben Sonne, Sand, Meer und Nachtleben&#8230; das wissen Sie. Aber wenn Sie auf der Suche nach etwas anderem sind, wenn Sie von einer <strong>aktiven Reise<\/strong> tr\u00e4umen, bei der Sie <strong>Landschaften im Landesinneren entdecke<\/strong>n, wenn Sie <a href=\"https:\/\/www.h-universal.com\/de\/themenparks\/\"><strong>unbeschwerten Spa\u00df in Vergn\u00fcgungsparks<\/strong><\/a> voller <strong>Aktivit\u00e4ten, Geschichte und Kultur<\/strong> suchen: dann werden wir Ihnen etwas erz\u00e4hlen, das Sie noch nicht wissen!<\/p>\n<p>&nbsp;<\/p>\n<h3>Rimini<\/h3>\n<p>Rimini liegt in der Mitte Italiens und ist gut mit den wichtigsten europ\u00e4ischen St\u00e4dten verbunden. Es ist das Wahrzeichen und der ideale Ort f\u00fcr einen abwechslungsreichen Tourismus. Rimini, antik und modern, volkst\u00fcmlich und kulturell, spektakul\u00e4r und handwerklich, wurde von dem gro\u00dfen Meister des italienischen Kinos, Federico Fellini, gefeiert und verewigt, der den Mythos mit seiner Kunst in die ganze Welt exportierte.<\/p>\n<hr \/>\n<h3>San Marino<\/h3>\n<p>Auf 750 Metern \u00fcber dem Meeresspiegel, im \u00e4ltesten und kleinsten souver\u00e4nen Staat der Welt, der seine Freiheit und Unabh\u00e4ngigkeit seit Jahrhunderten bewahrt hat, sind Sie bereits im Ausland. Auf dem Monte Titano erheben sich die Profile der drei T\u00fcrme (Guaita, Cesta und Montale), die Wahrzeichen der Republik, die sich unter anderem einer bemerkenswerten philatelistischen und numismatischen Geschichte und Tradition r\u00fchmen kann, die in der ganzen Welt sehr gesch\u00e4tzt wird.<\/p>\n<hr \/>\n<h3>Torriana<\/h3>\n<p>Eingebettet in die H\u00fcgel von Verucchio, wurde sie in der Antike &#8222;Scorticata&#8220; genannt, wegen der Schroffheit des Felsens, auf dem die Festung gebaut ist.<br \/>\nLetztere hat uralte Wurzeln und diente als Beobachtungsposten zur Verteidigung der nahe gelegenen Burg Montebello. Ihre strategische Lage hat ihr den Beinamen &#8222;Balkon der Romagna&#8220; eingebracht: Von hier aus bietet sich ein eindrucksvolles Panorama, das die Riviera von Gabicce bis Cesenatico umfasst und durch die gr\u00fcnen H\u00fcgel des Hinterlandes f\u00fchrt.<br \/>\nAuch das Naturkundliche Observatorium des Valmarecchia hat hier seinen Sitz und bietet die M\u00f6glichkeit, die Sch\u00f6nheit des Hinterlandes von Rimini zu entdecken.<br \/>\nEnde Juli findet &#8222;La collina dei Piaceri&#8220; statt, ein Schaufenster f\u00fcr K\u00f6stlichkeiten aus ganz Italien, das Spitzenk\u00f6che, Pizzab\u00e4cker, Konditoren, Erzeuger und Kunsthandwerker von Lebensmitteln und Wein dem breiten Publikum vorstellt.<\/p>\n<hr \/>\n<h3>Montebello<\/h3>\n<p>Nicht weit von Torriana entfernt befindet sich die Burg Montebello, die auf einer Klippe \u00fcber dem Dorf thront. Eine weitere, perfekt erhaltene und f\u00fcr Besucher zug\u00e4ngliche Burg, die die Reihe der Festungsanlagen fortsetzt, die die Malatesta w\u00e4hrend ihrer Herrschaft ausbauten.<\/p>\n<p>In der Burg befinden sich wertvolle M\u00f6bel aus dem 14. bis 18. Jahrhundert. Es gibt eine sch\u00f6ne Sammlung von Truhen und Kisten, darunter eine bemalte Truhe, die aus der Zeit der Kreuzz\u00fcge stammen soll. Mysteri\u00f6se Tunnel, dunkle G\u00e4nge, tiefe Brunnen und seltsame Vorkommnisse haben die Legende von einem Geist gen\u00e4hrt, einem f\u00fcnfj\u00e4hrigen M\u00e4dchen, Tochter des Feudalherrn, das 1375 in den Burgverlie\u00dfen verschwand: Azzurrina &#8222;hatte himmelfarbene Augen und helles Haar mit hellblauen Str\u00e4hnen&#8220;. Es hei\u00dft, dass das Kind am 21. Juni jenes fernen Jahres verschwand und nie wieder gefunden wurde. Die Legende besagt, dass der Geist des M\u00e4dchens immer noch zwischen den Mauern der Burg umherwandert und alle f\u00fcnf Jahre zur Sommersonnenwende ihre Stimme ert\u00f6nt.<\/p>\n<hr \/>\n<h3>Ravenna<\/h3>\n<p>Ravenna, das in der N\u00e4he eines herrlichen Pinienwaldes liegt, zeichnet sich durch einen au\u00dfergew\u00f6hnlichen Komplex von Basiliken, Baptisterien und Mausoleen aus. Die Harmonie der klassischen Baumodule verschmilzt mit der Pracht des kostbaren Marmors und der ber\u00fchmten byzantinischen Mosaike. Die Stadt ist nicht nur f\u00fcr ihre Kunst ber\u00fchmt, sondern auch f\u00fcr ihren luxuri\u00f6sen, langen Boulevard, der voller modischer Gesch\u00e4fte ist. (55 Km)<\/p>\n<hr \/>\n<h3>Santarcangelo di Romagna<\/h3>\n<p>Ein Tor zur Vergangenheit, ein ganz besonderer Ort, eine Perle im Valmarecchia &#8222;der Dichter&#8220;: das ist Santarcangelo! Hier trafen sich die Dichter des &#8222;Circal de giudeizi&#8220;, inspiriert um Tonino Guerra. Sehenswert sind die Burg der Malatesta, das Kapuzinerkloster, der Fischmarkt aus dem 19. Jahrhundert, der Triumphbogen und der Papst Ganganelli gewidmete Platz, die &#8222;geheimnisvollen&#8220; Tuffsteinh\u00f6hlen und die Kunsthandwerksl\u00e4den mit Schmiedeeisen und rostbedruckten Stoffen.<\/p>\n<hr \/>\n<h3>San Leo<\/h3>\n<p>Im Herzen des Valmarecchia liegt auf einem 600 Meter hohen H\u00fcgel San Leo, die historische Hauptstadt der Familie Montefeltro. Neben der Festung, der Pfarrkirche und der Kathedrale ist San Leo auch f\u00fcr die geheimnisvolle und faszinierende Figur des &#8222;Alchemisten&#8220; Graf Cagliostro bekannt, der in der Festung gefangen gehalten wurde und dort 1795 starb.<\/p>\n<hr \/>\n<h3>Verucchio<\/h3>\n<p>Der Ort beherrscht das herrliche Panorama des Valmarecchia in einer strategischen Position. Neben der Festung sind auch das Collegiata dei Santi Martino e Francesco D&#8217;Assisi und das St\u00e4dtische Arch\u00e4ologische Museum einen Besuch wert.<\/p>\n<hr \/>\n<h3>Urbino<\/h3>\n<p>Urbino ist ein Synonym f\u00fcr Kunst und Kultur. Ber\u00fchmt ist das Museum im Herzogspalast, das Kunstwerke aus dem 14. bis 17. Jahrhundert beherbergt, vor allem aber einige der bedeutendsten Meisterwerke der italienischen Renaissance, die sich in Urbino auch in der Architektur widerspiegelt. Charakteristisch sind die kleinen Gesch\u00e4fte im historischen Zentrum, wo man alte Techniken aus n\u00e4chster N\u00e4he betrachten und Objekte kaufen kann. (60 Km)<\/p>\n<hr \/>\n<h3>Gradara<\/h3>\n<p>Eine klassische Altstadt, die von einer langen Mauer umgeben ist und in der die imposante Burg das mittelalterliche Zentrum vervollst\u00e4ndigt. Die Festung wurde zwischen 1307 und 1325 von den Malatesta fertig gestellt und anschlie\u00dfend mehrfach restauriert. Der Legende nach war Casa Malatesta in Gradara Schauplatz der Liebestrag\u00f6die von Paolo und Francesca, die von Dante erz\u00e4hlt wurde: &#8222;Der Mund k\u00fcsste mich ganz zitternd&#8230;&#8220;<\/p>\n<div id='gallery-1' class='gallery galleryid-1584 gallery-columns-3 gallery-size-full'><figure class='gallery-item'>\n\t\t\t<div class='gallery-icon landscape'>\n\t\t\t\t<a href='https:\/\/www.h-universal.com\/wp-content\/uploads\/2020\/11\/rimini-1.jpg' data-size=\"814x570\"><img loading=\"lazy\" decoding=\"async\" width=\"814\" height=\"570\" src=\"https:\/\/www.h-universal.com\/wp-content\/uploads\/2020\/11\/rimini-1.jpg\" class=\"attachment-full size-full\" alt=\"\" \/><\/a>\n\t\t\t<\/div><\/figure><figure class='gallery-item'>\n\t\t\t<div class='gallery-icon landscape'>\n\t\t\t\t<a href='https:\/\/www.h-universal.com\/wp-content\/uploads\/2020\/11\/urbino-1.jpg' data-size=\"814x570\"><img loading=\"lazy\" decoding=\"async\" width=\"814\" height=\"570\" src=\"https:\/\/www.h-universal.com\/wp-content\/uploads\/2020\/11\/urbino-1.jpg\" class=\"attachment-full size-full\" alt=\"\" \/><\/a>\n\t\t\t<\/div><\/figure><figure class='gallery-item'>\n\t\t\t<div class='gallery-icon landscape'>\n\t\t\t\t<a href='https:\/\/www.h-universal.com\/wp-content\/uploads\/2020\/11\/sanleo-1.jpg' data-size=\"814x570\"><img loading=\"lazy\" decoding=\"async\" width=\"814\" height=\"570\" src=\"https:\/\/www.h-universal.com\/wp-content\/uploads\/2020\/11\/sanleo-1.jpg\" class=\"attachment-full size-full\" alt=\"\" \/><\/a>\n\t\t\t<\/div><\/figure><figure class='gallery-item'>\n\t\t\t<div class='gallery-icon landscape'>\n\t\t\t\t<a href='https:\/\/www.h-universal.com\/wp-content\/uploads\/2020\/11\/gradara3.jpg' data-size=\"814x570\"><img loading=\"lazy\" decoding=\"async\" width=\"814\" height=\"570\" src=\"https:\/\/www.h-universal.com\/wp-content\/uploads\/2020\/11\/gradara3.jpg\" class=\"attachment-full size-full\" alt=\"\" \/><\/a>\n\t\t\t<\/div><\/figure><figure class='gallery-item'>\n\t\t\t<div class='gallery-icon landscape'>\n\t\t\t\t<a href='https:\/\/www.h-universal.com\/wp-content\/uploads\/2020\/11\/gradara2.jpg' data-size=\"814x570\"><img loading=\"lazy\" decoding=\"async\" width=\"814\" height=\"570\" src=\"https:\/\/www.h-universal.com\/wp-content\/uploads\/2020\/11\/gradara2.jpg\" class=\"attachment-full size-full\" alt=\"\" \/><\/a>\n\t\t\t<\/div><\/figure><figure class='gallery-item'>\n\t\t\t<div class='gallery-icon landscape'>\n\t\t\t\t<a href='https:\/\/www.h-universal.com\/wp-content\/uploads\/2020\/11\/gradara.jpg' data-size=\"814x570\"><img loading=\"lazy\" decoding=\"async\" width=\"814\" height=\"570\" src=\"https:\/\/www.h-universal.com\/wp-content\/uploads\/2020\/11\/gradara.jpg\" class=\"attachment-full size-full\" alt=\"\" \/><\/a>\n\t\t\t<\/div><\/figure><figure class='gallery-item'>\n\t\t\t<div class='gallery-icon landscape'>\n\t\t\t\t<a href='https:\/\/www.h-universal.com\/wp-content\/uploads\/2020\/11\/sanmarino.jpg' data-size=\"814x570\"><img loading=\"lazy\" decoding=\"async\" width=\"814\" height=\"570\" src=\"https:\/\/www.h-universal.com\/wp-content\/uploads\/2020\/11\/sanmarino.jpg\" class=\"attachment-full size-full\" alt=\"\" \/><\/a>\n\t\t\t<\/div><\/figure><figure class='gallery-item'>\n\t\t\t<div class='gallery-icon landscape'>\n\t\t\t\t<a href='https:\/\/www.h-universal.com\/wp-content\/uploads\/2020\/11\/ravenna.jpg' data-size=\"814x570\"><img loading=\"lazy\" decoding=\"async\" width=\"814\" height=\"570\" src=\"https:\/\/www.h-universal.com\/wp-content\/uploads\/2020\/11\/ravenna.jpg\" class=\"attachment-full size-full\" alt=\"\" \/><\/a>\n\t\t\t<\/div><\/figure>\n\t\t<\/div>\n\n","protected":false},"excerpt":{"rendered":"<p>Im Hinterland der Romagna wird es nie langweilig n Ihrem Urlaub in Rimini gibt es Spa\u00df an jeder Ecke! Wir haben Sonne, Sand, Meer und Nachtleben&#8230; das wissen Sie. Aber wenn Sie auf der Suche nach etwas anderem sind, wenn Sie von einer aktiven Reise tr\u00e4umen, bei der Sie Landschaften im Landesinneren entdecken, wenn Sie unbeschwerten Spa\u00df in Vergn\u00fcgungsparks voller Aktivit\u00e4ten, Geschichte und Kultur suchen: dann werden wir Ihnen etwas &#8230;<\/p>\n","protected":false},"author":1,"featured_media":0,"parent":0,"menu_order":9,"comment_status":"closed","ping_status":"closed","template":"","meta":{"_acf_changed":false},"class_list":["post-1584","page","type-page","status-publish","hentry"],"acf":[],"_links":{"self":[{"href":"https:\/\/www.h-universal.com\/de\/wp-json\/wp\/v2\/pages\/1584","targetHints":{"allow":["GET"]}}],"collection":[{"href":"https:\/\/www.h-universal.com\/de\/wp-json\/wp\/v2\/pages"}],"about":[{"href":"https:\/\/www.h-universal.com\/de\/wp-json\/wp\/v2\/types\/page"}],"author":[{"embeddable":true,"href":"https:\/\/www.h-universal.com\/de\/wp-json\/wp\/v2\/users\/1"}],"replies":[{"embeddable":true,"href":"https:\/\/www.h-universal.com\/de\/wp-json\/wp\/v2\/comments?post=1584"}],"version-history":[{"count":0,"href":"https:\/\/www.h-universal.com\/de\/wp-json\/wp\/v2\/pages\/1584\/revisions"}],"wp:attachment":[{"href":"https:\/\/www.h-universal.com\/de\/wp-json\/wp\/v2\/media?parent=1584"}],"curies":[{"name":"wp","href":"https:\/\/api.w.org\/{rel}","templated":true}]}}