{"id":2198,"date":"2021-12-23T08:11:17","date_gmt":"2021-12-23T07:11:17","guid":{"rendered":"https:\/\/www.h-universal.com\/hotel-pet-friendly-a-bellaria\/"},"modified":"2023-10-24T09:07:59","modified_gmt":"2023-10-24T07:07:59","slug":"pet-friendly-hotel-in-bellaria","status":"publish","type":"page","link":"https:\/\/www.h-universal.com\/de\/pet-friendly-hotel-in-bellaria\/","title":{"rendered":"Pet Friendly Hotel am Meer in Bellaria"},"content":{"rendered":"<h2>Urlaub am Meer mit Ihrem vierbeinigen Freund?<br \/>\nBei uns k\u00f6nnen Sie ihn ins Hotel und sogar an den Strand mitnehmen!<\/h2>\n<p><strong>Das Hotel Universal am Meer in Bellaria ist die ideale L\u00f6sung f\u00fcr Ihren Urlaub mit Ihrem Vierbeiner: Hier sind Tiere sowohl im Hotel als auch unter dem Sonnenschirm willkommen<\/strong><\/p>\n<p>Auch wir haben Hunde und Katzen und wissen, wie angenehm es ist, den Urlaub in Gesellschaft des eigenen Haustiers zu verbringen. Deshalb haben wir f\u00fcr <strong>Ihren Urlaub im Hotel Universal Pet Friendly an alle Dienstleistungen und Vorteile gedacht<\/strong>, die Sie sich w\u00fcnschen, sowohl im Hotel als auch am Strand.<\/p>\n<p><span style=\"font-weight: 400;\">Der Zutritt zu den Gemeinschaftsbereichen ist dem Hund in Begleitung seines Besitzers an der Leine gestattet, au\u00dfer im Restaurant und in den Kinderspielbereichen.<\/span><br \/>\nUnd auch am Strand ist er willkommen, denn dort gibt es einen eigenen Bereich f\u00fcr Urlauber mit Haustieren.<\/p>\n<p><strong>F\u00fcr Hotelaufenthalte wird ein Tageszuschlag berechnet<\/strong>, der auch ein \u201eWillkommensgeschenk\u201c abschlie\u00dfende und Desinfektion des Zimmers mit speziellen Produkten beinhaltet.<\/p>\n<h3>\ud83d\udc3e Nehmen Sie Ihren Hund mit ans Meer! \ud83d\udc3e<\/h3>\n<p><strong>Am Strand<\/strong>, in unserer privaten Einrichtung &#8222;San Marco 11&#8220;, <strong>akzeptieren wir kleine und mittelgro\u00dfe Tiere<\/strong> (bis zu 15 kg) <strong>gegen einen geringen Aufpreis pro Tag <\/strong>und nach vorheriger Anmeldung zum Zeitpunkt der Buchung.<\/p>\n<p><strong>Hier sind die Vorteile f\u00fcr Ihren vierbeinigen Freund und seine Zeit am Strand:<\/strong><br \/>\n\u2713 Sonnenschirm, Liegestuhl und Strandtuch f\u00fcr Ihr Haustier;<br \/>\n\u2713 ein praktischer Napf zum Auff\u00fcllen mit frischem Wasser;<br \/>\n\u2713 Eimer, Schaufel und Gie\u00dfkanne, um den gesamten Bereich sauber zu halten (vor der Abreise zur\u00fcckzugeben)<\/p>\n<h3>Klicken Sie<a href=\"https:\/\/www.h-universal.com\/de\/haeufige-fragen\/\" target=\"_blank\" rel=\"noopener\"><strong>HIER<\/strong>,<\/a> f\u00fcr Details zu den Kosten und Bestimmungen f\u00fcr Urlauber mit Haustieren.<\/h3>\n<div id='gallery-1' class='gallery galleryid-2198 gallery-columns-3 gallery-size-medium'><figure class='gallery-item'>\n\t\t\t<div class='gallery-icon landscape'>\n\t\t\t\t<a href='https:\/\/www.h-universal.com\/de\/pet-friendly-hotel-in-bellaria\/spiaggia-san-marco-bellaria-pet-friendly-2\/' data-size=\"1200x800\"><img loading=\"lazy\" decoding=\"async\" width=\"640\" height=\"420\" src=\"https:\/\/www.h-universal.com\/wp-content\/uploads\/2022\/06\/Spiaggia-San-Marco-Bellaria-Pet-Friendly-640x420.jpg\" class=\"attachment-medium size-medium\" alt=\"\" srcset=\"https:\/\/www.h-universal.com\/wp-content\/uploads\/2022\/06\/Spiaggia-San-Marco-Bellaria-Pet-Friendly-640x420.jpg 640w, https:\/\/www.h-universal.com\/wp-content\/uploads\/2022\/06\/Spiaggia-San-Marco-Bellaria-Pet-Friendly-1200x790.jpg 1200w\" sizes=\"auto, (max-width: 640px) 100vw, 640px\" \/><\/a>\n\t\t\t<\/div><\/figure><figure class='gallery-item'>\n\t\t\t<div class='gallery-icon landscape'>\n\t\t\t\t<a href='https:\/\/www.h-universal.com\/de\/pet-friendly-hotel-in-bellaria\/vacanze-con-animali-al-mare-2\/' data-size=\"1200x800\"><img loading=\"lazy\" decoding=\"async\" width=\"640\" height=\"420\" src=\"https:\/\/www.h-universal.com\/wp-content\/uploads\/2021\/12\/Vacanze-con-Animali-al-mare-640x420.jpg\" class=\"attachment-medium size-medium\" alt=\"\" srcset=\"https:\/\/www.h-universal.com\/wp-content\/uploads\/2021\/12\/Vacanze-con-Animali-al-mare-640x420.jpg 640w, https:\/\/www.h-universal.com\/wp-content\/uploads\/2021\/12\/Vacanze-con-Animali-al-mare-1200x790.jpg 1200w\" sizes=\"auto, (max-width: 640px) 100vw, 640px\" \/><\/a>\n\t\t\t<\/div><\/figure><figure class='gallery-item'>\n\t\t\t<div class='gallery-icon landscape'>\n\t\t\t\t<a href='https:\/\/www.h-universal.com\/de\/offerte\/mai-im-bellaria-igea-marina\/bagno-11-2\/' data-size=\"1000x800\"><img loading=\"lazy\" decoding=\"async\" width=\"640\" height=\"420\" src=\"https:\/\/www.h-universal.com\/wp-content\/uploads\/2021\/02\/Bagno-11-640x420.jpg\" class=\"attachment-medium size-medium\" alt=\"\" \/><\/a>\n\t\t\t<\/div><\/figure><figure class='gallery-item'>\n\t\t\t<div class='gallery-icon landscape'>\n\t\t\t\t<a href='https:\/\/www.h-universal.com\/de\/pet-friendly-hotel-in-bellaria\/al-mare-con-fido-2\/' data-size=\"1200x800\"><img loading=\"lazy\" decoding=\"async\" width=\"640\" height=\"420\" src=\"https:\/\/www.h-universal.com\/wp-content\/uploads\/2021\/12\/Al-mare-con-fido-640x420.jpg\" class=\"attachment-medium size-medium\" alt=\"\" srcset=\"https:\/\/www.h-universal.com\/wp-content\/uploads\/2021\/12\/Al-mare-con-fido-640x420.jpg 640w, https:\/\/www.h-universal.com\/wp-content\/uploads\/2021\/12\/Al-mare-con-fido-1200x790.jpg 1200w\" sizes=\"auto, (max-width: 640px) 100vw, 640px\" \/><\/a>\n\t\t\t<\/div><\/figure><figure class='gallery-item'>\n\t\t\t<div class='gallery-icon landscape'>\n\t\t\t\t<a href='https:\/\/www.h-universal.com\/de\/pet-friendly-hotel-in-bellaria\/in-vacanza-con-fido-2\/' data-size=\"1200x800\"><img loading=\"lazy\" decoding=\"async\" width=\"640\" height=\"420\" src=\"https:\/\/www.h-universal.com\/wp-content\/uploads\/2021\/12\/In-vacanza-con-fido-640x420.jpg\" class=\"attachment-medium size-medium\" alt=\"\" srcset=\"https:\/\/www.h-universal.com\/wp-content\/uploads\/2021\/12\/In-vacanza-con-fido-640x420.jpg 640w, https:\/\/www.h-universal.com\/wp-content\/uploads\/2021\/12\/In-vacanza-con-fido-1200x790.jpg 1200w\" sizes=\"auto, (max-width: 640px) 100vw, 640px\" \/><\/a>\n\t\t\t<\/div><\/figure>\n\t\t<\/div>\n\n","protected":false},"excerpt":{"rendered":"<p>Urlaub am Meer mit Ihrem vierbeinigen Freund? Bei uns k\u00f6nnen Sie ihn ins Hotel und sogar an den Strand mitnehmen! Das Hotel Universal am Meer in Bellaria ist die ideale L\u00f6sung f\u00fcr Ihren Urlaub mit Ihrem Vierbeiner: Hier sind Tiere sowohl im Hotel als auch unter dem Sonnenschirm willkommen Auch wir haben Hunde und Katzen und wissen, wie angenehm es ist, den Urlaub in Gesellschaft des eigenen Haustiers zu verbringen. &#8230;<\/p>\n","protected":false},"author":1,"featured_media":0,"parent":0,"menu_order":2,"comment_status":"closed","ping_status":"closed","template":"","meta":{"_acf_changed":false},"class_list":["post-2198","page","type-page","status-publish","hentry"],"acf":[],"_links":{"self":[{"href":"https:\/\/www.h-universal.com\/de\/wp-json\/wp\/v2\/pages\/2198","targetHints":{"allow":["GET"]}}],"collection":[{"href":"https:\/\/www.h-universal.com\/de\/wp-json\/wp\/v2\/pages"}],"about":[{"href":"https:\/\/www.h-universal.com\/de\/wp-json\/wp\/v2\/types\/page"}],"author":[{"embeddable":true,"href":"https:\/\/www.h-universal.com\/de\/wp-json\/wp\/v2\/users\/1"}],"replies":[{"embeddable":true,"href":"https:\/\/www.h-universal.com\/de\/wp-json\/wp\/v2\/comments?post=2198"}],"version-history":[{"count":0,"href":"https:\/\/www.h-universal.com\/de\/wp-json\/wp\/v2\/pages\/2198\/revisions"}],"wp:attachment":[{"href":"https:\/\/www.h-universal.com\/de\/wp-json\/wp\/v2\/media?parent=2198"}],"curies":[{"name":"wp","href":"https:\/\/api.w.org\/{rel}","templated":true}]}}