{"id":2200,"date":"2020-10-30T13:12:05","date_gmt":"2020-10-30T12:12:05","guid":{"rendered":"https:\/\/www.h-universal.com\/family\/"},"modified":"2023-01-18T12:22:47","modified_gmt":"2023-01-18T11:22:47","slug":"family","status":"publish","type":"page","link":"https:\/\/www.h-universal.com\/de\/family\/","title":{"rendered":"Hotel in Bellaria f\u00fcr Familien am Meer mit Schwimmbad und Animation"},"content":{"rendered":"<h3>In Bellaria gibt es einen Ort, an dem Ihr Urlaub mit Kindern unvergessliche Momente bietet<\/h3>\n<p><span style=\"font-size: 14pt;\">Im Hotel Universal haben Sie wirklich alles, was Sie f\u00fcr einen ruhigen Urlaub mit Ihren Kindern brauchen, und Sie sind direkt am Strand: Es gibt keine Stra\u00dfen zu \u00fcberqueren!<br \/>\nWir sind auch eine Familie und kennen die Bed\u00fcrfnisse derjenigen, die ein kinderfreundliches Familienhotel suchen, das alle Dienstleistungen bietet, die man braucht, um entspannte und unbeschwerte Tage zu verbringen.<br \/>\nSo haben wir uns organisiert, um Sie und Ihre Kleinen willkommen zu hei\u00dfen.<br \/>\n<\/span><\/p>\n<h2>Family-Dienstleistungen im Zimmer<\/h2>\n<p>Hier finden Sie verschiedene Zimmertypen. W<strong>\u00e4hlen Sie die f\u00fcr Ihre Bed\u00fcrfnisse geeignete L\u00f6sung.<\/strong><br \/>\nWenn Sie mit Babys (0-2 Jahre alt) reisen, haben Sie unser &#8222;<em>Infant Package<\/em>&#8220; in das Angebot inbegriften:<\/p>\n<ul>\n<li style=\"font-weight: 400;\" aria-level=\"1\"><span style=\"font-weight: 400;\">eine bequeme <strong>Wiege oder ein Einzelbett<\/strong> mit einem Fallschutzgitter<\/span><\/li>\n<li style=\"font-weight: 400;\" aria-level=\"1\"><span style=\"font-weight: 400;\">eine Babywanne zum Planschen<\/span><\/li>\n<li aria-level=\"1\">ein kostenloses<strong> Nachtlicht<\/strong><\/li>\n<li style=\"font-weight: 400;\" aria-level=\"1\"><span style=\"font-weight: 400;\">einen weichen und bunten <strong>Wickeltisch <\/strong><\/span><\/li>\n<li style=\"font-weight: 400;\" aria-level=\"1\"><span style=\"font-weight: 400;\">einen praktischen <strong>Flaschenw\u00e4rmer<\/strong><\/span><\/li>\n<li style=\"font-weight: 400;\" aria-level=\"1\">ein buntes <strong>T\u00f6pfchen<\/strong><\/li>\n<\/ul>\n<p><span style=\"font-size: 14pt;\"><strong>Folgendes finden Sie im Raum<\/strong><b><b>\ud83d\udc47<\/b><\/b><\/span><\/p>\n<div id='gallery-1' class='gallery galleryid-2200 gallery-columns-4 gallery-size-full'><figure class='gallery-item'>\n\t\t\t<div class='gallery-icon landscape'>\n\t\t\t\t<a href='https:\/\/www.h-universal.com\/wp-content\/uploads\/2022\/11\/Culla_Pacchetto_Infant_Hotel_Universal_Bellaria.jpg' data-size=\"480x480\"><img loading=\"lazy\" decoding=\"async\" width=\"480\" height=\"480\" src=\"https:\/\/www.h-universal.com\/wp-content\/uploads\/2022\/11\/Culla_Pacchetto_Infant_Hotel_Universal_Bellaria.jpg\" class=\"attachment-full size-full\" alt=\"\" srcset=\"https:\/\/www.h-universal.com\/wp-content\/uploads\/2022\/11\/Culla_Pacchetto_Infant_Hotel_Universal_Bellaria.jpg 480w, https:\/\/www.h-universal.com\/wp-content\/uploads\/2022\/11\/Culla_Pacchetto_Infant_Hotel_Universal_Bellaria-300x300.jpg 300w\" sizes=\"auto, (max-width: 480px) 100vw, 480px\" \/><\/a>\n\t\t\t<\/div><\/figure><figure class='gallery-item'>\n\t\t\t<div class='gallery-icon landscape'>\n\t\t\t\t<a href='https:\/\/www.h-universal.com\/wp-content\/uploads\/2022\/11\/Vasino_Pacchetto_Infant_Hotel_Universal_Bellaria.jpg' data-size=\"480x480\"><img loading=\"lazy\" decoding=\"async\" width=\"480\" height=\"480\" src=\"https:\/\/www.h-universal.com\/wp-content\/uploads\/2022\/11\/Vasino_Pacchetto_Infant_Hotel_Universal_Bellaria.jpg\" class=\"attachment-full size-full\" alt=\"\" srcset=\"https:\/\/www.h-universal.com\/wp-content\/uploads\/2022\/11\/Vasino_Pacchetto_Infant_Hotel_Universal_Bellaria.jpg 480w, https:\/\/www.h-universal.com\/wp-content\/uploads\/2022\/11\/Vasino_Pacchetto_Infant_Hotel_Universal_Bellaria-300x300.jpg 300w\" sizes=\"auto, (max-width: 480px) 100vw, 480px\" \/><\/a>\n\t\t\t<\/div><\/figure><figure class='gallery-item'>\n\t\t\t<div class='gallery-icon landscape'>\n\t\t\t\t<a href='https:\/\/www.h-universal.com\/wp-content\/uploads\/2023\/01\/Luce_Notturna_Hotel_Universal_Bellaria.jpg' data-size=\"480x480\"><img loading=\"lazy\" decoding=\"async\" width=\"480\" height=\"480\" src=\"https:\/\/www.h-universal.com\/wp-content\/uploads\/2023\/01\/Luce_Notturna_Hotel_Universal_Bellaria.jpg\" class=\"attachment-full size-full\" alt=\"\" srcset=\"https:\/\/www.h-universal.com\/wp-content\/uploads\/2023\/01\/Luce_Notturna_Hotel_Universal_Bellaria.jpg 480w, https:\/\/www.h-universal.com\/wp-content\/uploads\/2023\/01\/Luce_Notturna_Hotel_Universal_Bellaria-300x300.jpg 300w\" sizes=\"auto, (max-width: 480px) 100vw, 480px\" \/><\/a>\n\t\t\t<\/div><\/figure><figure class='gallery-item'>\n\t\t\t<div class='gallery-icon landscape'>\n\t\t\t\t<a href='https:\/\/www.h-universal.com\/wp-content\/uploads\/2022\/11\/Vaschetta_Pacchetto_Infant_Hotel_Universal_Bellaria.jpg' data-size=\"480x480\"><img loading=\"lazy\" decoding=\"async\" width=\"480\" height=\"480\" src=\"https:\/\/www.h-universal.com\/wp-content\/uploads\/2022\/11\/Vaschetta_Pacchetto_Infant_Hotel_Universal_Bellaria.jpg\" class=\"attachment-full size-full\" alt=\"\" srcset=\"https:\/\/www.h-universal.com\/wp-content\/uploads\/2022\/11\/Vaschetta_Pacchetto_Infant_Hotel_Universal_Bellaria.jpg 480w, https:\/\/www.h-universal.com\/wp-content\/uploads\/2022\/11\/Vaschetta_Pacchetto_Infant_Hotel_Universal_Bellaria-300x300.jpg 300w\" sizes=\"auto, (max-width: 480px) 100vw, 480px\" \/><\/a>\n\t\t\t<\/div><\/figure><figure class='gallery-item'>\n\t\t\t<div class='gallery-icon landscape'>\n\t\t\t\t<a href='https:\/\/www.h-universal.com\/wp-content\/uploads\/2022\/11\/Scaldabiberon_Pacchetto_Infant_Hotel_Universal_Bellaria.jpg' data-size=\"480x480\"><img loading=\"lazy\" decoding=\"async\" width=\"480\" height=\"480\" src=\"https:\/\/www.h-universal.com\/wp-content\/uploads\/2022\/11\/Scaldabiberon_Pacchetto_Infant_Hotel_Universal_Bellaria.jpg\" class=\"attachment-full size-full\" alt=\"\" srcset=\"https:\/\/www.h-universal.com\/wp-content\/uploads\/2022\/11\/Scaldabiberon_Pacchetto_Infant_Hotel_Universal_Bellaria.jpg 480w, https:\/\/www.h-universal.com\/wp-content\/uploads\/2022\/11\/Scaldabiberon_Pacchetto_Infant_Hotel_Universal_Bellaria-300x300.jpg 300w\" sizes=\"auto, (max-width: 480px) 100vw, 480px\" \/><\/a>\n\t\t\t<\/div><\/figure>\n\t\t<\/div>\n\n<h2>Family-Dienstleistungen im Restaurant<\/h2>\n<p><em>Wenn es Zeit zum Essen ist&#8230; sind wir da!<\/em><br \/>\nAuch im Restaurant gibt es zahlreiche Dienstleistungen, die das Essen entspannt gestalten.<br \/>\nWenn Sie m\u00f6chten, dass Ihr Kind in Ruhe essen kann, k\u00f6nnen Sie den Einlass zum Restaurant um 30 Minuten vorziehen, sowohl beim Mittag- als auch beim Abendessen.<\/p>\n<p>Der K\u00fcchenchef und seine Mitarbeiter bereiten <strong>t\u00e4glich<\/strong> Gem\u00fcsesuppen und -br\u00fchen zu und stehen auch f\u00fcr die Zubereitung von Babynahrung und Geb\u00e4ck zur Verf\u00fcgung.<br \/>\n\u00c4ltere Kinder finden\u00a0im Restaurant ein spezielles Men\u00fc f\u00fcr sie.<br \/>\nDar\u00fcber hinaus bieten wir im Restaurant:<\/p>\n<ul>\n<li>Hochst\u00fchle<\/li>\n<li>Sitzkissen<\/li>\n<li>Kunststoff-Tischsets<\/li>\n<li>L\u00e4tzchen<\/li>\n<li>Tischset f\u00fcr Babys (unzerbrechliche Teller, Becher und Besteck)<\/li>\n<\/ul>\n<h2>Family-Dienstleistungen am Strand<\/h2>\n<p><em>Und wenn es an der Zeit ist, sich zu am\u00fcsieren&#8230; sind Sie in wenigen Schritten am Strand!<\/em><\/p>\n<p>Um die Tage f\u00fcr Ihre Kinder zu etwas ganz Besonderem zu machen, erwartet Sie das Animationsteam am Strand, das morgens mit einem reichhaltigen Programm beginnt:<\/p>\n<ul>\n<li>Turniere, Schatzsuchen, Teamspiele, Kinderschminken, Poster, Singen und viel Lachen sind das T\u00fcpfelchen auf dem i f\u00fcr einen perfekten Urlaub!<\/li>\n<li>Es werden auch Aktivit\u00e4ten f\u00fcr Erwachsene angeboten, wie z. B. Muskeltraining und Wassergymnastik.<\/li>\n<\/ul>\n<p>Die Animationszeiten sind <strong>t\u00e4glich au\u00dfer samstags<\/strong> von 9 bis 12 Uhr und von 16 bis 18.30 Uhr.<\/p>\n<p>W\u00e4hrend sie sich in Gesellschaft am\u00fcsieren, k\u00f6nnen Sie sich richtig entspannen: An der<a href=\"https:\/\/www.h-universal.com\/de\/bar\/\"><strong> Bar<\/strong><\/a> warten frische Aperitifs auf Sie, die Sie am Pool genie\u00dfen k\u00f6nnen. Oder Sie tauchen ein und lassen sich im Whirlpool verw\u00f6hnen und buchen zur v\u00f6lligen Entspannung eine <a href=\"https:\/\/www.h-universal.com\/de\/massagen-und-behandlungen\/\"><strong>Massage oder Wellnessbehandlung<\/strong>.<\/a><\/p>\n<div id='gallery-2' class='gallery galleryid-2200 gallery-columns-3 gallery-size-full'><figure class='gallery-item'>\n\t\t\t<div class='gallery-icon landscape'>\n\t\t\t\t<a href='https:\/\/www.h-universal.com\/wp-content\/uploads\/2020\/12\/Bagno-11-san-marco-bellaria-animazione-bambini.jpg' data-size=\"1000x700\"><img loading=\"lazy\" decoding=\"async\" width=\"1000\" height=\"700\" src=\"https:\/\/www.h-universal.com\/wp-content\/uploads\/2020\/12\/Bagno-11-san-marco-bellaria-animazione-bambini.jpg\" class=\"attachment-full size-full\" alt=\"\" \/><\/a>\n\t\t\t<\/div><\/figure><figure class='gallery-item'>\n\t\t\t<div class='gallery-icon landscape'>\n\t\t\t\t<a href='https:\/\/www.h-universal.com\/wp-content\/uploads\/2020\/12\/Gallery-Spiaggia-08-Hotel-Universal-Bellaria.jpg' data-size=\"1000x700\"><img loading=\"lazy\" decoding=\"async\" width=\"1000\" height=\"700\" src=\"https:\/\/www.h-universal.com\/wp-content\/uploads\/2020\/12\/Gallery-Spiaggia-08-Hotel-Universal-Bellaria.jpg\" class=\"attachment-full size-full\" alt=\"\" \/><\/a>\n\t\t\t<\/div><\/figure><figure class='gallery-item'>\n\t\t\t<div class='gallery-icon landscape'>\n\t\t\t\t<a href='https:\/\/www.h-universal.com\/wp-content\/uploads\/2020\/12\/Gallery-Spiaggia-05-Hotel-Universal-Bellaria.jpg' data-size=\"1000x700\"><img loading=\"lazy\" decoding=\"async\" width=\"1000\" height=\"700\" src=\"https:\/\/www.h-universal.com\/wp-content\/uploads\/2020\/12\/Gallery-Spiaggia-05-Hotel-Universal-Bellaria.jpg\" class=\"attachment-full size-full\" alt=\"\" \/><\/a>\n\t\t\t<\/div><\/figure><figure class='gallery-item'>\n\t\t\t<div class='gallery-icon landscape'>\n\t\t\t\t<a href='https:\/\/www.h-universal.com\/wp-content\/uploads\/2020\/12\/animazione-bagno11-san-marco-bellaria.jpg' data-size=\"1000x700\"><img loading=\"lazy\" decoding=\"async\" width=\"1000\" height=\"700\" src=\"https:\/\/www.h-universal.com\/wp-content\/uploads\/2020\/12\/animazione-bagno11-san-marco-bellaria.jpg\" class=\"attachment-full size-full\" alt=\"\" \/><\/a>\n\t\t\t<\/div><\/figure><figure class='gallery-item'>\n\t\t\t<div class='gallery-icon landscape'>\n\t\t\t\t<a href='https:\/\/www.h-universal.com\/wp-content\/uploads\/2020\/12\/Gallery-Spiaggia-06-Hotel-Universal-Bellaria.jpg' data-size=\"1000x700\"><img loading=\"lazy\" decoding=\"async\" width=\"1000\" height=\"700\" src=\"https:\/\/www.h-universal.com\/wp-content\/uploads\/2020\/12\/Gallery-Spiaggia-06-Hotel-Universal-Bellaria.jpg\" class=\"attachment-full size-full\" alt=\"\" \/><\/a>\n\t\t\t<\/div><\/figure><figure class='gallery-item'>\n\t\t\t<div class='gallery-icon landscape'>\n\t\t\t\t<a href='https:\/\/www.h-universal.com\/wp-content\/uploads\/2020\/12\/Gallery-Spiaggia-09-Hotel-Universal-Bellaria.jpg' data-size=\"1000x700\"><img loading=\"lazy\" decoding=\"async\" width=\"1000\" height=\"700\" src=\"https:\/\/www.h-universal.com\/wp-content\/uploads\/2020\/12\/Gallery-Spiaggia-09-Hotel-Universal-Bellaria.jpg\" class=\"attachment-full size-full\" alt=\"\" \/><\/a>\n\t\t\t<\/div><\/figure><figure class='gallery-item'>\n\t\t\t<div class='gallery-icon landscape'>\n\t\t\t\t<a href='https:\/\/www.h-universal.com\/wp-content\/uploads\/2020\/12\/Gallery-Spiaggia-07-Hotel-Universal-Bellaria.jpg' data-size=\"1000x700\"><img loading=\"lazy\" decoding=\"async\" width=\"1000\" height=\"700\" src=\"https:\/\/www.h-universal.com\/wp-content\/uploads\/2020\/12\/Gallery-Spiaggia-07-Hotel-Universal-Bellaria.jpg\" class=\"attachment-full size-full\" alt=\"\" \/><\/a>\n\t\t\t<\/div><\/figure><figure class='gallery-item'>\n\t\t\t<div class='gallery-icon landscape'>\n\t\t\t\t<a href='https:\/\/www.h-universal.com\/wp-content\/uploads\/2020\/12\/Bagno-11-san-marco-bellaria-animazione-bimbi.jpg' data-size=\"1000x700\"><img loading=\"lazy\" decoding=\"async\" width=\"1000\" height=\"700\" src=\"https:\/\/www.h-universal.com\/wp-content\/uploads\/2020\/12\/Bagno-11-san-marco-bellaria-animazione-bimbi.jpg\" class=\"attachment-full size-full\" alt=\"\" \/><\/a>\n\t\t\t<\/div><\/figure><figure class='gallery-item'>\n\t\t\t<div class='gallery-icon landscape'>\n\t\t\t\t<a href='https:\/\/www.h-universal.com\/wp-content\/uploads\/2020\/11\/Gallery-Spiaggia-04-Hotel-Universal-Bellaria.jpg' data-size=\"1000x700\"><img loading=\"lazy\" decoding=\"async\" width=\"1000\" height=\"700\" src=\"https:\/\/www.h-universal.com\/wp-content\/uploads\/2020\/11\/Gallery-Spiaggia-04-Hotel-Universal-Bellaria.jpg\" class=\"attachment-full size-full\" alt=\"\" \/><\/a>\n\t\t\t<\/div><\/figure>\n\t\t<\/div>\n\n","protected":false},"excerpt":{"rendered":"<p>In Bellaria gibt es einen Ort, an dem Ihr Urlaub mit Kindern unvergessliche Momente bietet Im Hotel Universal haben Sie wirklich alles, was Sie f\u00fcr einen ruhigen Urlaub mit Ihren Kindern brauchen, und Sie sind direkt am Strand: Es gibt keine Stra\u00dfen zu \u00fcberqueren! Wir sind auch eine Familie und kennen die Bed\u00fcrfnisse derjenigen, die ein kinderfreundliches Familienhotel suchen, das alle Dienstleistungen bietet, die man braucht, um entspannte und unbeschwerte &#8230;<\/p>\n","protected":false},"author":1,"featured_media":0,"parent":0,"menu_order":13,"comment_status":"closed","ping_status":"closed","template":"","meta":{"_acf_changed":false},"class_list":["post-2200","page","type-page","status-publish","hentry"],"acf":[],"_links":{"self":[{"href":"https:\/\/www.h-universal.com\/de\/wp-json\/wp\/v2\/pages\/2200","targetHints":{"allow":["GET"]}}],"collection":[{"href":"https:\/\/www.h-universal.com\/de\/wp-json\/wp\/v2\/pages"}],"about":[{"href":"https:\/\/www.h-universal.com\/de\/wp-json\/wp\/v2\/types\/page"}],"author":[{"embeddable":true,"href":"https:\/\/www.h-universal.com\/de\/wp-json\/wp\/v2\/users\/1"}],"replies":[{"embeddable":true,"href":"https:\/\/www.h-universal.com\/de\/wp-json\/wp\/v2\/comments?post=2200"}],"version-history":[{"count":0,"href":"https:\/\/www.h-universal.com\/de\/wp-json\/wp\/v2\/pages\/2200\/revisions"}],"wp:attachment":[{"href":"https:\/\/www.h-universal.com\/de\/wp-json\/wp\/v2\/media?parent=2200"}],"curies":[{"name":"wp","href":"https:\/\/api.w.org\/{rel}","templated":true}]}}