{"id":2210,"date":"2022-10-24T15:06:29","date_gmt":"2022-10-24T13:06:29","guid":{"rendered":"https:\/\/www.h-universal.com\/le-camere\/"},"modified":"2022-12-07T14:29:06","modified_gmt":"2022-12-07T13:29:06","slug":"die-zimmer","status":"publish","type":"page","link":"https:\/\/www.h-universal.com\/de\/die-zimmer\/","title":{"rendered":"Die Zimmer"},"content":{"rendered":"<h2>Alle Zimmer im Hotel Universal haben einen direkten oder seitlichen Blick auf das Meer und einen komfortablen Balkon<\/h2>\n<p>Die Zimmer unseres Hotels am Meer in Bellaria haben ein <strong>sch\u00f6ne Aussicht<\/strong> und erhalten direkt die Sonne und die Brise vom Strand.<\/p>\n<p>Vom Balkon der Zimmer mit <strong>DIREKTEM BLICK AUF DAS MEER<\/strong> k\u00f6nnen Sie sehen, wie die Sonne \u00fcber dem Meer aufgeht. Am Ende des Tages genie\u00dfen Sie die Sch\u00f6nheit des Meeres am Abend und die Lichter der Riviera, die die K\u00fcste bis zum Horizont erleuchten.<\/p>\n<p>Auf dem bequemen Balkon der Zimmer mit <strong>SEITLICHEM BLICK AUF DAS MEER<\/strong> k\u00f6nnen Sie, je nach Lage:<\/p>\n<p><strong>&#8211; die Sonne aufgehen sehen<\/strong> und sich auf einen neuen Urlaubstag vorbereiten<br \/>\noder<br \/>\n<strong>&#8211; den besonderen Moment des Sonnenuntergangs<\/strong> nach einem intensiven Tag am Meer genie\u00dfen.<\/p>\n<p>Alle verf\u00fcgen \u00fcber <strong>einen Balkon, eine unabh\u00e4ngige Klimaanlage, Satellitenfernsehen mit Sky-Kan\u00e4len, Telefon, Safe, Haartrockner, Minik\u00fchlschrank und doppelte Kopfkissen.<\/strong><br \/>\nJedes verf\u00fcgt \u00fcber ein<strong> Badezimmer mit Duschkabine<\/strong> und<strong> Zugang per Schl\u00fcsselkarte.<\/strong><\/p>\n","protected":false},"excerpt":{"rendered":"<p>Alle Zimmer im Hotel Universal haben einen direkten oder seitlichen Blick auf das Meer und einen komfortablen Balkon Die Zimmer unseres Hotels am Meer in Bellaria haben ein sch\u00f6ne Aussicht und erhalten direkt die Sonne und die Brise vom Strand. Vom Balkon der Zimmer mit DIREKTEM BLICK AUF DAS MEER k\u00f6nnen Sie sehen, wie die Sonne \u00fcber dem Meer aufgeht. Am Ende des Tages genie\u00dfen Sie die Sch\u00f6nheit des Meeres &#8230;<\/p>\n","protected":false},"author":1,"featured_media":0,"parent":0,"menu_order":1,"comment_status":"closed","ping_status":"closed","template":"template\/template.camere.php","meta":{"_acf_changed":false},"class_list":["post-2210","page","type-page","status-publish","hentry"],"acf":[],"_links":{"self":[{"href":"https:\/\/www.h-universal.com\/de\/wp-json\/wp\/v2\/pages\/2210","targetHints":{"allow":["GET"]}}],"collection":[{"href":"https:\/\/www.h-universal.com\/de\/wp-json\/wp\/v2\/pages"}],"about":[{"href":"https:\/\/www.h-universal.com\/de\/wp-json\/wp\/v2\/types\/page"}],"author":[{"embeddable":true,"href":"https:\/\/www.h-universal.com\/de\/wp-json\/wp\/v2\/users\/1"}],"replies":[{"embeddable":true,"href":"https:\/\/www.h-universal.com\/de\/wp-json\/wp\/v2\/comments?post=2210"}],"version-history":[{"count":0,"href":"https:\/\/www.h-universal.com\/de\/wp-json\/wp\/v2\/pages\/2210\/revisions"}],"wp:attachment":[{"href":"https:\/\/www.h-universal.com\/de\/wp-json\/wp\/v2\/media?parent=2210"}],"curies":[{"name":"wp","href":"https:\/\/api.w.org\/{rel}","templated":true}]}}