{"id":2321,"date":"2023-10-24T10:03:42","date_gmt":"2023-10-24T08:03:42","guid":{"rendered":"https:\/\/www.h-universal.com\/condizioni-generali-di-prenotazione\/"},"modified":"2025-02-07T09:37:18","modified_gmt":"2025-02-07T08:37:18","slug":"allgemeine-buchungsbedingungen","status":"publish","type":"page","link":"https:\/\/www.h-universal.com\/de\/allgemeine-buchungsbedingungen\/","title":{"rendered":"Allgemeine Buchungsbedingungen"},"content":{"rendered":"<p><strong>Buchungsbedingungen<br \/>\n<\/strong>Die Buchung wird mit der Zahlung einer Anzahlung in H\u00f6he von 30 % des Gesamtbetrags, die innerhalb von 7 Tagen nach der Best\u00e4tigung zu \u00fcberweisen ist, endg\u00fcltig best\u00e4tigt.<br \/>\nDer Restbetrag wird am Ende des Aufenthalts direkt an das Hotel gezahlt.<br \/>\nMit der Zahlung der Anzahlung gelten die allgemeinen Buchungsbedingungen und insbesondere die Stornobedingungen als vollst\u00e4ndig verstanden und rechtsverbindlich anerkannt.<\/p>\n<p><strong>Anzalhung<br \/>\n<\/strong>Im Falle einer Stornierung der Buchung durch den Kunden wird die Anzahlung nicht<br \/>\nzur\u00fcckerstattet (mit Ausnahme der in den Bedingungen genannten F\u00e4lle). Wir empfehlen den<br \/>\nAbschluss einer Reiser\u00fccktrittsversicherung.<br \/>\nWir empfehlen den Abschluss einer Reiser\u00fccktrittsversicherung.<\/p>\n<p><strong>Verspatete ankfut oder fr\u00fche Abreise<br \/>\n<\/strong>Auch bei versp\u00e4teter Anreise oder vorzeitiger Abreise ist der Kunde zur Zahlung des vollen Entgelts verpflichtet.<\/p>\n<p><b>\u00c4nderung der Aufenthaltsbestimmungen<br \/>\n<\/b><span style=\"font-weight: 400;\">Auch bei versp\u00e4teter Anreise oder vorzeitiger Abreise ist der Kunde zur Zahlung des vollen Entgeltes verpflichtet.<\/span><\/p>\n<p><span style=\"font-weight: 400;\">Wenn die Daten des gebuchten Aufenthalts mit neuen Daten in der aktuellen Saison (oder in der folgenden Saison) ge\u00e4ndert werden m\u00fcssen,<\/span><b> mit 21 Tagen K\u00fcndigungsfrist <\/b><span style=\"font-weight: 400;\">entsprechend der Verf\u00fcgbarkeit der Struktur wird die Anzahlung beim n\u00e4chsten Aufenthalt vollst\u00e4ndig zur\u00fcckerstattet, sofern die Kosten des neuen Aufenthalts gleich oder h\u00f6her als die des zuvor gebuchten Aufenthalts sind.<\/span><\/p>\n<p><span style=\"font-weight: 400;\">Die \u00c4nderung der Aufenthaltsdaten ist nur unter Beachtung der nachstehenden Stornierungsbedingungen m\u00f6glich.<\/span><\/p>\n<p><span style=\"font-weight: 400;\">\u00a0Im Falle einer Stornierung auch des 2. Aufenthalts, unabh\u00e4ngig davon, wann die Stornierung erfolgt, wird die geleistete Anzahlung automatisch als 100% Stornogeb\u00fchr einbehalten, ohne dass eine Umbuchung m\u00f6glich ist.<\/span><\/p>\n<p><b>Stornierungsbedingungen des Aufenthalts<\/b><\/p>\n<ul>\n<li style=\"font-weight: 400;\" aria-level=\"1\"><span style=\"font-weight: 400;\">Bei Stornierungen von mehr als 21 Tagen vor der Ankunft wird der 50% der geleisteten Anzahlung einbehalten;<\/span><\/li>\n<li style=\"font-weight: 400;\" aria-level=\"1\"><span style=\"font-weight: 400;\">Bei einer Stornierung ab 21 Tage bis 10 Tage vor Anreise wird der 75% der geleisteten Anzahlung einbehalten;<\/span><\/li>\n<li style=\"font-weight: 400;\" aria-level=\"1\"><span style=\"font-weight: 400;\">Bei einer Stornierung weniger 10 Tage vor dem Ankunftsdatum wird der als Anzahlung gezahlte Betrag vollst\u00e4ndig einbehalten.<\/span><\/li>\n<\/ul>\n","protected":false},"excerpt":{"rendered":"<p>Buchungsbedingungen Die Buchung wird mit der Zahlung einer Anzahlung in H\u00f6he von 30 % des Gesamtbetrags, die innerhalb von 7 Tagen nach der Best\u00e4tigung zu \u00fcberweisen ist, endg\u00fcltig best\u00e4tigt. Der Restbetrag wird am Ende des Aufenthalts direkt an das Hotel gezahlt. Mit der Zahlung der Anzahlung gelten die allgemeinen Buchungsbedingungen und insbesondere die Stornobedingungen als vollst\u00e4ndig verstanden und rechtsverbindlich anerkannt. Anzalhung Im Falle einer Stornierung der Buchung durch den Kunden &#8230;<\/p>\n","protected":false},"author":1,"featured_media":0,"parent":0,"menu_order":0,"comment_status":"closed","ping_status":"closed","template":"","meta":{"_acf_changed":false},"class_list":["post-2321","page","type-page","status-publish","hentry"],"acf":[],"_links":{"self":[{"href":"https:\/\/www.h-universal.com\/de\/wp-json\/wp\/v2\/pages\/2321","targetHints":{"allow":["GET"]}}],"collection":[{"href":"https:\/\/www.h-universal.com\/de\/wp-json\/wp\/v2\/pages"}],"about":[{"href":"https:\/\/www.h-universal.com\/de\/wp-json\/wp\/v2\/types\/page"}],"author":[{"embeddable":true,"href":"https:\/\/www.h-universal.com\/de\/wp-json\/wp\/v2\/users\/1"}],"replies":[{"embeddable":true,"href":"https:\/\/www.h-universal.com\/de\/wp-json\/wp\/v2\/comments?post=2321"}],"version-history":[{"count":0,"href":"https:\/\/www.h-universal.com\/de\/wp-json\/wp\/v2\/pages\/2321\/revisions"}],"wp:attachment":[{"href":"https:\/\/www.h-universal.com\/de\/wp-json\/wp\/v2\/media?parent=2321"}],"curies":[{"name":"wp","href":"https:\/\/api.w.org\/{rel}","templated":true}]}}