{"id":1549,"date":"2022-01-10T09:45:23","date_gmt":"2022-01-10T08:45:23","guid":{"rendered":"https:\/\/www.h-universal.com\/?page_id=1549"},"modified":"2022-01-10T09:47:52","modified_gmt":"2022-01-10T08:47:52","slug":"haeufige-fragen","status":"publish","type":"page","link":"https:\/\/www.h-universal.com\/en\/haeufige-fragen\/","title":{"rendered":"H\u00e4ufige Fragen"},"content":{"rendered":"<h3>Ecco tutte le risposte alle domande pi\u00f9 frequenti che riceviamo da chi cerca un hotel direttamente sul mare per le proprie vacanze a Bellaria Igea Marina.<\/h3>\n<h4>Leggendo le risposte, puoi raccogliere informazioni preziose per iniziare a immaginare le tue vacanze all&#8217;Hotel Universal.<\/h4>\n<hr \/>\n<div id=\"accordion-faq\" class=\"panel-group\" role=\"tablist\" aria-multiselectable=\"true\">\n<div class=\"panel panel-default\">\n<div id=\"faq-heading-1\" class=\"panel-heading\" role=\"tab\">\n<h4 class=\"panel-title\"><a role=\"button\" href=\"#faq-collapse-1\" data-toggle=\"collapse\" data-parent=\"#accordion-faq\" aria-expanded=\"true\" aria-controls=\"faq-collapse-1\">Das Hotel liegt n der N\u00e4he des Meeres?<\/a><\/h4>\n<\/div>\n<div id=\"faq-collapse-1\" class=\"panel-collapse collapse in\" role=\"tabpanel\" aria-labelledby=\"faq-heading-1\">\n<div class=\"panel-body\">\n<p>Das Hotel liegt direkt am Meer. Nur mit drei stufen erreichen Sie den Strand und unserem Bad nr 11 San Marco<\/p>\n<\/div>\n<\/div>\n<\/div>\n<div class=\"panel panel-default\">\n<div id=\"faq-heading-2\" class=\"panel-heading\" role=\"tab\">\n<h4 class=\"panel-title\"><a role=\"button\" href=\"#faq-collapse-2\" data-toggle=\"collapse\" data-parent=\"#accordion-faq\" aria-expanded=\"true\" aria-controls=\"faq-collapse-2\">Liegt das Hotel in der N\u00e4he des Stadtzentrums?<\/a><\/h4>\n<\/div>\n<div id=\"faq-collapse-2\" class=\"panel-collapse collapse\" role=\"tabpanel\" aria-labelledby=\"faq-heading-2\">\n<div class=\"panel-body\">\n<p>Das Hotel liegt in eine ruhige Zome, aber nicht weit von Restaurant, und verschiedene Gesch\u00e4fte.<br \/>\nIn 600 mt beginnt die fu\u00dfg\u00e4nge Zone \u201cIsola dei Platani\u201d die Schopping Stra\u00dfe mit Gesch\u00e4fte und Pub, Bar, Restaurant usw.<\/p>\n<p><strong>einige Entfernungen:<\/strong><br \/>\nMatteotti Platz:mt 1,500<br \/>\nBahnhof: mt 950<br \/>\nBellaria Kirche S. Cuore: mt 1.200<br \/>\nNachbarschaftskirche : mt 450<br \/>\nStadt Markt: mt 1.000<\/p>\n<\/div>\n<\/div>\n<\/div>\n<div class=\"panel panel-default\">\n<div id=\"faq-heading-3\" class=\"panel-heading\" role=\"tab\">\n<h4 class=\"panel-title\"><a role=\"button\" href=\"#faq-collapse-3\" data-toggle=\"collapse\" data-parent=\"#accordion-faq\" aria-expanded=\"true\" aria-controls=\"faq-collapse-3\">Mann Kann mit dem Zug ankommen?<\/a><\/h4>\n<\/div>\n<div id=\"faq-collapse-3\" class=\"panel-collapse collapse\" role=\"tabpanel\" aria-labelledby=\"faq-heading-3\">\n<div class=\"panel-body\">\n<p>Ja, die Rimini Bahnhof, ist 16km weiter. Ist es m\u00f6glichst mit Taxi oder Bus nach Hotel fahren. Der Bus f\u00e4hrt vom Bahnhof jedes 20\u2019 und braucht ca. 55\u2019 die Haltestelle ist 50 Mt weit vom Hotel<\/p>\n<\/div>\n<\/div>\n<\/div>\n<div class=\"panel panel-default\">\n<div id=\"faq-heading-4\" class=\"panel-heading\" role=\"tab\">\n<h4 class=\"panel-title\"><a role=\"button\" href=\"#faq-collapse-4\" data-toggle=\"collapse\" data-parent=\"#accordion-faq\" aria-expanded=\"true\" aria-controls=\"faq-collapse-4\">Das Hotel hat ein privat Parkplatz?<\/a><\/h4>\n<\/div>\n<div id=\"faq-collapse-4\" class=\"panel-collapse collapse\" role=\"tabpanel\" aria-labelledby=\"faq-heading-4\">\n<div class=\"panel-body\">\n<p>Das Hotel hat mehrere Parkpl\u00e4tze alle privat, der erste direkt zum Hotel, die anderen beiden auf 250 Meter beide eingez\u00e4unt. Es ist nicht m\u00f6glich die Parkpl\u00e4tzeI reservieren, sie werden je nach Verf\u00fcgbarkeit bei der Ankunft zugewiesen.<\/p>\n<\/div>\n<\/div>\n<\/div>\n<div class=\"panel panel-default\">\n<div id=\"faq-heading-5\" class=\"panel-heading\" role=\"tab\">\n<h4 class=\"panel-title\"><a role=\"button\" href=\"#faq-collapse-5\" data-toggle=\"collapse\" data-parent=\"#accordion-faq\" aria-expanded=\"true\" aria-controls=\"faq-collapse-5\">Gibt es WLAN?<\/a><\/h4>\n<\/div>\n<div id=\"faq-collapse-5\" class=\"panel-collapse collapse\" role=\"tabpanel\" aria-labelledby=\"faq-heading-5\">\n<div class=\"panel-body\">\n<p>Die WLAN Verbindung ist sowohl im Hotel als auch in unserem Bagno 11 San Marco aktiv und f\u00fcr alle unsere G\u00e4ste kostenlos.<\/p>\n<\/div>\n<\/div>\n<\/div>\n<div class=\"panel panel-default\">\n<div id=\"faq-heading-6\" class=\"panel-heading\" role=\"tab\">\n<h4 class=\"panel-title\"><a role=\"button\" href=\"#faq-collapse-6\" data-toggle=\"collapse\" data-parent=\"#accordion-faq\" aria-expanded=\"true\" aria-controls=\"faq-collapse-6\">Gibt es Lift im Hotel?<\/a><\/h4>\n<\/div>\n<div id=\"faq-collapse-6\" class=\"panel-collapse collapse\" role=\"tabpanel\" aria-labelledby=\"faq-heading-6\">\n<div class=\"panel-body\">\n<p>Doch im Hotel gibt es Fahrstuhl.<\/p>\n<\/div>\n<\/div>\n<\/div>\n<div class=\"panel panel-default\">\n<div id=\"faq-heading-7\" class=\"panel-heading\" role=\"tab\">\n<h4 class=\"panel-title\"><a role=\"button\" href=\"#faq-collapse-7\" data-toggle=\"collapse\" data-parent=\"#accordion-faq\" aria-expanded=\"true\" aria-controls=\"faq-collapse-7\">Wie sind die Check-in- und Check-out-Zeiten?<\/a><\/h4>\n<\/div>\n<div id=\"faq-collapse-7\" class=\"panel-collapse collapse\" role=\"tabpanel\" aria-labelledby=\"faq-heading-7\">\n<div class=\"panel-body\">\n<p><strong>Check-in ab 12:00 Uhr.<\/strong><br \/>\n(Der Ankunft Tag die Zimmer werden geliefert ab 12:00)<br \/>\n<strong>Check-out: bis 10:00 Uhr<\/strong><br \/>\n(Am Abreise Tag die Zimmer m\u00fc\u00dfen bis 10:00 ger\u00e4umt sein)<br \/>\nAuf Anfrage und nach Verf\u00fcgbarkeit ist es m\u00f6glich, den Check-out des Zimmers gegen Geb\u00fchr vom \u20ac. 30,00 zu verl\u00e4ngern<\/p>\n<\/div>\n<\/div>\n<\/div>\n<div class=\"panel panel-default\">\n<div id=\"faq-heading-8\" class=\"panel-heading\" role=\"tab\">\n<h4 class=\"panel-title\"><a role=\"button\" href=\"#faq-collapse-8\" data-toggle=\"collapse\" data-parent=\"#accordion-faq\" aria-expanded=\"true\" aria-controls=\"faq-collapse-8\">Die Haustiere sind erlaubt?<\/a><\/h4>\n<\/div>\n<div id=\"faq-collapse-8\" class=\"panel-collapse collapse\" role=\"tabpanel\" aria-labelledby=\"faq-heading-8\">\n<div class=\"panel-body\">\n<p>Das Hotel Universal ist \u201c<strong>Pet Friendly<\/strong>\u201d , k\u00f6nnen Sie bei uns, mit Ihren Freund , die Urlaub machen.<br \/>\nEure Haustiere k\u00f6nnen in Zimmer auf der Balkon in alle \u00f6ffentlichen Bereiche des Hotels, nicht im Restaurant, es sei denn, m\u00f6chten Sie auf der Veranda zu essen. Ab heute k\u00f6nnten Sie auch am Strand mit nehmen. Unserem Bad nr 11 ist ein Hund Beach, und ist f\u00fcr Reisende mit Tieren ausgestattet.<br \/>\nHier finden Sie neben Ihrem Sonnenschirm und Ihre Sonnenliegen,ein bequemes Liegen f\u00fcr seine Ruhe, ein weiches Badetuch aus Schwamm, eine kleine Sch\u00fcssel zum Trinken sowie ein buntes Set bestehend aus: Eimer, Spaten und Gie\u00dfkanne, um den Bereich sauber zu halten.<br \/>\nDer Service &#8220;Fido Beach&#8221; ist kostenpflichtig ist kleinen und mittelgro\u00dfen Hunden bis maximal 15 kg vorbehalten und muss bei der Buchung best\u00e4tigt werden (begrenzte Anzahl Pl\u00e4tze). Wir weisen alle G\u00e4ste darauf hin, dass sowohl das Baden als auch das Spazierengehen am Ufer f\u00fcr Hunde verboten ist (gem\u00e4\u00df Gemeindeverordnung).<\/p>\n<p>F\u00fcr jedes Tier ist eine Pauschale von insgesamt 20,00 \u20ac f\u00fcr die Endreinigung zu zahlen. Tierarzt- und Wandergebiete in der N\u00e4he.<\/p>\n<\/div>\n<\/div>\n<\/div>\n<div class=\"panel panel-default\">\n<div id=\"faq-heading-09\" class=\"panel-heading\" role=\"tab\">\n<h4 class=\"panel-title\"><a role=\"button\" href=\"#faq-collapse-09\" data-toggle=\"collapse\" data-parent=\"#accordion-faq\" aria-expanded=\"true\" aria-controls=\"faq-collapse-09\">Gibt es Unterhaltung f\u00fcr Kinder?<\/a><\/h4>\n<\/div>\n<div id=\"faq-collapse-09\" class=\"panel-collapse collapse\" role=\"tabpanel\" aria-labelledby=\"faq-heading-09\">\n<div class=\"panel-body\">\n<p>Am Strand bei unserem Bad nr 11,gibt es ein Kinderspielplatz und Miniclub mit lustigen Aktivit\u00e4ten f\u00fcr Kinder jeden Alters! Der Miniclub ist ge\u00f6ffnet jeden Tag Morgens und Nachmittags au\u00dfer Samstag.<\/p>\n<\/div>\n<\/div>\n<\/div>\n<div class=\"panel panel-default\">\n<div id=\"faq-heading-10\" class=\"panel-heading\" role=\"tab\">\n<h4 class=\"panel-title\"><a role=\"button\" href=\"#faq-collapse-10\" data-toggle=\"collapse\" data-parent=\"#accordion-faq\" aria-expanded=\"true\" aria-controls=\"faq-collapse-10\">Das Hotel hat Fahrr\u00e4der ?<\/a><\/h4>\n<\/div>\n<div id=\"faq-collapse-10\" class=\"panel-collapse collapse\" role=\"tabpanel\" aria-labelledby=\"faq-heading-10\">\n<div class=\"panel-body\">\n<p>Nein, der Dienst wurde ausgesetzt. Es gibt jedoch einen Fahrradverleih 600 Meter vom Hotel entfernt. Oder k\u00f6nnen Sie auch eine Tour durch die Stadt Bellaria Igea Marina mit der sch\u00f6nen Trenino Citt\u00e0 machen.<\/p>\n<\/div>\n<\/div>\n<\/div>\n<div class=\"panel panel-default\">\n<div id=\"faq-heading-11\" class=\"panel-heading\" role=\"tab\">\n<h4 class=\"panel-title\"><a role=\"button\" href=\"#faq-collapse-11\" data-toggle=\"collapse\" data-parent=\"#accordion-faq\" aria-expanded=\"true\" aria-controls=\"faq-collapse-11\">Wie sind die Essenszeiten?<\/a><\/h4>\n<\/div>\n<div id=\"faq-collapse-11\" class=\"panel-collapse collapse\" role=\"tabpanel\" aria-labelledby=\"faq-heading-11\">\n<div class=\"panel-body\">\n<p>Die Eintrittszeiten zum Restaurant sind wie folgt:<\/p>\n<ul>\n<li>Fr\u00fchst\u00fcck: vom 08.00 bis 10.00<\/li>\n<li>Mittagessen: vom 12:30 bis 13:00<\/li>\n<li>Abendessen: vom 19:30 bis 20:00<\/li>\n<\/ul>\n<p>F\u00fcr die kleinen G\u00e4ste ist das Restaurant auch zu fr\u00fchen Zeiten ge\u00f6ffnet.<br \/>\nF\u00fcr diejenigen, die es w\u00fcnschen, ist es m\u00f6glich direkt am Strand am Mittag zu essen, mit dem &#8220;Beach Box&#8221; , Sie k\u00f6nnen es zur vereinbarten Zeit direkt im Hotel abholen und am Meer genie\u00dfen, um das Beste aus Ihrem Urlaub zu machen.<\/p>\n<\/div>\n<\/div>\n<\/div>\n<div class=\"panel panel-default\">\n<div id=\"faq-heading-12\" class=\"panel-heading\" role=\"tab\">\n<h4 class=\"panel-title\"><a role=\"button\" href=\"#faq-collapse-13\" data-toggle=\"collapse\" data-parent=\"#accordion-faq\" aria-expanded=\"true\" aria-controls=\"faq-collapse-12\">Gibt es Glutenfrei men\u00f9?<\/a><\/h4>\n<\/div>\n<div id=\"faq-collapse-12\" class=\"panel-collapse collapse\" role=\"tabpanel\" aria-labelledby=\"faq-heading-12\">\n<div class=\"panel-body\">\n<p>Wir haben keine AIC-Zertifizierung, aber jedes Gericht auf der Tageskarte auch Glutenfrei zubereitet werden.<\/p>\n<\/div>\n<\/div>\n<\/div>\n<div class=\"panel panel-default\">\n<div id=\"faq-heading-13\" class=\"panel-heading\" role=\"tab\">\n<h4 class=\"panel-title\"><a role=\"button\" href=\"#faq-collapse-13\" data-toggle=\"collapse\" data-parent=\"#accordion-faq\" aria-expanded=\"true\" aria-controls=\"faq-collapse-13\">Was ist der Unterschied zwischen \u201cClub Formel\u201d und \u201cClassic Formel\u201d<\/a><\/h4>\n<\/div>\n<div id=\"faq-collapse-13\" class=\"panel-collapse collapse\" role=\"tabpanel\" aria-labelledby=\"faq-heading-13\">\n<div class=\"panel-body\">\n<ul>\n<li>Die <strong>Club Formel<\/strong> beinhaltet: Voll oder Halbpension (Fr\u00fchst\u00fcck Buffet, Mittag und Abend Essen mit Men\u00f9 Wahl, Gem\u00fcse, Obst und Dessert Buffets, Spezialit\u00e4ten der Romagna, t\u00e4glich Fisch- oder Fleischauswahl. <em>Wein, Wasser, Getr\u00e4nke, Bier zum Essen, Zeitung am Morgen, Sonnenschirm mit Liegen am Strand bei unserem Bad nr 11, Strandt\u00fccher, WLAN im Hotel und am Strand, Parkpl\u00e4zte, Nutzung des Schwimmb und aller Hotelservice<\/em>.<\/li>\n<li>Die <strong>Classic Formel<\/strong> beinhaltet: Voll oder Halbpension (Fr\u00fchst\u00fcck Buffet, Mittag und Abend Essen mit Men\u00f9 Wahl, Gem\u00fcse, Obst und Dessert Buffets, Spezialit\u00e4ten der Romagna, t\u00e4glich Fisch- oder Fleischauswahl, <em>WLAN im Hotel und am Strand, Parkpl\u00e4zte, Nutzung des Schwimmbad und aller Hotelservice.<\/em><\/li>\n<\/ul>\n<\/div>\n<\/div>\n<\/div>\n<div class=\"panel panel-default\">\n<div id=\"faq-heading-14\" class=\"panel-heading\" role=\"tab\">\n<h4 class=\"panel-title\"><a role=\"button\" href=\"#faq-collapse-14\" data-toggle=\"collapse\" data-parent=\"#accordion-faq\" aria-expanded=\"true\" aria-controls=\"faq-collapse-14\">Muss ich die Kurtaxe bezahlen?<\/a><\/h4>\n<\/div>\n<div id=\"faq-collapse-14\" class=\"panel-collapse collapse\" role=\"tabpanel\" aria-labelledby=\"faq-heading-14\">\n<div class=\"panel-body\">\n<p>Die Gemeinde Bellaria Igea Marina erhebt keine Kurtaxe.<\/p>\n<\/div>\n<\/div>\n<\/div>\n<div class=\"panel panel-default\">\n<div id=\"faq-heading-15\" class=\"panel-heading\" role=\"tab\">\n<h4 class=\"panel-title\"><a role=\"button\" href=\"#faq-collapse-15\" data-toggle=\"collapse\" data-parent=\"#accordion-faq\" aria-expanded=\"true\" aria-controls=\"faq-collapse-15\">Ankubnft und Abfahrt sind flexibel?<\/a><\/h4>\n<\/div>\n<div id=\"faq-collapse-15\" class=\"panel-collapse collapse\" role=\"tabpanel\" aria-labelledby=\"faq-heading-15\">\n<div class=\"panel-body\">\n<p>Sie k\u00f6nnen Ihren Urlaub am besten organisieren, die An- und Abreise ist an jedem Wochentag m\u00f6glich.<\/p>\n<\/div>\n<\/div>\n<\/div>\n<\/div>\n","protected":false},"excerpt":{"rendered":"<p>Ecco tutte le risposte alle domande pi\u00f9 frequenti che riceviamo da chi cerca un hotel direttamente sul mare per le proprie vacanze a Bellaria Igea Marina. Leggendo le risposte, puoi raccogliere informazioni preziose per iniziare a immaginare le tue vacanze all&#8217;Hotel Universal. Das Hotel liegt n der N\u00e4he des Meeres? Das Hotel liegt direkt am Meer. Nur mit drei stufen erreichen Sie den Strand und unserem Bad nr 11 San &#8230;<\/p>\n","protected":false},"author":1,"featured_media":0,"parent":0,"menu_order":2,"comment_status":"closed","ping_status":"closed","template":"","meta":{"_acf_changed":false},"class_list":["post-1549","page","type-page","status-publish","hentry"],"acf":[],"_links":{"self":[{"href":"https:\/\/www.h-universal.com\/en\/wp-json\/wp\/v2\/pages\/1549","targetHints":{"allow":["GET"]}}],"collection":[{"href":"https:\/\/www.h-universal.com\/en\/wp-json\/wp\/v2\/pages"}],"about":[{"href":"https:\/\/www.h-universal.com\/en\/wp-json\/wp\/v2\/types\/page"}],"author":[{"embeddable":true,"href":"https:\/\/www.h-universal.com\/en\/wp-json\/wp\/v2\/users\/1"}],"replies":[{"embeddable":true,"href":"https:\/\/www.h-universal.com\/en\/wp-json\/wp\/v2\/comments?post=1549"}],"version-history":[{"count":0,"href":"https:\/\/www.h-universal.com\/en\/wp-json\/wp\/v2\/pages\/1549\/revisions"}],"wp:attachment":[{"href":"https:\/\/www.h-universal.com\/en\/wp-json\/wp\/v2\/media?parent=1549"}],"curies":[{"name":"wp","href":"https:\/\/api.w.org\/{rel}","templated":true}]}}