{"id":1176,"date":"2020-10-13T16:18:54","date_gmt":"2020-10-13T14:18:54","guid":{"rendered":"https:\/\/www.h-universal.com\/ristorante-panoramico\/"},"modified":"2022-11-28T15:06:31","modified_gmt":"2022-11-28T14:06:31","slug":"cuisine-panoramique","status":"publish","type":"page","link":"https:\/\/www.h-universal.com\/fr\/cuisine-panoramique\/","title":{"rendered":"Cuisine"},"content":{"rendered":"<h2>Le matin, la salle \u00e0 manger situ\u00e9e au premier \u00e9tage de notre h\u00f4tel panoramique de Bellaria vous accueille pour un petit-d\u00e9jeuner buffet gourmet et savoureux issu directement de nos fourneaux<\/h2>\n<p>Au <strong>d\u00e9jeuner et au d\u00eener, le buffet<\/strong> c\u00e9l\u00e8bre les d\u00e9lices de la cuisine romagnole et les plats sont pr\u00e9par\u00e9s et servis \u00e0 table.<\/p>\n<p><strong>Notre cuisine<\/strong> fait la part belle aux <strong>ingr\u00e9dients frais et authentiques<\/strong>, car nous croyons que c\u2019est dans la simplicit\u00e9 que r\u00e9side le secret de la convivialit\u00e9 et la joie de vivre.<\/p>\n<div id='gallery-1' class='gallery galleryid-1176 gallery-columns-3 gallery-size-full'><figure class='gallery-item'>\n\t\t\t<div class='gallery-icon landscape'>\n\t\t\t\t<a href='https:\/\/www.h-universal.com\/wp-content\/uploads\/2022\/07\/Gallery-Ristorante-12-Hotel-Universal-Bellaria.jpg' data-size=\"1000x700\"><img loading=\"lazy\" decoding=\"async\" width=\"1000\" height=\"700\" src=\"https:\/\/www.h-universal.com\/wp-content\/uploads\/2022\/07\/Gallery-Ristorante-12-Hotel-Universal-Bellaria.jpg\" class=\"attachment-full size-full\" alt=\"\" \/><\/a>\n\t\t\t<\/div><\/figure><figure class='gallery-item'>\n\t\t\t<div class='gallery-icon landscape'>\n\t\t\t\t<a href='https:\/\/www.h-universal.com\/wp-content\/uploads\/2022\/07\/Gallery-Ristorante-17-Hotel-Universal-Bellaria.jpg' data-size=\"1000x700\"><img loading=\"lazy\" decoding=\"async\" width=\"1000\" height=\"700\" src=\"https:\/\/www.h-universal.com\/wp-content\/uploads\/2022\/07\/Gallery-Ristorante-17-Hotel-Universal-Bellaria.jpg\" class=\"attachment-full size-full\" alt=\"\" \/><\/a>\n\t\t\t<\/div><\/figure><figure class='gallery-item'>\n\t\t\t<div class='gallery-icon landscape'>\n\t\t\t\t<a href='https:\/\/www.h-universal.com\/wp-content\/uploads\/2022\/07\/Gallery-Ristorante-15-Hotel-Universal-Bellaria.jpg' data-size=\"1000x700\"><img loading=\"lazy\" decoding=\"async\" width=\"1000\" height=\"700\" src=\"https:\/\/www.h-universal.com\/wp-content\/uploads\/2022\/07\/Gallery-Ristorante-15-Hotel-Universal-Bellaria.jpg\" class=\"attachment-full size-full\" alt=\"\" \/><\/a>\n\t\t\t<\/div><\/figure><figure class='gallery-item'>\n\t\t\t<div class='gallery-icon landscape'>\n\t\t\t\t<a href='https:\/\/www.h-universal.com\/wp-content\/uploads\/2022\/11\/Vini_Bianchi_Hotel_Universal_Bellaria.jpg' data-size=\"1000x700\"><img loading=\"lazy\" decoding=\"async\" width=\"1000\" height=\"700\" src=\"https:\/\/www.h-universal.com\/wp-content\/uploads\/2022\/11\/Vini_Bianchi_Hotel_Universal_Bellaria.jpg\" class=\"attachment-full size-full\" alt=\"\" \/><\/a>\n\t\t\t<\/div><\/figure><figure class='gallery-item'>\n\t\t\t<div class='gallery-icon landscape'>\n\t\t\t\t<a href='https:\/\/www.h-universal.com\/wp-content\/uploads\/2022\/07\/Gallery-Ristorante-19-Hotel-Universal-Bellaria.jpg' data-size=\"1000x700\"><img loading=\"lazy\" decoding=\"async\" width=\"1000\" height=\"700\" src=\"https:\/\/www.h-universal.com\/wp-content\/uploads\/2022\/07\/Gallery-Ristorante-19-Hotel-Universal-Bellaria.jpg\" class=\"attachment-full size-full\" alt=\"\" \/><\/a>\n\t\t\t<\/div><\/figure><figure class='gallery-item'>\n\t\t\t<div class='gallery-icon landscape'>\n\t\t\t\t<a href='https:\/\/www.h-universal.com\/wp-content\/uploads\/2022\/11\/Cappelletti_Hotel_Universal_Bellaria.jpg' data-size=\"1000x700\"><img loading=\"lazy\" decoding=\"async\" width=\"1000\" height=\"700\" src=\"https:\/\/www.h-universal.com\/wp-content\/uploads\/2022\/11\/Cappelletti_Hotel_Universal_Bellaria.jpg\" class=\"attachment-full size-full\" alt=\"\" \/><\/a>\n\t\t\t<\/div><\/figure><figure class='gallery-item'>\n\t\t\t<div class='gallery-icon landscape'>\n\t\t\t\t<a href='https:\/\/www.h-universal.com\/wp-content\/uploads\/2022\/07\/Gallery-Ristorante-13-Hotel-Universal-Bellaria.jpg' data-size=\"1000x700\"><img loading=\"lazy\" decoding=\"async\" width=\"1000\" height=\"700\" src=\"https:\/\/www.h-universal.com\/wp-content\/uploads\/2022\/07\/Gallery-Ristorante-13-Hotel-Universal-Bellaria.jpg\" class=\"attachment-full size-full\" alt=\"\" \/><\/a>\n\t\t\t<\/div><\/figure><figure class='gallery-item'>\n\t\t\t<div class='gallery-icon landscape'>\n\t\t\t\t<a href='https:\/\/www.h-universal.com\/wp-content\/uploads\/2022\/07\/Gallery-Ristorante-21-Hotel-Universal-Bellaria.jpg' data-size=\"1000x700\"><img loading=\"lazy\" decoding=\"async\" width=\"1000\" height=\"700\" src=\"https:\/\/www.h-universal.com\/wp-content\/uploads\/2022\/07\/Gallery-Ristorante-21-Hotel-Universal-Bellaria.jpg\" class=\"attachment-full size-full\" alt=\"\" \/><\/a>\n\t\t\t<\/div><\/figure><figure class='gallery-item'>\n\t\t\t<div class='gallery-icon landscape'>\n\t\t\t\t<a href='https:\/\/www.h-universal.com\/wp-content\/uploads\/2022\/11\/Vini_Rossi_Hotel_Universal_Bellaria.jpg' data-size=\"1000x700\"><img loading=\"lazy\" decoding=\"async\" width=\"1000\" height=\"700\" src=\"https:\/\/www.h-universal.com\/wp-content\/uploads\/2022\/11\/Vini_Rossi_Hotel_Universal_Bellaria.jpg\" class=\"attachment-full size-full\" alt=\"\" \/><\/a>\n\t\t\t<\/div><\/figure><figure class='gallery-item'>\n\t\t\t<div class='gallery-icon landscape'>\n\t\t\t\t<a href='https:\/\/www.h-universal.com\/wp-content\/uploads\/2022\/07\/Gallery-Ristorante-14-Hotel-Universal-Bellaria.jpg' data-size=\"1000x700\"><img loading=\"lazy\" decoding=\"async\" width=\"1000\" height=\"700\" src=\"https:\/\/www.h-universal.com\/wp-content\/uploads\/2022\/07\/Gallery-Ristorante-14-Hotel-Universal-Bellaria.jpg\" class=\"attachment-full size-full\" alt=\"\" \/><\/a>\n\t\t\t<\/div><\/figure><figure class='gallery-item'>\n\t\t\t<div class='gallery-icon landscape'>\n\t\t\t\t<a href='https:\/\/www.h-universal.com\/wp-content\/uploads\/2022\/07\/Gallery-Ristorante-20-Hotel-Universal-Bellaria.jpg' data-size=\"1000x700\"><img loading=\"lazy\" decoding=\"async\" width=\"1000\" height=\"700\" src=\"https:\/\/www.h-universal.com\/wp-content\/uploads\/2022\/07\/Gallery-Ristorante-20-Hotel-Universal-Bellaria.jpg\" class=\"attachment-full size-full\" alt=\"\" \/><\/a>\n\t\t\t<\/div><\/figure><figure class='gallery-item'>\n\t\t\t<div class='gallery-icon landscape'>\n\t\t\t\t<a href='https:\/\/www.h-universal.com\/wp-content\/uploads\/2022\/07\/Gallery-Ristorante-16-Hotel-Universal-Bellaria.jpg' data-size=\"1000x700\"><img loading=\"lazy\" decoding=\"async\" width=\"1000\" height=\"700\" src=\"https:\/\/www.h-universal.com\/wp-content\/uploads\/2022\/07\/Gallery-Ristorante-16-Hotel-Universal-Bellaria.jpg\" class=\"attachment-full size-full\" alt=\"\" \/><\/a>\n\t\t\t<\/div><\/figure><figure class='gallery-item'>\n\t\t\t<div class='gallery-icon landscape'>\n\t\t\t\t<a href='https:\/\/www.h-universal.com\/wp-content\/uploads\/2022\/07\/Gallery-Ristorante-18-Hotel-Universal-Bellaria.jpg' data-size=\"1000x700\"><img loading=\"lazy\" decoding=\"async\" width=\"1000\" height=\"700\" src=\"https:\/\/www.h-universal.com\/wp-content\/uploads\/2022\/07\/Gallery-Ristorante-18-Hotel-Universal-Bellaria.jpg\" class=\"attachment-full size-full\" alt=\"\" \/><\/a>\n\t\t\t<\/div><\/figure>\n\t\t<\/div>\n\n","protected":false},"excerpt":{"rendered":"<p>Le matin, la salle \u00e0 manger situ\u00e9e au premier \u00e9tage de notre h\u00f4tel panoramique de Bellaria vous accueille pour un petit-d\u00e9jeuner buffet gourmet et savoureux issu directement de nos fourneaux Au d\u00e9jeuner et au d\u00eener, le buffet c\u00e9l\u00e8bre les d\u00e9lices de la cuisine romagnole et les plats sont pr\u00e9par\u00e9s et servis \u00e0 table. Notre cuisine fait la part belle aux ingr\u00e9dients frais et authentiques, car nous croyons que c\u2019est dans &#8230;<\/p>\n","protected":false},"author":1,"featured_media":0,"parent":0,"menu_order":4,"comment_status":"closed","ping_status":"closed","template":"","meta":{"_acf_changed":false},"class_list":["post-1176","page","type-page","status-publish","hentry"],"acf":[],"_links":{"self":[{"href":"https:\/\/www.h-universal.com\/fr\/wp-json\/wp\/v2\/pages\/1176","targetHints":{"allow":["GET"]}}],"collection":[{"href":"https:\/\/www.h-universal.com\/fr\/wp-json\/wp\/v2\/pages"}],"about":[{"href":"https:\/\/www.h-universal.com\/fr\/wp-json\/wp\/v2\/types\/page"}],"author":[{"embeddable":true,"href":"https:\/\/www.h-universal.com\/fr\/wp-json\/wp\/v2\/users\/1"}],"replies":[{"embeddable":true,"href":"https:\/\/www.h-universal.com\/fr\/wp-json\/wp\/v2\/comments?post=1176"}],"version-history":[{"count":0,"href":"https:\/\/www.h-universal.com\/fr\/wp-json\/wp\/v2\/pages\/1176\/revisions"}],"wp:attachment":[{"href":"https:\/\/www.h-universal.com\/fr\/wp-json\/wp\/v2\/media?parent=1176"}],"curies":[{"name":"wp","href":"https:\/\/api.w.org\/{rel}","templated":true}]}}