{"id":1196,"date":"2020-10-13T16:19:38","date_gmt":"2020-10-13T14:19:38","guid":{"rendered":"https:\/\/www.h-universal.com\/la-nostra-spiaggia\/"},"modified":"2022-11-28T14:12:50","modified_gmt":"2022-11-28T13:12:50","slug":"plage","status":"publish","type":"page","link":"https:\/\/www.h-universal.com\/fr\/plage\/","title":{"rendered":"Votre plage devant l&rsquo;h\u00f4tel"},"content":{"rendered":"<h2>Nous la g\u00e9rons nous-m\u00eames, pour rester en famille, et vous prodiguer toutes sortes d\u2019attentions<\/h2>\n<p>Vous la reconna\u00eetrez \u00e0 ses lits orange vitamin\u00e9, et vous y ferez le plein d\u2019\u00e9nergie apr\u00e8s une belle journ\u00e9e de farniente au soleil.<br \/>\nLa <strong>plage San Marco 11, toujours g\u00e9r\u00e9e par la famille Gradara-Dellamotta<\/strong>, est la plage r\u00e9serv\u00e9e aux clients de l&rsquo;Hotel Universal.<\/p>\n<h3>Ici, c&rsquo;est Massi qui vous souhaite la Bienvenue, avant de vous accompagner jusqu&rsquo;\u00e0 votre parasol et de vous donner toutes les informations utiles pour profiter pleinement de votre journ\u00e9e \u00e0 la plage.<br \/>\n<span style=\"font-weight: 400;\"><br \/>\n<strong>Lange pour la plage<br \/>\n<\/strong><\/span><\/h3>\n<p><span style=\"font-weight: 400;\">Voyagez l\u00e9ger, avec la Formule Club nous vous fournissons une serviette de plage ! Nous livrons 1 serviette de plage par personne (enfants compris) moyennant une caution de 10\u20ac par serviette qui vous sera restitu\u00e9e en fin de s\u00e9jour au retour de La serviette.<br \/>\n<\/span><span style=\"font-weight: 400;\">Le changement de la serviette est pr\u00e9vu tous les 2 jours.<\/span><\/p>\n<p><strong>La plage de San Marco est impeccablement entretenue<\/strong>, comme s\u2019il s\u2019agissait de notre propre maison, et <strong>nous faisons tout pour vous accueillir avec toute l&rsquo;attention que vous m\u00e9ritez<\/strong>. Vous y trouverez des jeux et des activit\u00e9s pour adultes et enfants comme le ping-pong, le baby-foot, la p\u00e9tanque, une aire de jeux color\u00e9e pour les petits et une<strong> \u00e9quipe d&rsquo;animation<\/strong> toujours pr\u00eate \u00e0 vous divertir avec tournois, activit\u00e9s motrices et ateliers cr\u00e9atifs, <strong>toujours dans le respect des consignes de s\u00e9curit\u00e9<\/strong>.<\/p>\n<p>Vous ferez \u00e9galement le plein de sourires avec les rendez-vous de notre riche calendrier estival : soir\u00e9es musicales, d\u00eeners sous les \u00e9toiles et multiples occasions de vous faire plaisir directement les pieds dans le sable.<\/p>\n<p><strong>Emmenez votre animal de compagnie avec vous !<\/strong> La plage San Marco 11 <strong>est \u00e9quip\u00e9e pour accueillir votre ami \u00e0 quatre pattes : vous y trouverez des parasols adapt\u00e9s, un bol pour le d\u00e9salt\u00e9rer, un confortable lit de plage<\/strong>, ainsi qu&rsquo;un seau, une pelle et un arrosoir pour garder la zone propre.<\/p>\n<div id='gallery-1' class='gallery galleryid-1196 gallery-columns-3 gallery-size-medium'><figure class='gallery-item'>\n\t\t\t<div class='gallery-icon landscape'>\n\t\t\t\t<a href='https:\/\/www.h-universal.com\/wp-content\/uploads\/2022\/06\/Spiaggia-San-Marco-Bellaria-Pet-Friendly.jpg' data-size=\"1200x800\"><img loading=\"lazy\" decoding=\"async\" width=\"640\" height=\"420\" src=\"https:\/\/www.h-universal.com\/wp-content\/uploads\/2022\/06\/Spiaggia-San-Marco-Bellaria-Pet-Friendly-640x420.jpg\" class=\"attachment-medium size-medium\" alt=\"\" srcset=\"https:\/\/www.h-universal.com\/wp-content\/uploads\/2022\/06\/Spiaggia-San-Marco-Bellaria-Pet-Friendly-640x420.jpg 640w, https:\/\/www.h-universal.com\/wp-content\/uploads\/2022\/06\/Spiaggia-San-Marco-Bellaria-Pet-Friendly-1200x790.jpg 1200w\" sizes=\"auto, (max-width: 640px) 100vw, 640px\" \/><\/a>\n\t\t\t<\/div><\/figure><figure class='gallery-item'>\n\t\t\t<div class='gallery-icon landscape'>\n\t\t\t\t<a href='https:\/\/www.h-universal.com\/wp-content\/uploads\/2021\/12\/Vacanze-con-Animali-al-mare.jpg' data-size=\"1200x800\"><img loading=\"lazy\" decoding=\"async\" width=\"640\" height=\"420\" src=\"https:\/\/www.h-universal.com\/wp-content\/uploads\/2021\/12\/Vacanze-con-Animali-al-mare-640x420.jpg\" class=\"attachment-medium size-medium\" alt=\"\" srcset=\"https:\/\/www.h-universal.com\/wp-content\/uploads\/2021\/12\/Vacanze-con-Animali-al-mare-640x420.jpg 640w, https:\/\/www.h-universal.com\/wp-content\/uploads\/2021\/12\/Vacanze-con-Animali-al-mare-1200x790.jpg 1200w\" sizes=\"auto, (max-width: 640px) 100vw, 640px\" \/><\/a>\n\t\t\t<\/div><\/figure><figure class='gallery-item'>\n\t\t\t<div class='gallery-icon landscape'>\n\t\t\t\t<a href='https:\/\/www.h-universal.com\/wp-content\/uploads\/2021\/02\/Spiaggia.jpg' data-size=\"1000x800\"><img loading=\"lazy\" decoding=\"async\" width=\"640\" height=\"420\" src=\"https:\/\/www.h-universal.com\/wp-content\/uploads\/2021\/02\/Spiaggia-640x420.jpg\" class=\"attachment-medium size-medium\" alt=\"\" \/><\/a>\n\t\t\t<\/div><\/figure><figure class='gallery-item'>\n\t\t\t<div class='gallery-icon landscape'>\n\t\t\t\t<a href='https:\/\/www.h-universal.com\/wp-content\/uploads\/2021\/02\/Bagno-11.jpg' data-size=\"1000x800\"><img loading=\"lazy\" decoding=\"async\" width=\"640\" height=\"420\" src=\"https:\/\/www.h-universal.com\/wp-content\/uploads\/2021\/02\/Bagno-11-640x420.jpg\" class=\"attachment-medium size-medium\" alt=\"\" \/><\/a>\n\t\t\t<\/div><\/figure><figure class='gallery-item'>\n\t\t\t<div class='gallery-icon landscape'>\n\t\t\t\t<a href='https:\/\/www.h-universal.com\/wp-content\/uploads\/2020\/12\/Bagno-11-san-marco-bellaria.jpg' data-size=\"1000x700\"><img loading=\"lazy\" decoding=\"async\" width=\"640\" height=\"420\" src=\"https:\/\/www.h-universal.com\/wp-content\/uploads\/2020\/12\/Bagno-11-san-marco-bellaria-640x420.jpg\" class=\"attachment-medium size-medium\" alt=\"\" \/><\/a>\n\t\t\t<\/div><\/figure><figure class='gallery-item'>\n\t\t\t<div class='gallery-icon landscape'>\n\t\t\t\t<a href='https:\/\/www.h-universal.com\/wp-content\/uploads\/2020\/12\/Bagno-11-san-marco-bellaria-animazione-bimbi.jpg' data-size=\"1000x700\"><img loading=\"lazy\" decoding=\"async\" width=\"640\" height=\"420\" src=\"https:\/\/www.h-universal.com\/wp-content\/uploads\/2020\/12\/Bagno-11-san-marco-bellaria-animazione-bimbi-640x420.jpg\" class=\"attachment-medium size-medium\" alt=\"\" \/><\/a>\n\t\t\t<\/div><\/figure><figure class='gallery-item'>\n\t\t\t<div class='gallery-icon landscape'>\n\t\t\t\t<a href='https:\/\/www.h-universal.com\/wp-content\/uploads\/2020\/12\/Bagno-11-san-marco-bellaria-animazione-bambini.jpg' data-size=\"1000x700\"><img loading=\"lazy\" decoding=\"async\" width=\"640\" height=\"420\" src=\"https:\/\/www.h-universal.com\/wp-content\/uploads\/2020\/12\/Bagno-11-san-marco-bellaria-animazione-bambini-640x420.jpg\" class=\"attachment-medium size-medium\" alt=\"\" \/><\/a>\n\t\t\t<\/div><\/figure><figure class='gallery-item'>\n\t\t\t<div class='gallery-icon landscape'>\n\t\t\t\t<a href='https:\/\/www.h-universal.com\/wp-content\/uploads\/2020\/12\/Gallery-Spiaggia-15-Hotel-Universal-Bellaria.jpg' data-size=\"1000x700\"><img loading=\"lazy\" decoding=\"async\" width=\"640\" height=\"420\" src=\"https:\/\/www.h-universal.com\/wp-content\/uploads\/2020\/12\/Gallery-Spiaggia-15-Hotel-Universal-Bellaria-640x420.jpg\" class=\"attachment-medium size-medium\" alt=\"\" \/><\/a>\n\t\t\t<\/div><\/figure><figure class='gallery-item'>\n\t\t\t<div class='gallery-icon landscape'>\n\t\t\t\t<a href='https:\/\/www.h-universal.com\/wp-content\/uploads\/2020\/12\/Gallery-Spiaggia-14-Hotel-Universal-Bellaria.jpg' data-size=\"1000x700\"><img loading=\"lazy\" decoding=\"async\" width=\"640\" height=\"420\" src=\"https:\/\/www.h-universal.com\/wp-content\/uploads\/2020\/12\/Gallery-Spiaggia-14-Hotel-Universal-Bellaria-640x420.jpg\" class=\"attachment-medium size-medium\" alt=\"\" \/><\/a>\n\t\t\t<\/div><\/figure><figure class='gallery-item'>\n\t\t\t<div class='gallery-icon landscape'>\n\t\t\t\t<a href='https:\/\/www.h-universal.com\/wp-content\/uploads\/2020\/12\/Gallery-Spiaggia-13-Hotel-Universal-Bellaria.jpg' data-size=\"1000x700\"><img loading=\"lazy\" decoding=\"async\" width=\"640\" height=\"420\" src=\"https:\/\/www.h-universal.com\/wp-content\/uploads\/2020\/12\/Gallery-Spiaggia-13-Hotel-Universal-Bellaria-640x420.jpg\" class=\"attachment-medium size-medium\" alt=\"\" \/><\/a>\n\t\t\t<\/div><\/figure><figure class='gallery-item'>\n\t\t\t<div class='gallery-icon landscape'>\n\t\t\t\t<a href='https:\/\/www.h-universal.com\/wp-content\/uploads\/2020\/12\/Gallery-Spiaggia-12-Hotel-Universal-Bellaria.jpg' data-size=\"1000x700\"><img loading=\"lazy\" decoding=\"async\" width=\"640\" height=\"420\" src=\"https:\/\/www.h-universal.com\/wp-content\/uploads\/2020\/12\/Gallery-Spiaggia-12-Hotel-Universal-Bellaria-640x420.jpg\" class=\"attachment-medium size-medium\" alt=\"\" \/><\/a>\n\t\t\t<\/div><\/figure><figure class='gallery-item'>\n\t\t\t<div class='gallery-icon landscape'>\n\t\t\t\t<a href='https:\/\/www.h-universal.com\/wp-content\/uploads\/2020\/12\/Gallery-Spiaggia-11-Hotel-Universal-Bellaria.jpg' data-size=\"1000x700\"><img loading=\"lazy\" decoding=\"async\" width=\"640\" height=\"420\" src=\"https:\/\/www.h-universal.com\/wp-content\/uploads\/2020\/12\/Gallery-Spiaggia-11-Hotel-Universal-Bellaria-640x420.jpg\" class=\"attachment-medium size-medium\" alt=\"\" \/><\/a>\n\t\t\t<\/div><\/figure><figure class='gallery-item'>\n\t\t\t<div class='gallery-icon landscape'>\n\t\t\t\t<a href='https:\/\/www.h-universal.com\/wp-content\/uploads\/2020\/12\/Gallery-Spiaggia-10-Hotel-Universal-Bellaria.jpg' data-size=\"1000x700\"><img loading=\"lazy\" decoding=\"async\" width=\"640\" height=\"420\" src=\"https:\/\/www.h-universal.com\/wp-content\/uploads\/2020\/12\/Gallery-Spiaggia-10-Hotel-Universal-Bellaria-640x420.jpg\" class=\"attachment-medium size-medium\" alt=\"\" \/><\/a>\n\t\t\t<\/div><\/figure><figure class='gallery-item'>\n\t\t\t<div class='gallery-icon landscape'>\n\t\t\t\t<a href='https:\/\/www.h-universal.com\/wp-content\/uploads\/2020\/12\/Gallery-Spiaggia-06-Hotel-Universal-Bellaria.jpg' data-size=\"1000x700\"><img loading=\"lazy\" decoding=\"async\" width=\"640\" height=\"420\" src=\"https:\/\/www.h-universal.com\/wp-content\/uploads\/2020\/12\/Gallery-Spiaggia-06-Hotel-Universal-Bellaria-640x420.jpg\" class=\"attachment-medium size-medium\" alt=\"\" \/><\/a>\n\t\t\t<\/div><\/figure><figure class='gallery-item'>\n\t\t\t<div class='gallery-icon landscape'>\n\t\t\t\t<a href='https:\/\/www.h-universal.com\/wp-content\/uploads\/2020\/12\/Gallery-Spiaggia-05-Hotel-Universal-Bellaria.jpg' data-size=\"1000x700\"><img loading=\"lazy\" decoding=\"async\" width=\"640\" height=\"420\" src=\"https:\/\/www.h-universal.com\/wp-content\/uploads\/2020\/12\/Gallery-Spiaggia-05-Hotel-Universal-Bellaria-640x420.jpg\" class=\"attachment-medium size-medium\" alt=\"\" \/><\/a>\n\t\t\t<\/div><\/figure><figure class='gallery-item'>\n\t\t\t<div class='gallery-icon landscape'>\n\t\t\t\t<a href='https:\/\/www.h-universal.com\/wp-content\/uploads\/2020\/11\/Gallery-Spiaggia-01-Hotel-Universal-Bellaria.jpg' data-size=\"1000x700\"><img loading=\"lazy\" decoding=\"async\" width=\"640\" height=\"420\" src=\"https:\/\/www.h-universal.com\/wp-content\/uploads\/2020\/11\/Gallery-Spiaggia-01-Hotel-Universal-Bellaria-640x420.jpg\" class=\"attachment-medium size-medium\" alt=\"\" \/><\/a>\n\t\t\t<\/div><\/figure><figure class='gallery-item'>\n\t\t\t<div class='gallery-icon landscape'>\n\t\t\t\t<a href='https:\/\/www.h-universal.com\/wp-content\/uploads\/2020\/11\/Gallery-Spiaggia-03-Hotel-Universal-Bellaria.jpg' data-size=\"1000x700\"><img loading=\"lazy\" decoding=\"async\" width=\"640\" height=\"420\" src=\"https:\/\/www.h-universal.com\/wp-content\/uploads\/2020\/11\/Gallery-Spiaggia-03-Hotel-Universal-Bellaria-640x420.jpg\" class=\"attachment-medium size-medium\" alt=\"\" \/><\/a>\n\t\t\t<\/div><\/figure><figure class='gallery-item'>\n\t\t\t<div class='gallery-icon landscape'>\n\t\t\t\t<a href='https:\/\/www.h-universal.com\/wp-content\/uploads\/2020\/11\/Gallery-Spiaggia-04-Hotel-Universal-Bellaria.jpg' data-size=\"1000x700\"><img loading=\"lazy\" decoding=\"async\" width=\"640\" height=\"420\" src=\"https:\/\/www.h-universal.com\/wp-content\/uploads\/2020\/11\/Gallery-Spiaggia-04-Hotel-Universal-Bellaria-640x420.jpg\" class=\"attachment-medium size-medium\" alt=\"\" \/><\/a>\n\t\t\t<\/div><\/figure>\n\t\t<\/div>\n\n","protected":false},"excerpt":{"rendered":"<p>Nous la g\u00e9rons nous-m\u00eames, pour rester en famille, et vous prodiguer toutes sortes d\u2019attentions Vous la reconna\u00eetrez \u00e0 ses lits orange vitamin\u00e9, et vous y ferez le plein d\u2019\u00e9nergie apr\u00e8s une belle journ\u00e9e de farniente au soleil. La plage San Marco 11, toujours g\u00e9r\u00e9e par la famille Gradara-Dellamotta, est la plage r\u00e9serv\u00e9e aux clients de l&rsquo;Hotel Universal. Ici, c&rsquo;est Massi qui vous souhaite la Bienvenue, avant de vous accompagner jusqu&rsquo;\u00e0 &#8230;<\/p>\n","protected":false},"author":1,"featured_media":0,"parent":0,"menu_order":6,"comment_status":"closed","ping_status":"closed","template":"","meta":{"_acf_changed":false},"class_list":["post-1196","page","type-page","status-publish","hentry"],"acf":[],"_links":{"self":[{"href":"https:\/\/www.h-universal.com\/fr\/wp-json\/wp\/v2\/pages\/1196","targetHints":{"allow":["GET"]}}],"collection":[{"href":"https:\/\/www.h-universal.com\/fr\/wp-json\/wp\/v2\/pages"}],"about":[{"href":"https:\/\/www.h-universal.com\/fr\/wp-json\/wp\/v2\/types\/page"}],"author":[{"embeddable":true,"href":"https:\/\/www.h-universal.com\/fr\/wp-json\/wp\/v2\/users\/1"}],"replies":[{"embeddable":true,"href":"https:\/\/www.h-universal.com\/fr\/wp-json\/wp\/v2\/comments?post=1196"}],"version-history":[{"count":0,"href":"https:\/\/www.h-universal.com\/fr\/wp-json\/wp\/v2\/pages\/1196\/revisions"}],"wp:attachment":[{"href":"https:\/\/www.h-universal.com\/fr\/wp-json\/wp\/v2\/media?parent=1196"}],"curies":[{"name":"wp","href":"https:\/\/api.w.org\/{rel}","templated":true}]}}