{"id":1206,"date":"2020-12-01T18:08:18","date_gmt":"2020-12-01T17:08:18","guid":{"rendered":"https:\/\/www.h-universal.com\/dove-siamo\/"},"modified":"2021-02-05T10:26:04","modified_gmt":"2021-02-05T09:26:04","slug":"ou-sommes-nous","status":"publish","type":"page","link":"https:\/\/www.h-universal.com\/fr\/ou-sommes-nous\/","title":{"rendered":"O\u00f9 sommes-nous ?  En bord de mer, devant la plage de Bellaria Igea Marina !"},"content":{"rendered":"<h2>Une situation id\u00e9ale : juste en face d\u2019une mer turquoise, \u00e0 quelques minutes du centre de Bellaria.<\/h2>\n<p>L&rsquo;Hotel Universal de Bellaria, <strong>situ\u00e9 face \u00e0 la mer<\/strong>, offre une position id\u00e9ale pour profiter de la beaut\u00e9 du lieu :<strong> chaque jour, vous vous r\u00e9veillez devant le spectacle de la mer<\/strong>, et vous n&rsquo;\u00eates qu&rsquo;\u00e0 800 m de la zone pi\u00e9tonne estivale. \u00c0 proximit\u00e9 de l&rsquo;h\u00f4tel, sur le front de mer (Lungomare) de Bellaria, vous trouverez des pharmacies, des boutiques de souvenirs et l\u2019espace vert du Parc Pironi et son aire de jeux. Une promenade de 10 minutes vous permet d\u2019atteindre la Casa rossa d&rsquo;Alfredo Panzini, maison-mus\u00e9e et parc culturel de la ville.<\/p>\n<p><strong>Tous les mercredis, le centre de Bellaria<\/strong> accueille \u00e9galement le <strong>march\u00e9 traditionnel de la ville<\/strong>; \u00e0 1 km de l\u2019h\u00f4tel, soit une promenade de 10 minutes. <strong>Chaque dimanche \u00e0 Bellaria Cagnona<\/strong>, profitez du <strong>march\u00e9 d&rsquo;\u00e9t\u00e9<\/strong> qui d\u00e9ploie ses \u00e9tales \u00e0 seulement 300 m de l&rsquo;h\u00f4tel.<br \/>\nLes amateurs de <strong>shopping<\/strong> profiteront de la <strong>Romagna Shopping Valley<\/strong>, situ\u00e9e \u00e0 seulement 5 minutes en voiture : 84 magasins de toutes marques pour un shopping tous azimuts.<\/p>\n<p><strong>Pour les voyageurs souhaitant se d\u00e9placer en mode \u00e9colo,<\/strong> la<strong> gare de Bellaria est situ\u00e9e \u00e0 1 km seulement de l&rsquo;Hotel Universal<\/strong>. Depuis la gare de Rimini, vous pouvez rejoindre Bellaria en taxi (environ 30 \u20ac pour 4 personnes) ou en bus (ligne 4) qui vous d\u00e9posera \u00e0 100 m de l\u2019h\u00f4tel.<\/p>\n<p>L&rsquo;<strong>a\u00e9roport Federico Fellini de Rimini<\/strong> est \u00e9galement <strong>tr\u00e8s pratique pour rejoindre l&rsquo;Hotel Universal :<\/strong><\/p>\n<ul>\n<li><strong>Bus ligne n\u00b0 9, puis ligne n\u00b0 4<\/strong> (changement \u00e0 la gare de Rimini) L&rsquo;arr\u00eat de bus se trouve \u00e0 100 m de l&rsquo;h\u00f4tel<\/li>\n<li><strong>Taxi<\/strong>. Le service propose g\u00e9n\u00e9ralement un tarif \u00ab\u00a0forfaitaire\u00a0\u00bb de 45 \u20ac pour un maximum de 4 personnes.<\/li>\n<\/ul>\n<p>Comment arriver \u00e0 Bellaria Igea Marina depuis l&rsquo;<strong>a\u00e9roport de Bologne ?<\/strong> Voici quelques astuces pour <strong>rejoindre facilement Bellaria et l&rsquo;Hotel Universal :<\/strong><\/p>\n<ul>\n<li><strong>Voiture de location<\/strong>. 113 kilom\u00e8tres pour 1 heure et 15 minutes de trajet environ, quand la circulation est fluide.<\/li>\n<li><strong>Service navette<\/strong>. Le trajet comprend un changement \u00e0 Rimini. La correspondance dure environ 2 heures, achat des billets en ligne au lien suivant : https:\/\/www.shuttleitalyairport.it<\/li>\n<li><strong>Taxi<\/strong>. Le service propose g\u00e9n\u00e9ralement un tarif \u00ab\u00a0forfaitaire\u00a0\u00bb de 150 \u20ac pour un maximum de 4 personnes.<\/li>\n<\/ul>\n<p><strong>Pour profiter des prix r\u00e9duits du service taxi, contactez-nous, nous nous chargerons de r\u00e9server directement votre transfert.<\/strong><\/p>\n","protected":false},"excerpt":{"rendered":"<p>Une situation id\u00e9ale : juste en face d\u2019une mer turquoise, \u00e0 quelques minutes du centre de Bellaria. L&rsquo;Hotel Universal de Bellaria, situ\u00e9 face \u00e0 la mer, offre une position id\u00e9ale pour profiter de la beaut\u00e9 du lieu : chaque jour, vous vous r\u00e9veillez devant le spectacle de la mer, et vous n&rsquo;\u00eates qu&rsquo;\u00e0 800 m de la zone pi\u00e9tonne estivale. \u00c0 proximit\u00e9 de l&rsquo;h\u00f4tel, sur le front de mer (Lungomare) &#8230;<\/p>\n","protected":false},"author":1,"featured_media":0,"parent":0,"menu_order":5,"comment_status":"closed","ping_status":"closed","template":"","meta":{"_acf_changed":false},"class_list":["post-1206","page","type-page","status-publish","hentry"],"acf":[],"_links":{"self":[{"href":"https:\/\/www.h-universal.com\/fr\/wp-json\/wp\/v2\/pages\/1206","targetHints":{"allow":["GET"]}}],"collection":[{"href":"https:\/\/www.h-universal.com\/fr\/wp-json\/wp\/v2\/pages"}],"about":[{"href":"https:\/\/www.h-universal.com\/fr\/wp-json\/wp\/v2\/types\/page"}],"author":[{"embeddable":true,"href":"https:\/\/www.h-universal.com\/fr\/wp-json\/wp\/v2\/users\/1"}],"replies":[{"embeddable":true,"href":"https:\/\/www.h-universal.com\/fr\/wp-json\/wp\/v2\/comments?post=1206"}],"version-history":[{"count":0,"href":"https:\/\/www.h-universal.com\/fr\/wp-json\/wp\/v2\/pages\/1206\/revisions"}],"wp:attachment":[{"href":"https:\/\/www.h-universal.com\/fr\/wp-json\/wp\/v2\/media?parent=1206"}],"curies":[{"name":"wp","href":"https:\/\/api.w.org\/{rel}","templated":true}]}}