{"id":1227,"date":"2020-10-30T08:57:28","date_gmt":"2020-10-30T07:57:28","guid":{"rendered":"https:\/\/www.h-universal.com\/vacanza-sicura\/"},"modified":"2021-12-20T16:26:41","modified_gmt":"2021-12-20T15:26:41","slug":"des-vacances-en-toute-securite","status":"publish","type":"page","link":"https:\/\/www.h-universal.com\/fr\/des-vacances-en-toute-securite\/","title":{"rendered":"Des vacances en toute s\u00e9curit\u00e9"},"content":{"rendered":"<p>Nous avons pass\u00e9 en revue tous les aspects de notre modus operandi, <strong>de fa\u00e7on \u00e0 faire de chaque instant de votre s\u00e9jour une exp\u00e9rience agr\u00e9able et s\u00fbre<\/strong>. Il est fondamental pour nous de garantir la s\u00e9curit\u00e9 de nos h\u00f4tes afin de leur transmettre un maximum de s\u00e9r\u00e9nit\u00e9.<\/p>\n<p>Cette ann\u00e9e plus que jamais, nous avons tous besoin de vivre des vacances insouciantes et r\u00e9g\u00e9n\u00e9rantes, pour nous ressourcer le corps et l&rsquo;esprit. C&rsquo;est pourquoi nous avons mis en place un <strong>service attentif, scrupuleux et personnalis\u00e9<\/strong>.<\/p>\n<h3>S\u00e9curit\u00e9 et s\u00e9r\u00e9nit\u00e9 avant tout<\/h3>\n<p>Nous avons pens\u00e9 \u00e0 votre s\u00e9curit\u00e9, d\u2019abord en <strong>vous donnant la possibilit\u00e9 d\u2019effectuer le check-in directement en ligne quelques jours avant le d\u00e9but du s\u00e9jour<\/strong>. \u00c0 votre arriv\u00e9e, apr\u00e8s un accueil chaleureux, nous vous remettrons vos cartes d&rsquo;acc\u00e8s \u00e0 la chambre que vous garderez avec vous pendant toute la dur\u00e9e de votre s\u00e9jour.<\/p>\n<p><strong>Toutes nos chambres sont d\u00e9sinfect\u00e9es par pulv\u00e9risation de peroxyde d&rsquo;hydrog\u00e8ne<\/strong> et le<strong> traitement est r\u00e9p\u00e9t\u00e9 \u00e0 intervalles r\u00e9guliers<\/strong> tout au long de votre s\u00e9jour.<\/p>\n<p>Durant la journ\u00e9e, notre personnel proc\u00e9dera \u00e0 la <strong>d\u00e9sinfection de toutes les surfaces de contact et, durant la nuit, en toute discr\u00e9tion, des espaces communs<\/strong>.<\/p>\n<p>Le <strong>lavage du linge de lit et de table<\/strong> est assur\u00e9 par la blanchisserie Pulilampo, qui adoptera des <strong>protocoles de lavage certifi\u00e9s garantissant<\/strong> les plus hauts niveaux de qualit\u00e9 microbiologique.<\/p>\n<p>Comme les ann\u00e9es pr\u00e9c\u00e9dentes, le lavage du linge de toilette et des serviettes de plage sera effectu\u00e9 en interne par un personnel d\u00e9di\u00e9, qui utilisera des produits sp\u00e9cifiques et certifi\u00e9s \u00e0 base de peroxyde d&rsquo;hydrog\u00e8ne et d&rsquo;acide perac\u00e9tique.<\/p>\n<p>\u00c0 votre arriv\u00e9e, vous trouverez des serviettes de plage dans votre chambre, une par client, qui seront remplac\u00e9es, sur demande, tous les 3 jours. <strong>Dans toutes les parties communes, vous trouverez des distributeurs de gel hydroalcoolique<\/strong> et des instructions pour le partage des espaces.<\/p>\n<p><strong>L&rsquo;acc\u00e8s \u00e0 la salle \u00e0 manger sera \u00e9chelonn\u00e9<\/strong>, et les espaces compl\u00e8tement r\u00e9am\u00e9nag\u00e9s pour garantir une distanciation conforme aux consignes sanitaires.<\/p>\n<p>Per garantirvi la pi\u00f9 ampia scelta possibile, abbiamo deciso di mantenere il buffet della colazione, riformulandone la modalit\u00e0 di accesso e di somministrazione.<\/p>\n<p>Afin de vous offrir un choix le plus large possible, nous avons d\u00e9cid\u00e9 de maintenir le buffet du petit-d\u00e9jeuner, en reformulant l\u2019acc\u00e8s et le type de service.<\/p>\n<p>Nous avons notamment accord\u00e9 une attention particuli\u00e8re \u00e0 la question de l&rsquo;impact environnemental en d\u00e9cidant de ne pas utiliser d\u2019emballages \u00e0 portion unique, mais de vous accompagner dans votre choix, sucr\u00e9 et sal\u00e9, en organisant nous-m\u00eames le service.<\/p>\n<p><strong>D\u00e9jeuner et d\u00eener seront servis \u00e0 table comme d&rsquo;habitude<\/strong>, tandis que les l\u00e9gumes, chauds et froids, ainsi que les fruits et les desserts seront servis du buffet.<\/p>\n<p><strong>Vous aurez \u00e9galement la possibilit\u00e9 de prendre votre repas directement sous votre parasol au Bagno 11<\/strong> ou, par simple message WhatsApp, de commander votre cocktail pr\u00e9f\u00e9r\u00e9 que Lucio se fera un plaisir de vous servir sur la plage.<\/p>\n<p>La plage sera am\u00e9nag\u00e9e dans le respect des consignes sanitaires (espace parasol 12,5 m2), et les lits seront nettoy\u00e9s chaque matin.<\/p>\n<p><strong>L&rsquo;eau de la piscine et du bain \u00e0 remous sera trait\u00e9e comme d\u2019habitude au chlore<\/strong>, un agent reconnu pour ses propri\u00e9t\u00e9s antiseptiques.<\/p>\n<p><strong>L&rsquo;animation pour petits et grands sera garantie cette ann\u00e9e encore<\/strong> ; le service de baby-sitting ne sera pas disponible apr\u00e8s les repas, mais des ateliers, des jeux \u00e0 participation r\u00e9duite et des activit\u00e9s individuelles seront privil\u00e9gi\u00e9s durant la journ\u00e9e.<\/p>\n<p>Cette ann\u00e9e \u00e9galement, nous garantirons le service Presse pour tous nos clients optant pour la Formule Club. Vous n\u2019aurez qu\u2019\u00e0 commander votre journal pr\u00e9f\u00e9r\u00e9 \u00e0 votre arriv\u00e9e et celui-ci vous attendra chaque matin \u00e0 la r\u00e9ception, accompagn\u00e9 d&rsquo;un chaleureux BONJOUR.<\/p>\n<p>Daniela et Eleonora seront \u00e0 votre disposition comme toujours pour vous fournir informations et conseils afin de rendre vos vacances aussi agr\u00e9ables que possible.<\/p>\n","protected":false},"excerpt":{"rendered":"<p>Nous avons pass\u00e9 en revue tous les aspects de notre modus operandi, de fa\u00e7on \u00e0 faire de chaque instant de votre s\u00e9jour une exp\u00e9rience agr\u00e9able et s\u00fbre. Il est fondamental pour nous de garantir la s\u00e9curit\u00e9 de nos h\u00f4tes afin de leur transmettre un maximum de s\u00e9r\u00e9nit\u00e9. Cette ann\u00e9e plus que jamais, nous avons tous besoin de vivre des vacances insouciantes et r\u00e9g\u00e9n\u00e9rantes, pour nous ressourcer le corps et l&rsquo;esprit. &#8230;<\/p>\n","protected":false},"author":1,"featured_media":0,"parent":0,"menu_order":16,"comment_status":"closed","ping_status":"closed","template":"","meta":{"_acf_changed":false},"class_list":["post-1227","page","type-page","status-publish","hentry"],"acf":[],"_links":{"self":[{"href":"https:\/\/www.h-universal.com\/fr\/wp-json\/wp\/v2\/pages\/1227","targetHints":{"allow":["GET"]}}],"collection":[{"href":"https:\/\/www.h-universal.com\/fr\/wp-json\/wp\/v2\/pages"}],"about":[{"href":"https:\/\/www.h-universal.com\/fr\/wp-json\/wp\/v2\/types\/page"}],"author":[{"embeddable":true,"href":"https:\/\/www.h-universal.com\/fr\/wp-json\/wp\/v2\/users\/1"}],"replies":[{"embeddable":true,"href":"https:\/\/www.h-universal.com\/fr\/wp-json\/wp\/v2\/comments?post=1227"}],"version-history":[{"count":0,"href":"https:\/\/www.h-universal.com\/fr\/wp-json\/wp\/v2\/pages\/1227\/revisions"}],"wp:attachment":[{"href":"https:\/\/www.h-universal.com\/fr\/wp-json\/wp\/v2\/media?parent=1227"}],"curies":[{"name":"wp","href":"https:\/\/api.w.org\/{rel}","templated":true}]}}