{"id":1234,"date":"2020-10-13T16:32:56","date_gmt":"2020-10-13T14:32:56","guid":{"rendered":"https:\/\/www.h-universal.com\/bar\/"},"modified":"2022-11-24T15:24:37","modified_gmt":"2022-11-24T14:24:37","slug":"bar","status":"publish","type":"page","link":"https:\/\/www.h-universal.com\/fr\/bar\/","title":{"rendered":"Un bar pas comme les autres"},"content":{"rendered":"<h2>Cocktails et drinks sp\u00e9cialement concoct\u00e9s pour l\u2019Happy Hour<\/h2>\n<p>On ne va pas se mentir, le propre des vacances est de se sentir libre de porter un toast \u00e0 la splendeur l&rsquo;\u00e9t\u00e9 \u00e0 chaque fois que vous le souhaitez. <strong>Notre barman est un v\u00e9ritable magicien, toujours pr\u00eat \u00e0 \u00e9laborer l\u2019ap\u00e9ritif<\/strong> ou le cocktail qu\u2019il vous faut, alcoolis\u00e9 ou non, sucr\u00e9 ou sec, fruit\u00e9 ou amer. De ses mains expertes naissent les meilleurs breuvages, avec des <strong>ingr\u00e9dients de qualit\u00e9 savamment dos\u00e9s<\/strong>.<\/p>\n<p>Quel voyageur \u00eates-vous ? Classique comme un Spritz ou sophistiqu\u00e9 comme un Americano ? Le Negroni, vous le pr\u00e9f\u00e9rez \u201cGiusto\u201d ou \u201cSbagliato\u201d ? Vous \u00eates plut\u00f4t Mojito ou Hugo ?<strong> Ici, vous trouverez toujours un grand choix de savoureuses boissons<\/strong> pour colorer votre Happy Hour, m\u00eame si vous tenez \u00e0 \u00e9tancher votre soif avec un drink rigoureusement non alcoolis\u00e9<\/p>\n<div id='gallery-1' class='gallery galleryid-1234 gallery-columns-3 gallery-size-full'><figure class='gallery-item'>\n\t\t\t<div class='gallery-icon landscape'>\n\t\t\t\t<a href='https:\/\/www.h-universal.com\/wp-content\/uploads\/2020\/12\/Gallery-Bar-02-Hotel-Universal-Bellaria.jpg' data-size=\"1000x700\"><img loading=\"lazy\" decoding=\"async\" width=\"1000\" height=\"700\" src=\"https:\/\/www.h-universal.com\/wp-content\/uploads\/2020\/12\/Gallery-Bar-02-Hotel-Universal-Bellaria.jpg\" class=\"attachment-full size-full\" alt=\"\" \/><\/a>\n\t\t\t<\/div><\/figure><figure class='gallery-item'>\n\t\t\t<div class='gallery-icon landscape'>\n\t\t\t\t<a href='https:\/\/www.h-universal.com\/wp-content\/uploads\/2020\/11\/Gallery-Piscina-04-Hotel-Universal-Bellaria.jpg' data-size=\"1000x700\"><img loading=\"lazy\" decoding=\"async\" width=\"1000\" height=\"700\" src=\"https:\/\/www.h-universal.com\/wp-content\/uploads\/2020\/11\/Gallery-Piscina-04-Hotel-Universal-Bellaria.jpg\" class=\"attachment-full size-full\" alt=\"\" \/><\/a>\n\t\t\t<\/div><\/figure><figure class='gallery-item'>\n\t\t\t<div class='gallery-icon landscape'>\n\t\t\t\t<a href='https:\/\/www.h-universal.com\/wp-content\/uploads\/2020\/11\/Gallery-Piscina-02-Hotel-Universal-Bellaria.jpg' data-size=\"1000x700\"><img loading=\"lazy\" decoding=\"async\" width=\"1000\" height=\"700\" src=\"https:\/\/www.h-universal.com\/wp-content\/uploads\/2020\/11\/Gallery-Piscina-02-Hotel-Universal-Bellaria.jpg\" class=\"attachment-full size-full\" alt=\"\" \/><\/a>\n\t\t\t<\/div><\/figure><figure class='gallery-item'>\n\t\t\t<div class='gallery-icon landscape'>\n\t\t\t\t<a href='https:\/\/www.h-universal.com\/wp-content\/uploads\/2020\/12\/Gallery-Bar-01-Hotel-Universal-Bellaria.jpg' data-size=\"1000x700\"><img loading=\"lazy\" decoding=\"async\" width=\"1000\" height=\"700\" src=\"https:\/\/www.h-universal.com\/wp-content\/uploads\/2020\/12\/Gallery-Bar-01-Hotel-Universal-Bellaria.jpg\" class=\"attachment-full size-full\" alt=\"\" \/><\/a>\n\t\t\t<\/div><\/figure><figure class='gallery-item'>\n\t\t\t<div class='gallery-icon landscape'>\n\t\t\t\t<a href='https:\/\/www.h-universal.com\/wp-content\/uploads\/2020\/12\/Gallery-Bar-03-Hotel-Universal-Bellaria.jpg' data-size=\"1000x700\"><img loading=\"lazy\" decoding=\"async\" width=\"1000\" height=\"700\" src=\"https:\/\/www.h-universal.com\/wp-content\/uploads\/2020\/12\/Gallery-Bar-03-Hotel-Universal-Bellaria.jpg\" class=\"attachment-full size-full\" alt=\"\" \/><\/a>\n\t\t\t<\/div><\/figure><figure class='gallery-item'>\n\t\t\t<div class='gallery-icon landscape'>\n\t\t\t\t<a href='https:\/\/www.h-universal.com\/wp-content\/uploads\/2021\/02\/bar-universal-hotel-bellaria.jpg' data-size=\"1000x700\"><img loading=\"lazy\" decoding=\"async\" width=\"1000\" height=\"700\" src=\"https:\/\/www.h-universal.com\/wp-content\/uploads\/2021\/02\/bar-universal-hotel-bellaria.jpg\" class=\"attachment-full size-full\" alt=\"bar hotel universal bellaria\" \/><\/a>\n\t\t\t<\/div><\/figure>\n\t\t<\/div>\n\n","protected":false},"excerpt":{"rendered":"<p>Cocktails et drinks sp\u00e9cialement concoct\u00e9s pour l\u2019Happy Hour On ne va pas se mentir, le propre des vacances est de se sentir libre de porter un toast \u00e0 la splendeur l&rsquo;\u00e9t\u00e9 \u00e0 chaque fois que vous le souhaitez. Notre barman est un v\u00e9ritable magicien, toujours pr\u00eat \u00e0 \u00e9laborer l\u2019ap\u00e9ritif ou le cocktail qu\u2019il vous faut, alcoolis\u00e9 ou non, sucr\u00e9 ou sec, fruit\u00e9 ou amer. De ses mains expertes naissent les &#8230;<\/p>\n","protected":false},"author":1,"featured_media":0,"parent":0,"menu_order":19,"comment_status":"closed","ping_status":"closed","template":"","meta":{"_acf_changed":false},"class_list":["post-1234","page","type-page","status-publish","hentry"],"acf":[],"_links":{"self":[{"href":"https:\/\/www.h-universal.com\/fr\/wp-json\/wp\/v2\/pages\/1234","targetHints":{"allow":["GET"]}}],"collection":[{"href":"https:\/\/www.h-universal.com\/fr\/wp-json\/wp\/v2\/pages"}],"about":[{"href":"https:\/\/www.h-universal.com\/fr\/wp-json\/wp\/v2\/types\/page"}],"author":[{"embeddable":true,"href":"https:\/\/www.h-universal.com\/fr\/wp-json\/wp\/v2\/users\/1"}],"replies":[{"embeddable":true,"href":"https:\/\/www.h-universal.com\/fr\/wp-json\/wp\/v2\/comments?post=1234"}],"version-history":[{"count":0,"href":"https:\/\/www.h-universal.com\/fr\/wp-json\/wp\/v2\/pages\/1234\/revisions"}],"wp:attachment":[{"href":"https:\/\/www.h-universal.com\/fr\/wp-json\/wp\/v2\/media?parent=1234"}],"curies":[{"name":"wp","href":"https:\/\/api.w.org\/{rel}","templated":true}]}}