{"id":1240,"date":"2020-10-29T10:12:14","date_gmt":"2020-10-29T09:12:14","guid":{"rendered":"https:\/\/www.h-universal.com\/massaggi-e-trattamenti\/"},"modified":"2023-10-24T09:35:47","modified_gmt":"2023-10-24T07:35:47","slug":"massages-et-soins","status":"publish","type":"page","link":"https:\/\/www.h-universal.com\/fr\/massages-et-soins\/","title":{"rendered":"Massages bien-\u00eatre et th\u00e9rapeutiques m\u00eame en vacances"},"content":{"rendered":"<h2>Optimisez vos vacances avec une touche du <em>Relax<\/em> :<\/h2>\n<p>Ici, \u00e0 l&rsquo;h\u00f4tel, vous pouvez vous consacrer au bien-\u00eatre m\u00eame en vacances : des masseurs et des physioth\u00e9rapeutes sp\u00e9cialis\u00e9s sont disponibles pour des massages bien-\u00eatre ou th\u00e9rapeutiques <strong>directement \u00e0 l&rsquo;h\u00f4tel sur rendez-vous.<\/strong><\/p>\n<p><em>Prendre soin de soi est un acte d&rsquo;amour que nous devrions tous nous accorder plus souvent.<\/em><\/p>\n<p><strong>Faites confiance aux mains expertes de nos professionnels<\/strong>, aimez-vous !, et laissez-vous chouchouter pour des vacances de d\u00e9tente absolue. Demande d\u2019informations sans engagement.<\/p>\n<h3>D\u00e9couvrez tous nos massages &gt;<\/h3>\n","protected":false},"excerpt":{"rendered":"<p>Optimisez vos vacances avec une touche du Relax : Ici, \u00e0 l&rsquo;h\u00f4tel, vous pouvez vous consacrer au bien-\u00eatre m\u00eame en vacances : des masseurs et des physioth\u00e9rapeutes sp\u00e9cialis\u00e9s sont disponibles pour des massages bien-\u00eatre ou th\u00e9rapeutiques directement \u00e0 l&rsquo;h\u00f4tel sur rendez-vous. Prendre soin de soi est un acte d&rsquo;amour que nous devrions tous nous accorder plus souvent. Faites confiance aux mains expertes de nos professionnels, aimez-vous !, et laissez-vous chouchouter &#8230;<\/p>\n","protected":false},"author":1,"featured_media":0,"parent":0,"menu_order":18,"comment_status":"closed","ping_status":"closed","template":"","meta":{"_acf_changed":false},"class_list":["post-1240","page","type-page","status-publish","hentry"],"acf":[],"_links":{"self":[{"href":"https:\/\/www.h-universal.com\/fr\/wp-json\/wp\/v2\/pages\/1240","targetHints":{"allow":["GET"]}}],"collection":[{"href":"https:\/\/www.h-universal.com\/fr\/wp-json\/wp\/v2\/pages"}],"about":[{"href":"https:\/\/www.h-universal.com\/fr\/wp-json\/wp\/v2\/types\/page"}],"author":[{"embeddable":true,"href":"https:\/\/www.h-universal.com\/fr\/wp-json\/wp\/v2\/users\/1"}],"replies":[{"embeddable":true,"href":"https:\/\/www.h-universal.com\/fr\/wp-json\/wp\/v2\/comments?post=1240"}],"version-history":[{"count":0,"href":"https:\/\/www.h-universal.com\/fr\/wp-json\/wp\/v2\/pages\/1240\/revisions"}],"wp:attachment":[{"href":"https:\/\/www.h-universal.com\/fr\/wp-json\/wp\/v2\/media?parent=1240"}],"curies":[{"name":"wp","href":"https:\/\/api.w.org\/{rel}","templated":true}]}}