{"id":1279,"date":"2020-10-13T16:18:31","date_gmt":"2020-10-13T14:18:31","guid":{"rendered":"https:\/\/www.h-universal.com\/davanti-al-mare\/"},"modified":"2021-02-05T10:40:37","modified_gmt":"2021-02-05T09:40:37","slug":"juste-en-face-de-la-mer","status":"publish","type":"page","link":"https:\/\/www.h-universal.com\/fr\/juste-en-face-de-la-mer\/","title":{"rendered":"Juste en face de la mer"},"content":{"rendered":"<h2>Descendez trois marches et vous avez les pieds dans le sable<\/h2>\n<p>Le plaisir d\u2019un s\u00e9jour au bord de la mer est directement proportionnel \u00e0 la quantit\u00e9 de sourires que vous exprimerez, sans m\u00eame vous en rendre compte, tout au long de la journ\u00e9e.<\/p>\n<p>Allons-y dans l&rsquo;ordre : <strong>le r\u00e9veil<\/strong>. D\u00e8s que vous ouvrez la fen\u00eatre, <strong>la brise vous enveloppe d\u2019un sentiment de libert\u00e9<\/strong> que seule la mer sait insuffler. <strong>Respirez et souriez<\/strong>.<\/p>\n<p><strong>Descendre \u00e0 la plage apr\u00e8s le petit-d\u00e9jeuner. Vous sortez de l&rsquo;Hotel Universal, descendez les trois marches qui m\u00e8nent \u00e0 la plage<\/strong> et vous d\u00e9barrassez de vos tongs. Go\u00fbter au plaisir exquis de sentir vos pieds s\u2019enfoncer dans le sable doux et chaud. <strong>Mettez vos sens en \u00e9veil et souriez<\/strong>.<\/p>\n<p><strong>Retour de la plage<\/strong>. Que vous soyez habitu\u00e9 \u00e0 mettre les pieds sous la table \u00e0 midi pile ou un adepte du farniente jusqu&rsquo;au coucher du soleil, s\u00e9journer juste devant la plage offre quelques pr\u00e9cieux avantages : \u00e0 l&rsquo;heure du d\u00e9jeuner, pas de parcours du combattant sous le soleil br\u00fblant ! <strong>Vous \u00eates \u00e0 deux pas du restaurant<\/strong>, et le soir, en deux enjamb\u00e9es, <strong>vous \u00eates \u00e0 nouveau dans votre chambre<\/strong> pour prendre une douche et vous pr\u00e9parer \u00e0 vivre vos nuits estivales. <strong>Le temps vous appartient, souriez<\/strong>.<\/p>\n<p><strong>Bonne nuit<\/strong>. Depuis votre chambre avec vue, la mer est une extension de votre espace de vie, l&rsquo;\u00e9l\u00e9ment qui, sur la pointe des pieds et dans un murmure, dorlote votre intimit\u00e9. <strong>Endormez-vous berc\u00e9 par les vagues, toujours le sourire aux l\u00e8vres<\/strong>.<\/p>\n<div id='gallery-1' class='gallery galleryid-1279 gallery-columns-3 gallery-size-full'><figure class='gallery-item'>\n\t\t\t<div class='gallery-icon landscape'>\n\t\t\t\t<a href='https:\/\/www.h-universal.com\/wp-content\/uploads\/2020\/11\/Gallery-Dove-siamo-04-Hotel-Universal-Bellaria.jpg' data-size=\"1000x700\"><img loading=\"lazy\" decoding=\"async\" width=\"1000\" height=\"700\" src=\"https:\/\/www.h-universal.com\/wp-content\/uploads\/2020\/11\/Gallery-Dove-siamo-04-Hotel-Universal-Bellaria.jpg\" class=\"attachment-full size-full\" alt=\"\" \/><\/a>\n\t\t\t<\/div><\/figure><figure class='gallery-item'>\n\t\t\t<div class='gallery-icon landscape'>\n\t\t\t\t<a href='https:\/\/www.h-universal.com\/wp-content\/uploads\/2020\/12\/Gallery-Spiaggia-14-Hotel-Universal-Bellaria.jpg' data-size=\"1000x700\"><img loading=\"lazy\" decoding=\"async\" width=\"1000\" height=\"700\" src=\"https:\/\/www.h-universal.com\/wp-content\/uploads\/2020\/12\/Gallery-Spiaggia-14-Hotel-Universal-Bellaria.jpg\" class=\"attachment-full size-full\" alt=\"\" \/><\/a>\n\t\t\t<\/div><\/figure><figure class='gallery-item'>\n\t\t\t<div class='gallery-icon landscape'>\n\t\t\t\t<a href='https:\/\/www.h-universal.com\/wp-content\/uploads\/2020\/11\/Gallery-Spiaggia-03-Hotel-Universal-Bellaria.jpg' data-size=\"1000x700\"><img loading=\"lazy\" decoding=\"async\" width=\"1000\" height=\"700\" src=\"https:\/\/www.h-universal.com\/wp-content\/uploads\/2020\/11\/Gallery-Spiaggia-03-Hotel-Universal-Bellaria.jpg\" class=\"attachment-full size-full\" alt=\"\" \/><\/a>\n\t\t\t<\/div><\/figure><figure class='gallery-item'>\n\t\t\t<div class='gallery-icon landscape'>\n\t\t\t\t<a href='https:\/\/www.h-universal.com\/wp-content\/uploads\/2020\/12\/Gallery-Esterno-02-Hotel-Universal-Bellaria.jpg' data-size=\"1000x700\"><img loading=\"lazy\" decoding=\"async\" width=\"1000\" height=\"700\" src=\"https:\/\/www.h-universal.com\/wp-content\/uploads\/2020\/12\/Gallery-Esterno-02-Hotel-Universal-Bellaria.jpg\" class=\"attachment-full size-full\" alt=\"\" \/><\/a>\n\t\t\t<\/div><\/figure><figure class='gallery-item'>\n\t\t\t<div class='gallery-icon landscape'>\n\t\t\t\t<a href='https:\/\/www.h-universal.com\/wp-content\/uploads\/2020\/12\/Gallery-Esterno-01-Hotel-Universal-Bellaria.jpg' data-size=\"1000x700\"><img loading=\"lazy\" decoding=\"async\" width=\"1000\" height=\"700\" src=\"https:\/\/www.h-universal.com\/wp-content\/uploads\/2020\/12\/Gallery-Esterno-01-Hotel-Universal-Bellaria.jpg\" class=\"attachment-full size-full\" alt=\"\" \/><\/a>\n\t\t\t<\/div><\/figure><figure class='gallery-item'>\n\t\t\t<div class='gallery-icon landscape'>\n\t\t\t\t<a href='https:\/\/www.h-universal.com\/wp-content\/uploads\/2020\/12\/Gallery-Spiaggia-07-Hotel-Universal-Bellaria.jpg' data-size=\"1000x700\"><img loading=\"lazy\" decoding=\"async\" width=\"1000\" height=\"700\" src=\"https:\/\/www.h-universal.com\/wp-content\/uploads\/2020\/12\/Gallery-Spiaggia-07-Hotel-Universal-Bellaria.jpg\" class=\"attachment-full size-full\" alt=\"\" \/><\/a>\n\t\t\t<\/div><\/figure><figure class='gallery-item'>\n\t\t\t<div class='gallery-icon landscape'>\n\t\t\t\t<a href='https:\/\/www.h-universal.com\/wp-content\/uploads\/2020\/11\/Gallery-Spiaggia-01-Hotel-Universal-Bellaria.jpg' data-size=\"1000x700\"><img loading=\"lazy\" decoding=\"async\" width=\"1000\" height=\"700\" src=\"https:\/\/www.h-universal.com\/wp-content\/uploads\/2020\/11\/Gallery-Spiaggia-01-Hotel-Universal-Bellaria.jpg\" class=\"attachment-full size-full\" alt=\"\" \/><\/a>\n\t\t\t<\/div><\/figure>\n\t\t<\/div>\n\n","protected":false},"excerpt":{"rendered":"<p>Descendez trois marches et vous avez les pieds dans le sable Le plaisir d\u2019un s\u00e9jour au bord de la mer est directement proportionnel \u00e0 la quantit\u00e9 de sourires que vous exprimerez, sans m\u00eame vous en rendre compte, tout au long de la journ\u00e9e. Allons-y dans l&rsquo;ordre : le r\u00e9veil. D\u00e8s que vous ouvrez la fen\u00eatre, la brise vous enveloppe d\u2019un sentiment de libert\u00e9 que seule la mer sait insuffler. Respirez &#8230;<\/p>\n","protected":false},"author":1,"featured_media":0,"parent":0,"menu_order":18,"comment_status":"closed","ping_status":"closed","template":"","meta":{"_acf_changed":false},"class_list":["post-1279","page","type-page","status-publish","hentry"],"acf":[],"_links":{"self":[{"href":"https:\/\/www.h-universal.com\/fr\/wp-json\/wp\/v2\/pages\/1279","targetHints":{"allow":["GET"]}}],"collection":[{"href":"https:\/\/www.h-universal.com\/fr\/wp-json\/wp\/v2\/pages"}],"about":[{"href":"https:\/\/www.h-universal.com\/fr\/wp-json\/wp\/v2\/types\/page"}],"author":[{"embeddable":true,"href":"https:\/\/www.h-universal.com\/fr\/wp-json\/wp\/v2\/users\/1"}],"replies":[{"embeddable":true,"href":"https:\/\/www.h-universal.com\/fr\/wp-json\/wp\/v2\/comments?post=1279"}],"version-history":[{"count":0,"href":"https:\/\/www.h-universal.com\/fr\/wp-json\/wp\/v2\/pages\/1279\/revisions"}],"wp:attachment":[{"href":"https:\/\/www.h-universal.com\/fr\/wp-json\/wp\/v2\/media?parent=1279"}],"curies":[{"name":"wp","href":"https:\/\/api.w.org\/{rel}","templated":true}]}}