{"id":1586,"date":"2020-11-04T15:41:10","date_gmt":"2020-11-04T14:41:10","guid":{"rendered":"https:\/\/www.h-universal.com\/entroterra\/"},"modified":"2022-03-07T15:57:32","modified_gmt":"2022-03-07T14:57:32","slug":"arriere-pays-romagnol","status":"publish","type":"page","link":"https:\/\/www.h-universal.com\/fr\/arriere-pays-romagnol\/","title":{"rendered":"Que faire \u00e0 Rimini et aux alentours ?"},"content":{"rendered":"<h2>On ne s&rsquo;ennuie jamais dans l&rsquo;arri\u00e8re-pays romagnol !<\/h2>\n<p>La plus c\u00e9l\u00e8bre des stations baln\u00e9aires de la Riviera romagnole est synonyme de <strong>divertissement non-stop<\/strong> : soleil, plages, mer et vie nocturne&#8230; les vacances \u00e0 Rimini ne sont pas une l\u00e9gende ! Et pourtant la ville et ses environs ont tellement plus \u00e0 offrir ! Si vous r\u00eavez d&rsquo;un<strong> voyage actif<\/strong>, de d\u00e9couvrir des <strong>paysages splendides<\/strong>, de savourer la <strong>r\u00e9jouissante insouciance des <a href=\"https:\/\/www.h-universal.com\/fr\/parcs-a-theme-de-la-riviera\/\">Parcs d\u2019Attractions<\/a><\/strong> d\u2019aller \u00e0 la rencontre d\u2019un <strong>arri\u00e8re-pays qui regorge d&rsquo;activit\u00e9s<\/strong>, <strong>d&rsquo;histoire et de culture<\/strong>, voici quelques bons plans auxquels vous n\u2019aviez peut-\u00eatre pas pens\u00e9 !<\/p>\n<h3>Rimini<\/h3>\n<p>Situ\u00e9e au centre de l&rsquo;Italie et bien reli\u00e9e aux principales villes europ\u00e9ennes, Rimini est l&#8217;embl\u00e8me et le lieu id\u00e9al pour un tourisme diversifi\u00e9. \u00c0 la fois antique et moderne, populaire et culturelle, spectaculaire et artisanale, Rimini a \u00e9t\u00e9 chant\u00e9e et immortalis\u00e9e par le Maestro du cin\u00e9ma italien, Federico Fellini qui, \u00e0 travers le 7e art, a export\u00e9 son mythe dans le monde entier.<\/p>\n<hr \/>\n<h3>San Marino<\/h3>\n<p>\u00c0 750 m d\u2019altitude, dans l&rsquo;\u00c9tat souverain le plus ancien et le plus petit du monde, qui a conserv\u00e9 sa libert\u00e9 et son ind\u00e9pendance depuis des si\u00e8cles, vous \u00eates d\u00e9j\u00e0 \u00e0 l&rsquo;\u00e9tranger. Les silhouettes de ses trois tours (Guaita, Cesta et Montale) se d\u00e9tachent sur le mont Titan, symbole d\u2019une R\u00e9publique qui s&rsquo;enorgueillit, parmi ses nombreux titres de gloire, d&rsquo;une histoire et d&rsquo;une tradition philat\u00e9lique et numismatique remarquable, appr\u00e9ci\u00e9e dans le monde entier.<\/p>\n<hr \/>\n<h3>Torriana<\/h3>\n<p>Nich\u00e9e dans les collines de Verucchio, la Rocca \u00e9tait surnomm\u00e9e \u00ab\u00a0la Scorticata\u00a0\u00bb (l\u2019\u00e9corch\u00e9e) dans l&rsquo;Antiquit\u00e9 en raison de l\u2019\u00e2pret\u00e9 de l&rsquo;\u00e9peron rocheux sur lequel la forteresse est b\u00e2tie.<br \/>\nLes origines de la forteresse remontent sans doute \u00e0 la nuit des temps et elle servait de point d&rsquo;observation pour la d\u00e9fense du ch\u00e2teau voisin de Montebello. Sa position strat\u00e9gique lui valut le surnom de \u00ab\u00a0balcon de la Romagne\u00a0\u00bb : d&rsquo;ici, on peut d\u00e9couvrir un panorama tr\u00e8s suggestif de la Riviera, de Gabicce \u00e0 Cesenatico, en passant par les collines verdoyantes de l&rsquo;arri\u00e8re-pays.<br \/>\nL&rsquo;Observatoire naturaliste de la vall\u00e9e du Marecchia s\u2019est \u00e9galement install\u00e9 ici et offre aux visiteurs l\u2019occasion de d\u00e9couvrir la beaut\u00e9 de l&rsquo;arri\u00e8re-pays de Rimini.<br \/>\nFin juillet se d\u00e9roule \u00ab\u00a0La collina dei Piaceri\u00a0\u00bb (la colline des Plaisirs), une vitrine r\u00e9jouissante des meilleures sp\u00e9cialit\u00e9s provenant des quatre coins d&rsquo;Italie, et qui s\u2019enorgueillit de pr\u00e9senter au grand public chefs, pizza\u00efolos, p\u00e2tissiers, producteurs et artisans, tous acteurs de tr\u00e8s haut niveau du secteur \u0153nogastronomique italien.<\/p>\n<hr \/>\n<h3>Montebello<\/h3>\n<p>Non loin de Torriana, perch\u00e9 sur une falaise qui domine le village, se dresse le ch\u00e2teau de Montebello. Un autre ch\u00e2teau, parfaitement conserv\u00e9 et ouvert aux visiteurs, qui poursuit la s\u00e9rie de fortifications renforc\u00e9es sous le r\u00e8gne de la seigneurie Malatesta.<\/p>\n<p>La forteresse abrite un pr\u00e9cieux mobilier du 14e au 18e si\u00e8cle.  On peut y d\u00e9couvrir une splendide collection de coffres-forts et de coffres de mariage, dont un, peint, qui remonte, dit-on, aux Croisades. Couloirs myst\u00e9rieux, passages sombres, puits profonds et \u00e9v\u00e9nements \u00e9tranges ont aliment\u00e9 la l\u00e9gende d&rsquo;un fant\u00f4me, une petite fille d&rsquo;environ cinq ans, fille du seigneur f\u00e9odal, disparue dans les souterrains du ch\u00e2teau en 1375 :  \u00ab\u00a0Azzurrina avait les yeux de la couleur du ciel et des cheveux clairs aux reflets azur\u00e9s\u00a0\u00bb.  On dit que le 21 juin de cette lointaine ann\u00e9e 1375, l&rsquo;enfant disparut et ne fut jamais retrouv\u00e9e.  Selon la l\u00e9gende, le fant\u00f4me de la jeune fille erre toujours entre les murs du ch\u00e2teau et revient tous les cinq ans, durant le solstice d&rsquo;\u00e9t\u00e9, faire entendre sa voix.<\/p>\n<hr \/>\n<h3>Ravenna<\/h3>\n<p>Situ\u00e9e \u00e0 proximit\u00e9 d&rsquo;une magnifique pin\u00e8de, Ravenna offre un extraordinaire chapelet de basiliques, baptist\u00e8res et mausol\u00e9es. L&rsquo;harmonie des modules de construction classiques se fonde \u00e0 la splendeur des marbres pr\u00e9cieux et des c\u00e9l\u00e8bres mosa\u00efques byzantines. La ville est r\u00e9put\u00e9e pour son patrimoine artistique, mais \u00e9galement pour son long et luxueux boulevard qui fourmille de boutiques \u00e0 la mode. (55 km)<\/p>\n<hr \/>\n<h3>Santarcangelo di Romagna<\/h3>\n<p>Une porte ouverte sur le pass\u00e9, une cit\u00e9 particuli\u00e8re, une perle dans la vall\u00e9e de Marecchia, celle des po\u00e8tes : c&rsquo;est Santarcangelo ! C&rsquo;est ici que l&rsquo;on trouve les po\u00e8tes du \u00ab\u00a0<em>Circal de giudeizi<\/em>\u00ab\u00a0, inspir\u00e9s par leur chef de file, Tonino Guerra. \u00c0 ne pas manquer : la Rocca Malatestiana, le Couvent des Capucins, l\u2019antique march\u00e9 aux poissons, l&rsquo;Arc et la Place d\u00e9di\u00e9e au Papa Ganganelli, les \u00ab\u00a0myst\u00e9rieuses\u00a0\u00bb grottes de tuf et les boutiques-ateliers des ma\u00eetres-artisans du fer forg\u00e9 et des tissus imprim\u00e9s \u00e0 la rouille.<\/p>\n<hr \/>\n<h3>San Leo<\/h3>\n<p>Situ\u00e9e au c\u0153ur de la vall\u00e9e de Marecchia, sur une colline \u00e0 600 m d\u2019altidude, San Leo est la capitale historique de la famille Montefeltro. Outre pour sa Forteresse, son \u00e9glise paroissiale (Pieve) et sa cath\u00e9drale (Duomo), San Leo est \u00e9galement connue pour le myst\u00e9rieux et fascinant personnage du comte de Cagliostro, l&rsquo;alchimiste, qui fut emprisonn\u00e9 dans la \u00ab\u00a0Rocca\u00a0\u00bb et y mourut en 1795.<\/p>\n<hr \/>\n<h3>Verucchio<\/h3>\n<p>Dominant le splendide panorama de la vall\u00e9e du Marecchia, la Rocca de Verucchio occupe une position strat\u00e9gique. \u00c0 voir, outre la Forteresse, la Coll\u00e9giale des saints Martin et Fran\u00e7ois d&rsquo;Assise et le Mus\u00e9e arch\u00e9ologique civique.<\/p>\n<hr \/>\n<h3>Urbino<\/h3>\n<p>Urbino est synonyme d&rsquo;art et de culture. Dans son c\u00e9l\u00e8bre mus\u00e9e du Palais Ducal, qui abrite des \u0153uvres d&rsquo;art du XIVe au XVIIe si\u00e8cle, brillent certains des chefs-d&rsquo;\u0153uvre les plus remarquables de la Renaissance italienne, qui ici \u00e0 Urbino se manifeste \u00e9galement dans l&rsquo;architecture. Les petites boutiques du centre historique sont tr\u00e8s caract\u00e9ristiques, et on peut y voir de pr\u00e8s la mise en \u0153uvre d\u2019anciennes techniques artisanales et se procurer de splendides objets. (60 km)<\/p>\n<hr \/>\n<h3>Gradara<\/h3>\n<p>Un ancien bourg fortifi\u00e9, nich\u00e9 \u00e0 l\u2019int\u00e9rieur de ses remparts o\u00f9 l&rsquo;imposant ch\u00e2teau compl\u00e8te le centre m\u00e9di\u00e9val. La Forteresse (la Rocca) fut achev\u00e9e par la famille Malatesta entre 1307 et 1325, puis restaur\u00e9e \u00e0 plusieurs reprises. Selon la l\u00e9gende, c\u2019est \u00e0 Gradara que se d\u00e9roula la tragique histoire d\u2019amour entre Paolo et Francesca, chant\u00e9e par Dante : \u00ab\u00a0Quand nous l\u00fbmes comment les riantes l\u00e8vres d\u00e9sir\u00e9es furent bais\u00e9es par un tel amant, celui-ci, qui jamais de moi ne sera s\u00e9par\u00e9, tout tremblant me baisa la bouche&#8230;\u00a0\u00bb.<\/p>\n<div id='gallery-1' class='gallery galleryid-1586 gallery-columns-3 gallery-size-full'><figure class='gallery-item'>\n\t\t\t<div class='gallery-icon landscape'>\n\t\t\t\t<a href='https:\/\/www.h-universal.com\/wp-content\/uploads\/2020\/11\/rimini-1.jpg' data-size=\"814x570\"><img loading=\"lazy\" decoding=\"async\" width=\"814\" height=\"570\" src=\"https:\/\/www.h-universal.com\/wp-content\/uploads\/2020\/11\/rimini-1.jpg\" class=\"attachment-full size-full\" alt=\"\" \/><\/a>\n\t\t\t<\/div><\/figure><figure class='gallery-item'>\n\t\t\t<div class='gallery-icon landscape'>\n\t\t\t\t<a href='https:\/\/www.h-universal.com\/wp-content\/uploads\/2020\/11\/urbino-1.jpg' data-size=\"814x570\"><img loading=\"lazy\" decoding=\"async\" width=\"814\" height=\"570\" src=\"https:\/\/www.h-universal.com\/wp-content\/uploads\/2020\/11\/urbino-1.jpg\" class=\"attachment-full size-full\" alt=\"\" \/><\/a>\n\t\t\t<\/div><\/figure><figure class='gallery-item'>\n\t\t\t<div class='gallery-icon landscape'>\n\t\t\t\t<a href='https:\/\/www.h-universal.com\/wp-content\/uploads\/2020\/11\/sanleo-1.jpg' data-size=\"814x570\"><img loading=\"lazy\" decoding=\"async\" width=\"814\" height=\"570\" src=\"https:\/\/www.h-universal.com\/wp-content\/uploads\/2020\/11\/sanleo-1.jpg\" class=\"attachment-full size-full\" alt=\"\" \/><\/a>\n\t\t\t<\/div><\/figure><figure class='gallery-item'>\n\t\t\t<div class='gallery-icon landscape'>\n\t\t\t\t<a href='https:\/\/www.h-universal.com\/wp-content\/uploads\/2020\/11\/gradara3.jpg' data-size=\"814x570\"><img loading=\"lazy\" decoding=\"async\" width=\"814\" height=\"570\" src=\"https:\/\/www.h-universal.com\/wp-content\/uploads\/2020\/11\/gradara3.jpg\" class=\"attachment-full size-full\" alt=\"\" \/><\/a>\n\t\t\t<\/div><\/figure><figure class='gallery-item'>\n\t\t\t<div class='gallery-icon landscape'>\n\t\t\t\t<a href='https:\/\/www.h-universal.com\/wp-content\/uploads\/2020\/11\/gradara2.jpg' data-size=\"814x570\"><img loading=\"lazy\" decoding=\"async\" width=\"814\" height=\"570\" src=\"https:\/\/www.h-universal.com\/wp-content\/uploads\/2020\/11\/gradara2.jpg\" class=\"attachment-full size-full\" alt=\"\" \/><\/a>\n\t\t\t<\/div><\/figure><figure class='gallery-item'>\n\t\t\t<div class='gallery-icon landscape'>\n\t\t\t\t<a href='https:\/\/www.h-universal.com\/wp-content\/uploads\/2020\/11\/gradara.jpg' data-size=\"814x570\"><img loading=\"lazy\" decoding=\"async\" width=\"814\" height=\"570\" src=\"https:\/\/www.h-universal.com\/wp-content\/uploads\/2020\/11\/gradara.jpg\" class=\"attachment-full size-full\" alt=\"\" \/><\/a>\n\t\t\t<\/div><\/figure><figure class='gallery-item'>\n\t\t\t<div class='gallery-icon landscape'>\n\t\t\t\t<a href='https:\/\/www.h-universal.com\/wp-content\/uploads\/2020\/11\/sanmarino.jpg' data-size=\"814x570\"><img loading=\"lazy\" decoding=\"async\" width=\"814\" height=\"570\" src=\"https:\/\/www.h-universal.com\/wp-content\/uploads\/2020\/11\/sanmarino.jpg\" class=\"attachment-full size-full\" alt=\"\" \/><\/a>\n\t\t\t<\/div><\/figure><figure class='gallery-item'>\n\t\t\t<div class='gallery-icon landscape'>\n\t\t\t\t<a href='https:\/\/www.h-universal.com\/wp-content\/uploads\/2020\/11\/ravenna.jpg' data-size=\"814x570\"><img loading=\"lazy\" decoding=\"async\" width=\"814\" height=\"570\" src=\"https:\/\/www.h-universal.com\/wp-content\/uploads\/2020\/11\/ravenna.jpg\" class=\"attachment-full size-full\" alt=\"\" \/><\/a>\n\t\t\t<\/div><\/figure>\n\t\t<\/div>\n\n","protected":false},"excerpt":{"rendered":"<p>On ne s&rsquo;ennuie jamais dans l&rsquo;arri\u00e8re-pays romagnol ! La plus c\u00e9l\u00e8bre des stations baln\u00e9aires de la Riviera romagnole est synonyme de divertissement non-stop : soleil, plages, mer et vie nocturne&#8230; les vacances \u00e0 Rimini ne sont pas une l\u00e9gende ! Et pourtant la ville et ses environs ont tellement plus \u00e0 offrir ! Si vous r\u00eavez d&rsquo;un voyage actif, de d\u00e9couvrir des paysages splendides, de savourer la r\u00e9jouissante insouciance des &#8230;<\/p>\n","protected":false},"author":1,"featured_media":0,"parent":0,"menu_order":9,"comment_status":"closed","ping_status":"closed","template":"","meta":{"_acf_changed":false},"class_list":["post-1586","page","type-page","status-publish","hentry"],"acf":[],"_links":{"self":[{"href":"https:\/\/www.h-universal.com\/fr\/wp-json\/wp\/v2\/pages\/1586","targetHints":{"allow":["GET"]}}],"collection":[{"href":"https:\/\/www.h-universal.com\/fr\/wp-json\/wp\/v2\/pages"}],"about":[{"href":"https:\/\/www.h-universal.com\/fr\/wp-json\/wp\/v2\/types\/page"}],"author":[{"embeddable":true,"href":"https:\/\/www.h-universal.com\/fr\/wp-json\/wp\/v2\/users\/1"}],"replies":[{"embeddable":true,"href":"https:\/\/www.h-universal.com\/fr\/wp-json\/wp\/v2\/comments?post=1586"}],"version-history":[{"count":0,"href":"https:\/\/www.h-universal.com\/fr\/wp-json\/wp\/v2\/pages\/1586\/revisions"}],"wp:attachment":[{"href":"https:\/\/www.h-universal.com\/fr\/wp-json\/wp\/v2\/media?parent=1586"}],"curies":[{"name":"wp","href":"https:\/\/api.w.org\/{rel}","templated":true}]}}