{"id":1588,"date":"2020-11-04T16:21:43","date_gmt":"2020-11-04T15:21:43","guid":{"rendered":"https:\/\/www.h-universal.com\/parchi\/"},"modified":"2022-02-28T13:01:16","modified_gmt":"2022-02-28T12:01:16","slug":"parcs-a-theme-de-la-riviera","status":"publish","type":"page","link":"https:\/\/www.h-universal.com\/fr\/parcs-a-theme-de-la-riviera\/","title":{"rendered":"Parcs d&rsquo;attractions et parcs \u00e0 th\u00e8me de la Riviera"},"content":{"rendered":"<h2>Pour les adultes comme pour les enfants !<\/h2>\n<p><strong>La Riviera Adriatique est assur\u00e9ment la zone la plus riche en divertissements en tout genre<\/strong>. Sur quelques dizaines de kilom\u00e8tres seulement, on trouve la plus grande concentration de parcs d&rsquo;attractions d&rsquo;Europe.<br \/>\nC\u2019est \u00ab\u00a0<strong>La Riviera des Parcs<\/strong>\u00a0\u00bb : un tourbillon d&rsquo;\u00e9motions uniques ! Des aquariums et delphinariums spectaculaires, des parcs aquatiques \u00e9blouissants, des parcs \u00e0 th\u00e8me exclusifs o\u00f9 petits et grands trouvent leur bonheur. Venez profiter de l&rsquo;atmosph\u00e8re irr\u00e9sistible de la Riviera romagnole !<\/p>\n<h3>Mirabilandia &#8211; Ravenna<\/h3>\n<p>Mirabilandia est le plus grand parc de Romagne et l&rsquo;un des plus importants d&rsquo;Italie et d&rsquo;Europe. Le parc est divis\u00e9 en secteurs th\u00e9matiques, dont Bimbopoli, d\u00e9di\u00e9 aux plus petits. 40 attractions accessibles \u00e0 tous et, durant la journ\u00e9e, des spectacles sont organis\u00e9s dans un splendide cadre verdoyant parsem\u00e9 de plans d&rsquo;eau.<\/p>\n<hr \/>\n<h3>Atlantica &#8211; Cesenatico<\/h3>\n<p>Visit\u00e9 chaque \u00e9t\u00e9 par des touristes venus de toute l\u2019Europe, Atlantica est l&rsquo;un des plus importants parcs \u00e0 th\u00e8me de la Riviera Adriatique. Symbole du parc, la grande baleine bleue situ\u00e9e \u00e0 l&rsquo;entr\u00e9e du parc, que les enfants peuvent s\u2019amuser \u00e0 traverser sur des canots pneumatiques color\u00e9s.<\/p>\n<hr \/>\n<h3>Italia in Miniatura &#8211; Rimini<\/h3>\n<p>Vivez des \u00e9motions uniques en explorant le patrimoine culturel italien et europ\u00e9en. Le parc propose plus de 270 splendides reproductions \u00e0 l&rsquo;\u00e9chelle de monuments et chefs-d&rsquo;\u0153uvre architecturaux. Savourez le plaisir rare de comprendre et de d\u00e9couvrir, gr\u00e2ce \u00e0 un mix in\u00e9dit d&rsquo;attractions et de jeux : c&rsquo;est l&rsquo;Italie en miniature !<\/p>\n<hr \/>\n<h3>Fiabilandia &#8211; Rimini<\/h3>\n<p>Fiabilandia se d\u00e9ploie sur une surface de 120 000 m2. Il s&rsquo;agit du plus grand parc enti\u00e8rement d\u00e9di\u00e9 aux plus petits. Incontournables le Ch\u00e2teau de Merlin l\u2019enchanteur et la Chenille Pomme. Le parc abrite une structure sp\u00e9ciale qui accueille des expositions \u00e0 caract\u00e8re \u00e9ducatif et formateur.<\/p>\n<hr \/>\n<h3>Aquafan &#8211; Riccione<\/h3>\n<p>Aquafan est reconnu comme le plus important parc aquatique d&rsquo;Europe. Sa notori\u00e9t\u00e9 est \u00e9galement due \u00e0 la pr\u00e9sence active de Radio Dee Jay : un point de rencontre entre la jeunesse et la premi\u00e8re radio priv\u00e9e en termes d&rsquo;audience. Aquafan enflamme la movida avec la discoth\u00e8que Walky Cup, c\u00e9l\u00e8bre dans toute la Riviera romagnole.<\/p>\n<hr \/>\n<h3>Imax &#8211; Riccione<\/h3>\n<p>Avec son \u00e9cran panoramique de 600 m2, haut comme un immeuble de 7 \u00e9tages, IMAX est le cin\u00e9ma XXL. Un merveilleux voyage dans l&rsquo;espace, une ascension au sommet du mont Everest, une descente dans les abysses, une rencontre 3D avec un T-Rex&#8230; avec Imax, vous \u00eates au c\u0153ur de l\u2019aventure ! Imax : la magie du cin\u00e9ma comme vous ne l&rsquo;avez jamais vue !<\/p>\n<hr \/>\n<h3>Oltremare &#8211; Riccione<\/h3>\n<p>Vous r\u00eavez d\u2019une rencontre rapproch\u00e9e avec les dauphins ? D\u00e9couvrez Oltremare, le nouveau parc \u00e0 th\u00e8me situ\u00e9 sur la colline de Riccione, \u00e0 c\u00f4t\u00e9 d&rsquo;Aquafan. Ouvert toute l\u2019ann\u00e9e, le parc est le fruit d&rsquo;un investissement de plus de 70 millions d&rsquo;euros effectu\u00e9 par deux entreprises pr\u00e9sentes sur le territoire depuis de nombreuses ann\u00e9es : Aquafan et Delphinarium Riccione.<\/p>\n<hr \/>\n<h3>Acquario di Cattolica &#8211; Cattolica<\/h3>\n<p>L&rsquo;Aquarium de Cattolica est con\u00e7u pour ceux qui souhaitent d\u00e9couvrir tous les habitants de la mer. Gr\u00e2ce aux parcours th\u00e9matiques et \u00e0 la richesse des aquariums, on peut y admirer de nombreuses esp\u00e8ces marines : requins, poissons tropicaux, \u00e9ponges, coraux, piranhas&#8230; L\u2019immersion dans le bassin des requins est l&rsquo;une des attractions les plus spectaculaires.<\/p>\n<div id='gallery-1' class='gallery galleryid-1588 gallery-columns-3 gallery-size-full'><figure class='gallery-item'>\n\t\t\t<div class='gallery-icon landscape'>\n\t\t\t\t<a href='https:\/\/www.h-universal.com\/wp-content\/uploads\/2020\/11\/acquariocattolica.jpg' data-size=\"814x570\"><img loading=\"lazy\" decoding=\"async\" width=\"814\" height=\"570\" src=\"https:\/\/www.h-universal.com\/wp-content\/uploads\/2020\/11\/acquariocattolica.jpg\" class=\"attachment-full size-full\" alt=\"\" \/><\/a>\n\t\t\t<\/div><\/figure><figure class='gallery-item'>\n\t\t\t<div class='gallery-icon landscape'>\n\t\t\t\t<a href='https:\/\/www.h-universal.com\/wp-content\/uploads\/2020\/11\/italiainminiatura2.jpg' data-size=\"814x570\"><img loading=\"lazy\" decoding=\"async\" width=\"814\" height=\"570\" src=\"https:\/\/www.h-universal.com\/wp-content\/uploads\/2020\/11\/italiainminiatura2.jpg\" class=\"attachment-full size-full\" alt=\"\" \/><\/a>\n\t\t\t<\/div><\/figure><figure class='gallery-item'>\n\t\t\t<div class='gallery-icon landscape'>\n\t\t\t\t<a href='https:\/\/www.h-universal.com\/wp-content\/uploads\/2020\/11\/aquafan2.jpg' data-size=\"814x570\"><img loading=\"lazy\" decoding=\"async\" width=\"814\" height=\"570\" src=\"https:\/\/www.h-universal.com\/wp-content\/uploads\/2020\/11\/aquafan2.jpg\" class=\"attachment-full size-full\" alt=\"\" \/><\/a>\n\t\t\t<\/div><\/figure><figure class='gallery-item'>\n\t\t\t<div class='gallery-icon landscape'>\n\t\t\t\t<a href='https:\/\/www.h-universal.com\/wp-content\/uploads\/2020\/11\/mirabilandia.jpg' data-size=\"814x570\"><img loading=\"lazy\" decoding=\"async\" width=\"814\" height=\"570\" src=\"https:\/\/www.h-universal.com\/wp-content\/uploads\/2020\/11\/mirabilandia.jpg\" class=\"attachment-full size-full\" alt=\"\" \/><\/a>\n\t\t\t<\/div><\/figure>\n\t\t<\/div>\n\n","protected":false},"excerpt":{"rendered":"<p>Pour les adultes comme pour les enfants ! La Riviera Adriatique est assur\u00e9ment la zone la plus riche en divertissements en tout genre. Sur quelques dizaines de kilom\u00e8tres seulement, on trouve la plus grande concentration de parcs d&rsquo;attractions d&rsquo;Europe. C\u2019est \u00ab\u00a0La Riviera des Parcs\u00a0\u00bb : un tourbillon d&rsquo;\u00e9motions uniques ! Des aquariums et delphinariums spectaculaires, des parcs aquatiques \u00e9blouissants, des parcs \u00e0 th\u00e8me exclusifs o\u00f9 petits et grands trouvent leur &#8230;<\/p>\n","protected":false},"author":1,"featured_media":0,"parent":0,"menu_order":8,"comment_status":"closed","ping_status":"closed","template":"","meta":{"_acf_changed":false},"class_list":["post-1588","page","type-page","status-publish","hentry"],"acf":[],"_links":{"self":[{"href":"https:\/\/www.h-universal.com\/fr\/wp-json\/wp\/v2\/pages\/1588","targetHints":{"allow":["GET"]}}],"collection":[{"href":"https:\/\/www.h-universal.com\/fr\/wp-json\/wp\/v2\/pages"}],"about":[{"href":"https:\/\/www.h-universal.com\/fr\/wp-json\/wp\/v2\/types\/page"}],"author":[{"embeddable":true,"href":"https:\/\/www.h-universal.com\/fr\/wp-json\/wp\/v2\/users\/1"}],"replies":[{"embeddable":true,"href":"https:\/\/www.h-universal.com\/fr\/wp-json\/wp\/v2\/comments?post=1588"}],"version-history":[{"count":0,"href":"https:\/\/www.h-universal.com\/fr\/wp-json\/wp\/v2\/pages\/1588\/revisions"}],"wp:attachment":[{"href":"https:\/\/www.h-universal.com\/fr\/wp-json\/wp\/v2\/media?parent=1588"}],"curies":[{"name":"wp","href":"https:\/\/api.w.org\/{rel}","templated":true}]}}