{"id":2193,"date":"2021-12-23T08:11:17","date_gmt":"2021-12-23T07:11:17","guid":{"rendered":"https:\/\/www.h-universal.com\/hotel-pet-friendly-a-bellaria\/"},"modified":"2023-10-24T09:07:12","modified_gmt":"2023-10-24T07:07:12","slug":"hotel-pet-friendly-a-bellaria","status":"publish","type":"page","link":"https:\/\/www.h-universal.com\/fr\/hotel-pet-friendly-a-bellaria\/","title":{"rendered":"Hotel Pet Friendly en bord de mer \u00e0 Bellaria"},"content":{"rendered":"<h2>Des vacances \u00e0 la mer en compagnie de votre animal domestique ?<br \/>\nIci, la gente animale est la bienvenue, \u00e0 l&rsquo;h\u00f4tel comme \u00e0 la plage !<\/h2>\n<p><strong>L&rsquo;Hotel Universal, en bord de mer \u00e0 Bellaria, est la solution id\u00e9ale pour vos vacances avec votre fid\u00e8le compagnon : ici, les animaux domestiques sont les bienvenus \u00e0 l&rsquo;h\u00f4tel, jusque sous le parasol.<br \/>\n<\/strong><\/p>\n<p>Nous poss\u00e9dons nous aussi des chiens et des chats, et savons combien il est agr\u00e9able de passer ses vacances en leur compagnie. C&rsquo;est pourquoi l&rsquo;Hotel Universal est une structure Pet Friendly et <strong>vous propose tous les services et avantages dont vous avez besoin, tant \u00e0 l&rsquo;h\u00f4tel qu\u2019\u00e0 la plage.<\/strong><\/p>\n<p><span style=\"font-weight: 400;\">Tenu en laisse, votre animal peut acc\u00e9der aux parties communes, \u00e0 l&rsquo;exception du restaurant et des aires de jeux pour enfants.<br \/>\nIl est \u00e9galement le bienvenu sur la plage o\u00f9 un espace est r\u00e9serv\u00e9 aux personnes voyageant avec leur animal.<\/span><\/p>\n<p><strong>Pour un s\u00e9jour \u00e0 l&rsquo;h\u00f4tel, un suppl\u00e9ment journalier<\/strong> est demand\u00e9, et comprend \u00e9galement un \u00ab\u00a0cadeau de bienvenue\u00a0\u00bb et une d\u00e9sinfectionle nettoyage final de la chambre avec des produits sp\u00e9cifiques.<\/p>\n<h3>\ud83d\udc3e Emmenez votre chien avec vous \u00e0 la plage ! \ud83d\udc3e<\/h3>\n<p><strong>\u00c0 la plage<\/strong>, notre \u00e9tablissement priv\u00e9 \u00ab\u00a0San Marco 11\u00a0\u00bb <strong>accepte les animaux de petite et moyenne taille <\/strong>(jusqu&rsquo;\u00e0 15 kg) <strong>moyennant un petit suppl\u00e9ment journalier, \u00e0 communiquer au moment de la r\u00e9servation.<\/strong><\/p>\n<p><strong>Voici tous les plus pour votre animal de compagnie et ses moments \u00e0 la plage :<\/strong><br \/>\n\u2713 parasol, transat et serviette de plage d\u00e9di\u00e9s \u00e0 votre animal ;<br \/>\n\u2713 un bol \u00e0 remplir d&rsquo;eau toujours fra\u00eeche ;<br \/>\n\u2713 seau, pelle et arrosoir pour garder l\u2019espace propre (\u00e0 rendre avant le d\u00e9part).<\/p>\n<h3>Cliquez <a href=\"https:\/\/www.h-universal.com\/fr\/questions-frequentes\/\"><strong>ICI<\/strong><\/a>, pour tout savoir sur tarifs et r\u00e8glement pour les personnes voyageant avec des animaux.<\/h3>\n<div id='gallery-1' class='gallery galleryid-2193 gallery-columns-3 gallery-size-medium'><figure class='gallery-item'>\n\t\t\t<div class='gallery-icon landscape'>\n\t\t\t\t<a href='https:\/\/www.h-universal.com\/fr\/hotel-pet-friendly-a-bellaria\/spiaggia-san-marco-bellaria-pet-friendly-2\/' data-size=\"1200x800\"><img loading=\"lazy\" decoding=\"async\" width=\"640\" height=\"420\" src=\"https:\/\/www.h-universal.com\/wp-content\/uploads\/2022\/06\/Spiaggia-San-Marco-Bellaria-Pet-Friendly-640x420.jpg\" class=\"attachment-medium size-medium\" alt=\"\" srcset=\"https:\/\/www.h-universal.com\/wp-content\/uploads\/2022\/06\/Spiaggia-San-Marco-Bellaria-Pet-Friendly-640x420.jpg 640w, https:\/\/www.h-universal.com\/wp-content\/uploads\/2022\/06\/Spiaggia-San-Marco-Bellaria-Pet-Friendly-1200x790.jpg 1200w\" sizes=\"auto, (max-width: 640px) 100vw, 640px\" \/><\/a>\n\t\t\t<\/div><\/figure><figure class='gallery-item'>\n\t\t\t<div class='gallery-icon landscape'>\n\t\t\t\t<a href='https:\/\/www.h-universal.com\/fr\/hotel-pet-friendly-a-bellaria\/vacanze-con-animali-al-mare-2\/' data-size=\"1200x800\"><img loading=\"lazy\" decoding=\"async\" width=\"640\" height=\"420\" src=\"https:\/\/www.h-universal.com\/wp-content\/uploads\/2021\/12\/Vacanze-con-Animali-al-mare-640x420.jpg\" class=\"attachment-medium size-medium\" alt=\"\" srcset=\"https:\/\/www.h-universal.com\/wp-content\/uploads\/2021\/12\/Vacanze-con-Animali-al-mare-640x420.jpg 640w, https:\/\/www.h-universal.com\/wp-content\/uploads\/2021\/12\/Vacanze-con-Animali-al-mare-1200x790.jpg 1200w\" sizes=\"auto, (max-width: 640px) 100vw, 640px\" \/><\/a>\n\t\t\t<\/div><\/figure><figure class='gallery-item'>\n\t\t\t<div class='gallery-icon landscape'>\n\t\t\t\t<a href='https:\/\/www.h-universal.com\/fr\/offerte\/mai-bellaria-igea-marina\/bagno-11-2\/' data-size=\"1000x800\"><img loading=\"lazy\" decoding=\"async\" width=\"640\" height=\"420\" src=\"https:\/\/www.h-universal.com\/wp-content\/uploads\/2021\/02\/Bagno-11-640x420.jpg\" class=\"attachment-medium size-medium\" alt=\"\" \/><\/a>\n\t\t\t<\/div><\/figure><figure class='gallery-item'>\n\t\t\t<div class='gallery-icon landscape'>\n\t\t\t\t<a href='https:\/\/www.h-universal.com\/fr\/hotel-pet-friendly-a-bellaria\/al-mare-con-fido-2\/' data-size=\"1200x800\"><img loading=\"lazy\" decoding=\"async\" width=\"640\" height=\"420\" src=\"https:\/\/www.h-universal.com\/wp-content\/uploads\/2021\/12\/Al-mare-con-fido-640x420.jpg\" class=\"attachment-medium size-medium\" alt=\"\" srcset=\"https:\/\/www.h-universal.com\/wp-content\/uploads\/2021\/12\/Al-mare-con-fido-640x420.jpg 640w, https:\/\/www.h-universal.com\/wp-content\/uploads\/2021\/12\/Al-mare-con-fido-1200x790.jpg 1200w\" sizes=\"auto, (max-width: 640px) 100vw, 640px\" \/><\/a>\n\t\t\t<\/div><\/figure><figure class='gallery-item'>\n\t\t\t<div class='gallery-icon landscape'>\n\t\t\t\t<a href='https:\/\/www.h-universal.com\/fr\/hotel-pet-friendly-a-bellaria\/in-vacanza-con-fido-2\/' data-size=\"1200x800\"><img loading=\"lazy\" decoding=\"async\" width=\"640\" height=\"420\" src=\"https:\/\/www.h-universal.com\/wp-content\/uploads\/2021\/12\/In-vacanza-con-fido-640x420.jpg\" class=\"attachment-medium size-medium\" alt=\"\" srcset=\"https:\/\/www.h-universal.com\/wp-content\/uploads\/2021\/12\/In-vacanza-con-fido-640x420.jpg 640w, https:\/\/www.h-universal.com\/wp-content\/uploads\/2021\/12\/In-vacanza-con-fido-1200x790.jpg 1200w\" sizes=\"auto, (max-width: 640px) 100vw, 640px\" \/><\/a>\n\t\t\t<\/div><\/figure>\n\t\t<\/div>\n\n","protected":false},"excerpt":{"rendered":"<p>Des vacances \u00e0 la mer en compagnie de votre animal domestique ? Ici, la gente animale est la bienvenue, \u00e0 l&rsquo;h\u00f4tel comme \u00e0 la plage ! L&rsquo;Hotel Universal, en bord de mer \u00e0 Bellaria, est la solution id\u00e9ale pour vos vacances avec votre fid\u00e8le compagnon : ici, les animaux domestiques sont les bienvenus \u00e0 l&rsquo;h\u00f4tel, jusque sous le parasol. Nous poss\u00e9dons nous aussi des chiens et des chats, et savons &#8230;<\/p>\n","protected":false},"author":1,"featured_media":0,"parent":0,"menu_order":2,"comment_status":"closed","ping_status":"closed","template":"","meta":{"_acf_changed":false},"class_list":["post-2193","page","type-page","status-publish","hentry"],"acf":[],"_links":{"self":[{"href":"https:\/\/www.h-universal.com\/fr\/wp-json\/wp\/v2\/pages\/2193","targetHints":{"allow":["GET"]}}],"collection":[{"href":"https:\/\/www.h-universal.com\/fr\/wp-json\/wp\/v2\/pages"}],"about":[{"href":"https:\/\/www.h-universal.com\/fr\/wp-json\/wp\/v2\/types\/page"}],"author":[{"embeddable":true,"href":"https:\/\/www.h-universal.com\/fr\/wp-json\/wp\/v2\/users\/1"}],"replies":[{"embeddable":true,"href":"https:\/\/www.h-universal.com\/fr\/wp-json\/wp\/v2\/comments?post=2193"}],"version-history":[{"count":0,"href":"https:\/\/www.h-universal.com\/fr\/wp-json\/wp\/v2\/pages\/2193\/revisions"}],"wp:attachment":[{"href":"https:\/\/www.h-universal.com\/fr\/wp-json\/wp\/v2\/media?parent=2193"}],"curies":[{"name":"wp","href":"https:\/\/api.w.org\/{rel}","templated":true}]}}