{"id":2204,"date":"2020-10-30T13:12:05","date_gmt":"2020-10-30T12:12:05","guid":{"rendered":"https:\/\/www.h-universal.com\/family\/"},"modified":"2023-01-18T12:21:26","modified_gmt":"2023-01-18T11:21:26","slug":"family","status":"publish","type":"page","link":"https:\/\/www.h-universal.com\/fr\/family\/","title":{"rendered":"H\u00f4tel \u00e0 Bellaria en bord de mer avec piscine et animation pour familles"},"content":{"rendered":"<h3>\u00c0 Bellaria, des vacances inoubliables pour familles avec enfants<\/h3>\n<p><span style=\"font-size: 14pt;\">\u00c0 l&rsquo;Hotel Universal, vous avez vraiment tout ce dont vous avez besoin pour passer des vacances paisibles avec vos enfants, directement sur la plage, sans route \u00e0 traverser !<br \/>\nNous sommes \u00e9galement une famille et connaissons bien les besoins de tous ceux \u00e0 la recherche d\u2019un h\u00f4tel familial qui puisse accueillir les enfants et offrir tous les services pour vivre des vacances sereines \u00e0 l\u2019enseigne du relax.<br \/>\nVoici comment nous nous sommes organis\u00e9s pour vous accueillir en famille.<\/span><\/p>\n<h2>Services family Chambre<\/h2>\n<p>Vous trouverez ici diff\u00e9rentes typologies de chambres. <strong>Choisissez celle qui correspond \u00e0 vos besoins.<\/strong><\/p>\n<p><span style=\"font-weight: 400;\">Si vous voyagez avec des b\u00e9b\u00e9s (0-2 ans), vous avez inclus notre \u00ab\u00a0<em>Forfait B\u00e9b\u00e9<\/em>\u00a0\u00bb dans l&rsquo;offre :<\/span><\/p>\n<ul>\n<li style=\"font-weight: 400;\" aria-level=\"1\">uun confortable <strong>berceau ou un lit enfant<\/strong> avec barri\u00e8re de s\u00e9curit\u00e9<\/li>\n<li style=\"font-weight: 400;\" aria-level=\"1\">une <strong>baignoire b\u00e9b\u00e9<\/strong> pour barboter tranquillement<\/li>\n<li style=\"font-weight: 400;\" aria-level=\"1\">une <strong>lumi\u00e8re de nuit<\/strong> de courtoisie<\/li>\n<li style=\"font-weight: 400;\" aria-level=\"1\">une <strong>table \u00e0 langer<\/strong> douce et color\u00e9e<\/li>\n<li style=\"font-weight: 400;\" aria-level=\"1\">un <strong>chauffe-biberon<\/strong><\/li>\n<li style=\"font-weight: 400;\" aria-level=\"1\">un <strong>pot<\/strong> color\u00e9<b><b><\/b><\/b><span style=\"font-size: 14pt;\"><strong>Voici ce que vous trouverez dans la chambre<\/strong><\/span><b><b><span style=\"font-size: 14pt;\">\ud83d\udc47<\/span><br \/>\n<\/b><\/b><div id='gallery-1' class='gallery galleryid-2204 gallery-columns-4 gallery-size-full'><figure class='gallery-item'>\n\t\t\t<div class='gallery-icon landscape'>\n\t\t\t\t<a href='https:\/\/www.h-universal.com\/wp-content\/uploads\/2022\/11\/Culla_Pacchetto_Infant_Hotel_Universal_Bellaria.jpg' data-size=\"480x480\"><img loading=\"lazy\" decoding=\"async\" width=\"480\" height=\"480\" src=\"https:\/\/www.h-universal.com\/wp-content\/uploads\/2022\/11\/Culla_Pacchetto_Infant_Hotel_Universal_Bellaria.jpg\" class=\"attachment-full size-full\" alt=\"\" srcset=\"https:\/\/www.h-universal.com\/wp-content\/uploads\/2022\/11\/Culla_Pacchetto_Infant_Hotel_Universal_Bellaria.jpg 480w, https:\/\/www.h-universal.com\/wp-content\/uploads\/2022\/11\/Culla_Pacchetto_Infant_Hotel_Universal_Bellaria-300x300.jpg 300w\" sizes=\"auto, (max-width: 480px) 100vw, 480px\" \/><\/a>\n\t\t\t<\/div><\/figure><figure class='gallery-item'>\n\t\t\t<div class='gallery-icon landscape'>\n\t\t\t\t<a href='https:\/\/www.h-universal.com\/wp-content\/uploads\/2022\/11\/Vasino_Pacchetto_Infant_Hotel_Universal_Bellaria.jpg' data-size=\"480x480\"><img loading=\"lazy\" decoding=\"async\" width=\"480\" height=\"480\" src=\"https:\/\/www.h-universal.com\/wp-content\/uploads\/2022\/11\/Vasino_Pacchetto_Infant_Hotel_Universal_Bellaria.jpg\" class=\"attachment-full size-full\" alt=\"\" srcset=\"https:\/\/www.h-universal.com\/wp-content\/uploads\/2022\/11\/Vasino_Pacchetto_Infant_Hotel_Universal_Bellaria.jpg 480w, https:\/\/www.h-universal.com\/wp-content\/uploads\/2022\/11\/Vasino_Pacchetto_Infant_Hotel_Universal_Bellaria-300x300.jpg 300w\" sizes=\"auto, (max-width: 480px) 100vw, 480px\" \/><\/a>\n\t\t\t<\/div><\/figure><figure class='gallery-item'>\n\t\t\t<div class='gallery-icon landscape'>\n\t\t\t\t<a href='https:\/\/www.h-universal.com\/wp-content\/uploads\/2023\/01\/Luce_Notturna_Hotel_Universal_Bellaria.jpg' data-size=\"480x480\"><img loading=\"lazy\" decoding=\"async\" width=\"480\" height=\"480\" src=\"https:\/\/www.h-universal.com\/wp-content\/uploads\/2023\/01\/Luce_Notturna_Hotel_Universal_Bellaria.jpg\" class=\"attachment-full size-full\" alt=\"\" srcset=\"https:\/\/www.h-universal.com\/wp-content\/uploads\/2023\/01\/Luce_Notturna_Hotel_Universal_Bellaria.jpg 480w, https:\/\/www.h-universal.com\/wp-content\/uploads\/2023\/01\/Luce_Notturna_Hotel_Universal_Bellaria-300x300.jpg 300w\" sizes=\"auto, (max-width: 480px) 100vw, 480px\" \/><\/a>\n\t\t\t<\/div><\/figure><figure class='gallery-item'>\n\t\t\t<div class='gallery-icon landscape'>\n\t\t\t\t<a href='https:\/\/www.h-universal.com\/wp-content\/uploads\/2022\/11\/Vaschetta_Pacchetto_Infant_Hotel_Universal_Bellaria.jpg' data-size=\"480x480\"><img loading=\"lazy\" decoding=\"async\" width=\"480\" height=\"480\" src=\"https:\/\/www.h-universal.com\/wp-content\/uploads\/2022\/11\/Vaschetta_Pacchetto_Infant_Hotel_Universal_Bellaria.jpg\" class=\"attachment-full size-full\" alt=\"\" srcset=\"https:\/\/www.h-universal.com\/wp-content\/uploads\/2022\/11\/Vaschetta_Pacchetto_Infant_Hotel_Universal_Bellaria.jpg 480w, https:\/\/www.h-universal.com\/wp-content\/uploads\/2022\/11\/Vaschetta_Pacchetto_Infant_Hotel_Universal_Bellaria-300x300.jpg 300w\" sizes=\"auto, (max-width: 480px) 100vw, 480px\" \/><\/a>\n\t\t\t<\/div><\/figure><figure class='gallery-item'>\n\t\t\t<div class='gallery-icon landscape'>\n\t\t\t\t<a href='https:\/\/www.h-universal.com\/wp-content\/uploads\/2022\/11\/Scaldabiberon_Pacchetto_Infant_Hotel_Universal_Bellaria.jpg' data-size=\"480x480\"><img loading=\"lazy\" decoding=\"async\" width=\"480\" height=\"480\" src=\"https:\/\/www.h-universal.com\/wp-content\/uploads\/2022\/11\/Scaldabiberon_Pacchetto_Infant_Hotel_Universal_Bellaria.jpg\" class=\"attachment-full size-full\" alt=\"\" srcset=\"https:\/\/www.h-universal.com\/wp-content\/uploads\/2022\/11\/Scaldabiberon_Pacchetto_Infant_Hotel_Universal_Bellaria.jpg 480w, https:\/\/www.h-universal.com\/wp-content\/uploads\/2022\/11\/Scaldabiberon_Pacchetto_Infant_Hotel_Universal_Bellaria-300x300.jpg 300w\" sizes=\"auto, (max-width: 480px) 100vw, 480px\" \/><\/a>\n\t\t\t<\/div><\/figure>\n\t\t<\/div>\n<\/li>\n<\/ul>\n<h2>Services family Restaurant<\/h2>\n<p><em>Quand c&rsquo;est l&rsquo;heure du repas&#8230; nous sommes l\u00e0 !<\/em><br \/>\nLe restaurant offre \u00e9galement de nombreux services pour des repas en toute s\u00e9r\u00e9nit\u00e9.<br \/>\nPour permettre \u00e0 votre b\u00e9b\u00e9 de prendre ses repas dans le calme, vous pouvez anticiper l&rsquo;entr\u00e9e au restaurant de 30 minutes, tant pour le d\u00e9jeuner que pour le d\u00eener.<\/p>\n<p>Le chef et son \u00e9quipe pr\u00e9parent chaque jour des soupes et bouillons de l\u00e9gumes, et sont disponibles pour vous concocter des bouillies et des repas b\u00e9b\u00e9s ad hoc.<br \/>\nLes enfants plus \u00e2g\u00e9s trouveront un menu qui leur est d\u00e9di\u00e9 au restaurant.<br \/>\nEn outre, \u00e0 votre disposition au restaurant :<\/p>\n<ul>\n<li>chaises hautes<\/li>\n<li>rehausseurs de chaises<\/li>\n<li>sets de table en plastique<\/li>\n<li>bavoirs<\/li>\n<li>sets de table pour b\u00e9b\u00e9 (assiettes, verres et couverts incassables)<\/li>\n<\/ul>\n<h2>Services family Plage<\/h2>\n<p><em>Et quand c\u2019est l\u2019heure de s&rsquo;amuser&#8230; en quelques pas, vous \u00eates les pieds dans le sable !<\/em><br \/>\nPour rendre vraiment sp\u00e9ciales les journ\u00e9es de vos enfants, l&rsquo;\u00e9quipe d&rsquo;animation vous attend \u00e0 la plage, d\u00e8s le matin, avec un riche programme de divertissements :<\/p>\n<ul>\n<li>tournois, chasses au tr\u00e9sor, jeux d&rsquo;\u00e9quipe, maquillage, ateliers cr\u00e9atifs, chansons et rires seront la cerise sur le g\u00e2teau de vacances parfaites !<\/li>\n<li>\u00c9galement disponibles des activit\u00e9s pour adultes, comme tonification musculaire et aquagym.<\/li>\n<\/ul>\n<p>Horaires de l&rsquo;animation : de 9 h \u00e0 12 h et de 16 h \u00e0 18 h 30<strong> tous les jours, sauf le samedi.<\/strong><\/p>\n<p>Pendant que les enfants s&rsquo;amusent tous ensemble, profitez-en pour vous d\u00e9tendre : un ap\u00e9ritif rafra\u00eechissant vous attend au <a href=\"https:\/\/www.h-universal.com\/fr\/bar\/\"><strong>bar<\/strong><\/a>, \u00e0 savourer au bord de la piscine, faites-vous dorloter dans le bain \u00e0 remous ou, pour une relaxation totale, r\u00e9servez un <a href=\"https:\/\/www.h-universal.com\/fr\/massages-et-soins\/\"><strong>massage ou un soin bien-\u00eatre.<\/strong><\/a><\/p>\n<div id='gallery-2' class='gallery galleryid-2204 gallery-columns-3 gallery-size-full'><figure class='gallery-item'>\n\t\t\t<div class='gallery-icon landscape'>\n\t\t\t\t<a href='https:\/\/www.h-universal.com\/wp-content\/uploads\/2020\/12\/Bagno-11-san-marco-bellaria-animazione-bambini.jpg' data-size=\"1000x700\"><img loading=\"lazy\" decoding=\"async\" width=\"1000\" height=\"700\" src=\"https:\/\/www.h-universal.com\/wp-content\/uploads\/2020\/12\/Bagno-11-san-marco-bellaria-animazione-bambini.jpg\" class=\"attachment-full size-full\" alt=\"\" \/><\/a>\n\t\t\t<\/div><\/figure><figure class='gallery-item'>\n\t\t\t<div class='gallery-icon landscape'>\n\t\t\t\t<a href='https:\/\/www.h-universal.com\/wp-content\/uploads\/2020\/12\/Gallery-Spiaggia-08-Hotel-Universal-Bellaria.jpg' data-size=\"1000x700\"><img loading=\"lazy\" decoding=\"async\" width=\"1000\" height=\"700\" src=\"https:\/\/www.h-universal.com\/wp-content\/uploads\/2020\/12\/Gallery-Spiaggia-08-Hotel-Universal-Bellaria.jpg\" class=\"attachment-full size-full\" alt=\"\" \/><\/a>\n\t\t\t<\/div><\/figure><figure class='gallery-item'>\n\t\t\t<div class='gallery-icon landscape'>\n\t\t\t\t<a href='https:\/\/www.h-universal.com\/wp-content\/uploads\/2020\/12\/Gallery-Spiaggia-05-Hotel-Universal-Bellaria.jpg' data-size=\"1000x700\"><img loading=\"lazy\" decoding=\"async\" width=\"1000\" height=\"700\" src=\"https:\/\/www.h-universal.com\/wp-content\/uploads\/2020\/12\/Gallery-Spiaggia-05-Hotel-Universal-Bellaria.jpg\" class=\"attachment-full size-full\" alt=\"\" \/><\/a>\n\t\t\t<\/div><\/figure><figure class='gallery-item'>\n\t\t\t<div class='gallery-icon landscape'>\n\t\t\t\t<a href='https:\/\/www.h-universal.com\/wp-content\/uploads\/2020\/12\/animazione-bagno11-san-marco-bellaria.jpg' data-size=\"1000x700\"><img loading=\"lazy\" decoding=\"async\" width=\"1000\" height=\"700\" src=\"https:\/\/www.h-universal.com\/wp-content\/uploads\/2020\/12\/animazione-bagno11-san-marco-bellaria.jpg\" class=\"attachment-full size-full\" alt=\"\" \/><\/a>\n\t\t\t<\/div><\/figure><figure class='gallery-item'>\n\t\t\t<div class='gallery-icon landscape'>\n\t\t\t\t<a href='https:\/\/www.h-universal.com\/wp-content\/uploads\/2020\/12\/Gallery-Spiaggia-06-Hotel-Universal-Bellaria.jpg' data-size=\"1000x700\"><img loading=\"lazy\" decoding=\"async\" width=\"1000\" height=\"700\" src=\"https:\/\/www.h-universal.com\/wp-content\/uploads\/2020\/12\/Gallery-Spiaggia-06-Hotel-Universal-Bellaria.jpg\" class=\"attachment-full size-full\" alt=\"\" \/><\/a>\n\t\t\t<\/div><\/figure><figure class='gallery-item'>\n\t\t\t<div class='gallery-icon landscape'>\n\t\t\t\t<a href='https:\/\/www.h-universal.com\/wp-content\/uploads\/2020\/12\/Gallery-Spiaggia-09-Hotel-Universal-Bellaria.jpg' data-size=\"1000x700\"><img loading=\"lazy\" decoding=\"async\" width=\"1000\" height=\"700\" src=\"https:\/\/www.h-universal.com\/wp-content\/uploads\/2020\/12\/Gallery-Spiaggia-09-Hotel-Universal-Bellaria.jpg\" class=\"attachment-full size-full\" alt=\"\" \/><\/a>\n\t\t\t<\/div><\/figure><figure class='gallery-item'>\n\t\t\t<div class='gallery-icon landscape'>\n\t\t\t\t<a href='https:\/\/www.h-universal.com\/wp-content\/uploads\/2020\/12\/Gallery-Spiaggia-07-Hotel-Universal-Bellaria.jpg' data-size=\"1000x700\"><img loading=\"lazy\" decoding=\"async\" width=\"1000\" height=\"700\" src=\"https:\/\/www.h-universal.com\/wp-content\/uploads\/2020\/12\/Gallery-Spiaggia-07-Hotel-Universal-Bellaria.jpg\" class=\"attachment-full size-full\" alt=\"\" \/><\/a>\n\t\t\t<\/div><\/figure><figure class='gallery-item'>\n\t\t\t<div class='gallery-icon landscape'>\n\t\t\t\t<a href='https:\/\/www.h-universal.com\/wp-content\/uploads\/2020\/12\/Bagno-11-san-marco-bellaria-animazione-bimbi.jpg' data-size=\"1000x700\"><img loading=\"lazy\" decoding=\"async\" width=\"1000\" height=\"700\" src=\"https:\/\/www.h-universal.com\/wp-content\/uploads\/2020\/12\/Bagno-11-san-marco-bellaria-animazione-bimbi.jpg\" class=\"attachment-full size-full\" alt=\"\" \/><\/a>\n\t\t\t<\/div><\/figure><figure class='gallery-item'>\n\t\t\t<div class='gallery-icon landscape'>\n\t\t\t\t<a href='https:\/\/www.h-universal.com\/wp-content\/uploads\/2020\/11\/Gallery-Spiaggia-04-Hotel-Universal-Bellaria.jpg' data-size=\"1000x700\"><img loading=\"lazy\" decoding=\"async\" width=\"1000\" height=\"700\" src=\"https:\/\/www.h-universal.com\/wp-content\/uploads\/2020\/11\/Gallery-Spiaggia-04-Hotel-Universal-Bellaria.jpg\" class=\"attachment-full size-full\" alt=\"\" \/><\/a>\n\t\t\t<\/div><\/figure>\n\t\t<\/div>\n\n","protected":false},"excerpt":{"rendered":"<p>\u00c0 Bellaria, des vacances inoubliables pour familles avec enfants \u00c0 l&rsquo;Hotel Universal, vous avez vraiment tout ce dont vous avez besoin pour passer des vacances paisibles avec vos enfants, directement sur la plage, sans route \u00e0 traverser ! Nous sommes \u00e9galement une famille et connaissons bien les besoins de tous ceux \u00e0 la recherche d\u2019un h\u00f4tel familial qui puisse accueillir les enfants et offrir tous les services pour vivre des &#8230;<\/p>\n","protected":false},"author":1,"featured_media":0,"parent":0,"menu_order":13,"comment_status":"closed","ping_status":"closed","template":"","meta":{"_acf_changed":false},"class_list":["post-2204","page","type-page","status-publish","hentry"],"acf":[],"_links":{"self":[{"href":"https:\/\/www.h-universal.com\/fr\/wp-json\/wp\/v2\/pages\/2204","targetHints":{"allow":["GET"]}}],"collection":[{"href":"https:\/\/www.h-universal.com\/fr\/wp-json\/wp\/v2\/pages"}],"about":[{"href":"https:\/\/www.h-universal.com\/fr\/wp-json\/wp\/v2\/types\/page"}],"author":[{"embeddable":true,"href":"https:\/\/www.h-universal.com\/fr\/wp-json\/wp\/v2\/users\/1"}],"replies":[{"embeddable":true,"href":"https:\/\/www.h-universal.com\/fr\/wp-json\/wp\/v2\/comments?post=2204"}],"version-history":[{"count":0,"href":"https:\/\/www.h-universal.com\/fr\/wp-json\/wp\/v2\/pages\/2204\/revisions"}],"wp:attachment":[{"href":"https:\/\/www.h-universal.com\/fr\/wp-json\/wp\/v2\/media?parent=2204"}],"curies":[{"name":"wp","href":"https:\/\/api.w.org\/{rel}","templated":true}]}}