{"id":2320,"date":"2023-10-24T10:03:42","date_gmt":"2023-10-24T08:03:42","guid":{"rendered":"https:\/\/www.h-universal.com\/condizioni-generali-di-prenotazione\/"},"modified":"2025-02-07T09:37:11","modified_gmt":"2025-02-07T08:37:11","slug":"conditions-de-reservation","status":"publish","type":"page","link":"https:\/\/www.h-universal.com\/fr\/conditions-de-reservation\/","title":{"rendered":"Conditions g\u00e9n\u00e9rales de r\u00e9servation"},"content":{"rendered":"<p><strong>Conditions de R\u00e9servation<br \/>\n<\/strong>La r\u00e9servation est d\u00e9finitivement confirm\u00e9e par le versement de l&rsquo;acompte \u00e9gal \u00e0 30% du montant total \u00e0 envoyer dans les 7 jours suivant la confirmation.<br \/>\nLe solde sera vers\u00e9 directement \u00e0 l&rsquo;h\u00f4tel en fin de s\u00e9jour.<br \/>\nLes conditions g\u00e9n\u00e9rales de r\u00e9servation et notamment les conditions d&rsquo;annulation sont consid\u00e9r\u00e9es comme comprises et juridiquement accept\u00e9es dans leur int\u00e9gralit\u00e9.<\/p>\n<p><strong>D\u00e9p\u00f4t<br \/>\n<\/strong>L&rsquo;acompte n&rsquo;est remboursable pour aucun motif en cas d&rsquo;annulation de la r\u00e9servation par le client (\u00e0 l&rsquo;exception des cas indiqu\u00e9s dans les conditions).Nous recommandons de souscrire une assurance annulation.<\/p>\n<p><strong>Arriv\u00e9\u00e8 Tardive ou D\u00e9part Anticip\u00e9<\/strong><br \/>\nLe client est tenu de payer l&rsquo;int\u00e9gralit\u00e9 du montant des frais m\u00eame en cas d&rsquo;arriv\u00e9e tardive ou de d\u00e9part anticip\u00e9.<\/p>\n<p><b>Conditions de modification du s\u00e9jour<br \/>\n<\/b><span style=\"font-weight: 400;\">Le client est tenu de r\u00e9gler l\u2019int\u00e9gralit\u00e9 de Le total m\u00eame en cas d\u2019arriv\u00e9e retard\u00e9e ou de d\u00e9part anticip\u00e9.<\/span><\/p>\n<p><span style=\"font-weight: 400;\">S\u2019il est n\u00e9cessaire de <\/span><b>modifier les dates<\/b><span style=\"font-weight: 400;\"> du s\u00e9jour r\u00e9serv\u00e9 avec de nouvelles dates dans la saison en cours (ou dans la saison suivante)<\/span><b>, avec un pr\u00e9avis de 21 jours <\/b><span style=\"font-weight: 400;\">et compatible avec la disponibilit\u00e9 de la structure, l\u2019acompte sera enti\u00e8rement r\u00e9cup\u00e9r\u00e9 lors du s\u00e9jour suivant tant que le co\u00fbt du nouveau s\u00e9jour est \u00e9gal ou sup\u00e9rieur au s\u00e9jour pr\u00e9c\u00e9demment r\u00e9serv\u00e9.<\/span><\/p>\n<p><span style=\"font-weight: 400;\">La modification des dates du s\u00e9jour n\u2019est possible qu\u2019en respectant les termes des conditions d\u2019annulation ci-dessous.<br \/>\n<\/span><span style=\"font-weight: 400;\">En cas d&rsquo;annulation m\u00eame du 2\u00e8me s\u00e9jour, quel que soit le moment de l&rsquo;annulation, l&rsquo;acompte vers\u00e9 sera automatiquement retenu \u00e0 titre de p\u00e9nalit\u00e9 de 100% sans possibilit\u00e9 de re-r\u00e9servation.<\/span><\/p>\n<p><b>Conditions d&rsquo;annulation du s\u00e9jour<\/b><\/p>\n<ul>\n<li><span style=\"font-weight: 400;\"> Pour les annulations sup\u00e9rieures \u00e0 21 jours de l&rsquo;arriv\u00e9e, 50% du montant de l&rsquo;acompte vers\u00e9 sera retenu.<\/span><\/li>\n<li><span style=\"font-weight: 400;\"> Pour les annulations de 21 \u00e0 10 jours avant l&rsquo;arriv\u00e9e, 75% du montant de l&rsquo;acompte vers\u00e9 sera retenu.<\/span><\/li>\n<li><span style=\"font-weight: 400;\"> Pour les annulations \u00e0 moins de 10 jours de la date d&rsquo;arriv\u00e9e, le montant vers\u00e9 \u00e0 titre d&rsquo;acompte sera int\u00e9gralement retenu.<\/span><\/li>\n<\/ul>\n","protected":false},"excerpt":{"rendered":"<p>Conditions de R\u00e9servation La r\u00e9servation est d\u00e9finitivement confirm\u00e9e par le versement de l&rsquo;acompte \u00e9gal \u00e0 30% du montant total \u00e0 envoyer dans les 7 jours suivant la confirmation. Le solde sera vers\u00e9 directement \u00e0 l&rsquo;h\u00f4tel en fin de s\u00e9jour. Les conditions g\u00e9n\u00e9rales de r\u00e9servation et notamment les conditions d&rsquo;annulation sont consid\u00e9r\u00e9es comme comprises et juridiquement accept\u00e9es dans leur int\u00e9gralit\u00e9. D\u00e9p\u00f4t L&rsquo;acompte n&rsquo;est remboursable pour aucun motif en cas d&rsquo;annulation de &#8230;<\/p>\n","protected":false},"author":1,"featured_media":0,"parent":0,"menu_order":0,"comment_status":"closed","ping_status":"closed","template":"","meta":{"_acf_changed":false},"class_list":["post-2320","page","type-page","status-publish","hentry"],"acf":[],"_links":{"self":[{"href":"https:\/\/www.h-universal.com\/fr\/wp-json\/wp\/v2\/pages\/2320","targetHints":{"allow":["GET"]}}],"collection":[{"href":"https:\/\/www.h-universal.com\/fr\/wp-json\/wp\/v2\/pages"}],"about":[{"href":"https:\/\/www.h-universal.com\/fr\/wp-json\/wp\/v2\/types\/page"}],"author":[{"embeddable":true,"href":"https:\/\/www.h-universal.com\/fr\/wp-json\/wp\/v2\/users\/1"}],"replies":[{"embeddable":true,"href":"https:\/\/www.h-universal.com\/fr\/wp-json\/wp\/v2\/comments?post=2320"}],"version-history":[{"count":0,"href":"https:\/\/www.h-universal.com\/fr\/wp-json\/wp\/v2\/pages\/2320\/revisions"}],"wp:attachment":[{"href":"https:\/\/www.h-universal.com\/fr\/wp-json\/wp\/v2\/media?parent=2320"}],"curies":[{"name":"wp","href":"https:\/\/api.w.org\/{rel}","templated":true}]}}