{"id":699,"date":"2020-10-30T16:03:08","date_gmt":"2020-10-30T15:03:08","guid":{"rendered":"https:\/\/www.h-universal.com\/dati-societari\/"},"modified":"2025-04-24T16:13:29","modified_gmt":"2025-04-24T14:13:29","slug":"donnees-sur-la-societe","status":"publish","type":"page","link":"https:\/\/www.h-universal.com\/fr\/donnees-sur-la-societe\/","title":{"rendered":"Donn\u00e9es sur la soci\u00e9t\u00e9"},"content":{"rendered":"<h2>Donn\u00e9es sur la soci\u00e9t\u00e9 Hotel Universal<\/h2>\n<p>D\u00e9nomination et raison sociale : <strong>Universal di Gradara Daniela &amp; C. S.N.C.<\/strong><br \/>\nSi\u00e8ge l\u00e9gal : <strong>Via Asiago, 16 &#8211; 47814 Bellaria Igea Marina<\/strong><br \/>\nPEC : <strong>danielagradara@arubapec.it\u00a0<\/strong><br \/>\nT\u00e9l\u00e9phone et t\u00e9l\u00e9copieur : <strong>+39 0541 346172\u00a0 \/ +39 0541 1788170<\/strong><br \/>\nNum\u00e9ro R\u00e9pertoire \u00e9conomique administratif (Rea) : <strong>RN-209329<\/strong><br \/>\nCode d\u2019identification fiscale et n\u00b0 TVA : <strong>01 690 750 409<\/strong><br \/>\nForme juridique : <strong>SNC<\/strong><br \/>\nDate acte de constitution : <strong>01\/04\/1985<\/strong><br \/>\nDate dernier protocole : <strong>16\/10\/2019<\/strong><br \/>\nCommandit\u00e9 : <strong>Daniela Gradara<\/strong><\/p>\n","protected":false},"excerpt":{"rendered":"<p>Donn\u00e9es sur la soci\u00e9t\u00e9 Hotel Universal D\u00e9nomination et raison sociale : Universal di Gradara Daniela &amp; C. S.N.C. Si\u00e8ge l\u00e9gal : Via Asiago, 16 &#8211; 47814 Bellaria Igea Marina PEC : danielagradara@arubapec.it\u00a0 T\u00e9l\u00e9phone et t\u00e9l\u00e9copieur : +39 0541 346172\u00a0 \/ +39 0541 1788170 Num\u00e9ro R\u00e9pertoire \u00e9conomique administratif (Rea) : RN-209329 Code d\u2019identification fiscale et n\u00b0 TVA : 01 690 750 409 Forme juridique : SNC Date acte de constitution : &#8230;<\/p>\n","protected":false},"author":1,"featured_media":0,"parent":0,"menu_order":12,"comment_status":"closed","ping_status":"closed","template":"","meta":{"_acf_changed":false},"class_list":["post-699","page","type-page","status-publish","hentry"],"acf":[],"_links":{"self":[{"href":"https:\/\/www.h-universal.com\/fr\/wp-json\/wp\/v2\/pages\/699","targetHints":{"allow":["GET"]}}],"collection":[{"href":"https:\/\/www.h-universal.com\/fr\/wp-json\/wp\/v2\/pages"}],"about":[{"href":"https:\/\/www.h-universal.com\/fr\/wp-json\/wp\/v2\/types\/page"}],"author":[{"embeddable":true,"href":"https:\/\/www.h-universal.com\/fr\/wp-json\/wp\/v2\/users\/1"}],"replies":[{"embeddable":true,"href":"https:\/\/www.h-universal.com\/fr\/wp-json\/wp\/v2\/comments?post=699"}],"version-history":[{"count":0,"href":"https:\/\/www.h-universal.com\/fr\/wp-json\/wp\/v2\/pages\/699\/revisions"}],"wp:attachment":[{"href":"https:\/\/www.h-universal.com\/fr\/wp-json\/wp\/v2\/media?parent=699"}],"curies":[{"name":"wp","href":"https:\/\/api.w.org\/{rel}","templated":true}]}}