{"id":718,"date":"2016-12-23T11:10:32","date_gmt":"2016-12-23T10:10:32","guid":{"rendered":"https:\/\/www.h-universal.com\/le-nostre-offerte\/"},"modified":"2021-01-26T13:30:01","modified_gmt":"2021-01-26T12:30:01","slug":"offres","status":"publish","type":"page","link":"https:\/\/www.h-universal.com\/fr\/offres\/","title":{"rendered":"La s\u00e9r\u00e9nit\u00e9 n&rsquo;a pas de prix"},"content":{"rendered":"<h2>Nous voulons donner la juste valeur \u00e0 vos vacances<\/h2>\n<p>C&rsquo;est pourquoi nous proposons une s\u00e9rie de forfaits sp\u00e9ciaux d\u00e9di\u00e9s \u00e0 votre d\u00e9tente. Vous trouverez ci-dessous nos offres pour un s\u00e9jour inoubliable \u00e0 Bellaria.<\/p>\n<p><strong>Choisissez l&rsquo;offre qui vous convient !<\/strong><\/p>\n","protected":false},"excerpt":{"rendered":"<p>Nous voulons donner la juste valeur \u00e0 vos vacances C&rsquo;est pourquoi nous proposons une s\u00e9rie de forfaits sp\u00e9ciaux d\u00e9di\u00e9s \u00e0 votre d\u00e9tente. Vous trouverez ci-dessous nos offres pour un s\u00e9jour inoubliable \u00e0 Bellaria. Choisissez l&rsquo;offre qui vous convient !<\/p>\n","protected":false},"author":1,"featured_media":0,"parent":0,"menu_order":7,"comment_status":"closed","ping_status":"closed","template":"template\/template.offerte.php","meta":{"_acf_changed":false},"class_list":["post-718","page","type-page","status-publish","hentry"],"acf":[],"_links":{"self":[{"href":"https:\/\/www.h-universal.com\/fr\/wp-json\/wp\/v2\/pages\/718","targetHints":{"allow":["GET"]}}],"collection":[{"href":"https:\/\/www.h-universal.com\/fr\/wp-json\/wp\/v2\/pages"}],"about":[{"href":"https:\/\/www.h-universal.com\/fr\/wp-json\/wp\/v2\/types\/page"}],"author":[{"embeddable":true,"href":"https:\/\/www.h-universal.com\/fr\/wp-json\/wp\/v2\/users\/1"}],"replies":[{"embeddable":true,"href":"https:\/\/www.h-universal.com\/fr\/wp-json\/wp\/v2\/comments?post=718"}],"version-history":[{"count":0,"href":"https:\/\/www.h-universal.com\/fr\/wp-json\/wp\/v2\/pages\/718\/revisions"}],"wp:attachment":[{"href":"https:\/\/www.h-universal.com\/fr\/wp-json\/wp\/v2\/media?parent=718"}],"curies":[{"name":"wp","href":"https:\/\/api.w.org\/{rel}","templated":true}]}}